{"id":263,"date":"2023-09-21T17:19:35","date_gmt":"2023-09-21T16:19:35","guid":{"rendered":"https:\/\/ramaom.pro\/?page_id=263"},"modified":"2024-07-27T00:27:05","modified_gmt":"2024-07-26T23:27:05","slug":"realisation-de-spot-publicitaire","status":"publish","type":"page","link":"https:\/\/ramaom.pro\/index.php\/mes-services\/realisation-de-spot-publicitaire\/","title":{"rendered":"R\u00e9alisation de spot publicitaire"},"content":{"rendered":"\n<h2 class=\"wp-block-heading\">Spot publicitaire : de l&rsquo;id\u00e9e \u00e0 la radio et \u00e0 l&rsquo;\u00e9cran<\/h2>\n\n\n\n<p>Cr\u00e9er un spot publicitaire, pour moi, c&rsquo;est un processus exaltant o\u00f9 je cherche \u00e0 aller au-del\u00e0 de la simple cr\u00e9ation. Je m&rsquo;efforce d&rsquo;allier une vision audacieuse \u00e0 une r\u00e9flexion strat\u00e9gique pour <strong>concevoir un message qui non seulement retient l&rsquo;attention, mais qui reste grav\u00e9 dans les esprits.<\/strong><\/p>\n\n\n\n<figure class=\"wp-block-image size-large\"><img loading=\"lazy\" decoding=\"async\" width=\"1024\" height=\"538\" src=\"https:\/\/ramaom.pro\/wp-content\/uploads\/2024\/07\/Realisation-de-Spot-PUBLICITAIRE-1024x538.webp\" alt=\"\" class=\"wp-image-831\" srcset=\"https:\/\/ramaom.pro\/wp-content\/uploads\/2024\/07\/Realisation-de-Spot-PUBLICITAIRE-1024x538.webp 1024w, https:\/\/ramaom.pro\/wp-content\/uploads\/2024\/07\/Realisation-de-Spot-PUBLICITAIRE-300x158.webp 300w, https:\/\/ramaom.pro\/wp-content\/uploads\/2024\/07\/Realisation-de-Spot-PUBLICITAIRE-768x403.webp 768w, https:\/\/ramaom.pro\/wp-content\/uploads\/2024\/07\/Realisation-de-Spot-PUBLICITAIRE.webp 1200w\" sizes=\"auto, (max-width: 1024px) 100vw, 1024px\" \/><\/figure>\n\n\n\n<h3 class=\"wp-block-heading\"><strong>La phase d\u2019analyse et de compr\u00e9hension<\/strong><\/h3>\n\n\n\n<p>En d\u00e9but de collaboration, je m&rsquo;attache \u00e0 comprendre votre secteur d\u2019activit\u00e9 dans les moindres d\u00e9tails, votre offre (produit ou service), votre march\u00e9, votre audience, vos objectifs commerciaux et de communication\u2026 Cette phase d&rsquo;immersion me permet de cerner les sp\u00e9cificit\u00e9s de votre projet et de d\u00e9finir la strat\u00e9gie publicitaire adapt\u00e9e \u00e0 votre cible.<\/p>\n\n\n\n<p><\/p>\n\n\n\n<h3 class=\"wp-block-heading\"><strong>L\u2019\u00e9criture et la conception du script<\/strong><\/h3>\n\n\n\n<p>Gr\u00e2ce \u00e0 cette analyse approfondie, je suis en mesure de concevoir un script <strong>sur-mesure. <\/strong>Mon but ? <strong>Que votre message soit non seulement entendu, mais aussi transmis, ressenti et m\u00e9moris\u00e9.<\/strong><\/p>\n\n\n\n<p><\/p>\n\n\n\n<h3 class=\"wp-block-heading\"><strong>Le choix strat\u00e9gique des voix-Off<\/strong><\/h3>\n\n\n\n<p>Chaque mot de mon script est choisi pour \u00eatre dit par des voix-off professionnelles.&nbsp;<\/p>\n\n\n\n<p>Ces talents, s\u00e9lectionn\u00e9s avec soin, sauront <strong>donner vie \u00e0 chaque \u00e9motion et intention<\/strong> gr\u00e2ce \u00e0 une intonation, une cadence et un rythme parfaitement adapt\u00e9s.<\/p>\n\n\n\n<p><\/p>\n\n\n\n<h3 class=\"wp-block-heading\"><strong>La cr\u00e9ation d\u2019une ambiance sonore immersive<\/strong><\/h3>\n\n\n\n<p>Je crois fermement que<strong> le son est un outil de communication \u00e0 part enti\u00e8re<\/strong>. Je m\u2019applique donc \u00e0 s\u00e9lectionner avec soin des effets sonores et des musiques d&rsquo;ambiance appropri\u00e9s. Mon objectif est de <strong>vous proposer une cr\u00e9ation audio qui laisse une marque m\u00e9morable et renforce l&rsquo;identit\u00e9 de votre marque<\/strong>.<\/p>\n\n\n\n<p><\/p>\n\n\n\n<h3 class=\"wp-block-heading\"><strong>La post-production<\/strong><\/h3>\n\n\n\n<p>La qualit\u00e9 est ma priorit\u00e9 \u00e0 chaque \u00e9tape. L\u2019\u00e9dition audio en post-production est cruciale pour \u00e9liminer toute imperfection, et garantir un message clair et sans distraction.<\/p>\n\n\n\n<p><\/p>\n\n\n\n<h3 class=\"wp-block-heading\"><strong>La diffusion strat\u00e9gique<\/strong><\/h3>\n\n\n\n<p><strong>Cr\u00e9er, c&rsquo;est bien, diffuser, c&rsquo;est mieux.<\/strong> Je m\u2019engage \u00e0 r\u00e9aliser un spot de haute qualit\u00e9 et \u00e0 vous guider dans le choix des canaux de diffusion les plus efficaces. Que ce soit sur les ondes radio, les plateformes num\u00e9riques ou les cha\u00eenes de t\u00e9l\u00e9vision, <strong>nous s\u00e9lectionnerons ensemble les canaux les plus pertinents pour toucher directement votre audience cible.<\/strong><\/p>\n\n\n\n<p>J\u2019ai h\u00e2te de mettre ma passion et mon expertise \u00e0 votre service pour donner vie \u00e0 votre vision. N\u2019h\u00e9sitez donc pas \u00e0<a href=\"https:\/\/ramaom.pro\/index.php\/me-contacter\/\"> me contacter<\/a>.<\/p>\n\n\n\n<p><\/p>\n\n\n<style id=\"wpforms-css-vars-238-block-6a69d5ea-c8fc-4abf-b6c4-5403ec7e1fe6\">\n\t\t\t\t#wpforms-238.wpforms-block-6a69d5ea-c8fc-4abf-b6c4-5403ec7e1fe6 {\n\t\t\t\t--wpforms-field-border-color: #cc0000;\n--wpforms-field-border-color-spare: #cc0000;\n\t\t\t}\n\t\t\t<\/style><div class=\"wpforms-container wpforms-container-full wpforms-block wpforms-block-6a69d5ea-c8fc-4abf-b6c4-5403ec7e1fe6 wpforms-render-modern\" id=\"wpforms-238\"><form id=\"wpforms-form-238\" class=\"wpforms-validate wpforms-form wpforms-ajax-form\" data-formid=\"238\" method=\"post\" enctype=\"multipart\/form-data\" action=\"\/index.php\/wp-json\/wp\/v2\/pages\/263\" data-token=\"a84e687cba6456b7ed78f46bb282cb99\" data-token-time=\"1776935671\"><noscript class=\"wpforms-error-noscript\">Veuillez activer JavaScript dans votre navigateur pour remplir ce formulaire.<\/noscript><div id=\"wpforms-error-noscript\" style=\"display: none;\">Veuillez activer JavaScript dans votre navigateur pour remplir ce formulaire.<\/div><div class=\"wpforms-field-container\"><div id=\"wpforms-238-field_1-container\" class=\"wpforms-field wpforms-field-name\" data-field-id=\"1\"><fieldset><legend class=\"wpforms-field-label\">Nom <span class=\"wpforms-required-label\" aria-hidden=\"true\">*<\/span><\/legend><div class=\"wpforms-field-row wpforms-field-medium\"><div class=\"wpforms-field-row-block wpforms-first wpforms-one-half\"><input type=\"text\" id=\"wpforms-238-field_1\" class=\"wpforms-field-name-first wpforms-field-required\" name=\"wpforms[fields][1][first]\" aria-errormessage=\"wpforms-238-field_1-error\" required><label for=\"wpforms-238-field_1\" class=\"wpforms-field-sublabel after\">Pr\u00e9nom<\/label><\/div><div class=\"wpforms-field-row-block wpforms-one-half\"><input type=\"text\" id=\"wpforms-238-field_1-last\" class=\"wpforms-field-name-last wpforms-field-required\" name=\"wpforms[fields][1][last]\" aria-errormessage=\"wpforms-238-field_1-last-error\" required><label for=\"wpforms-238-field_1-last\" class=\"wpforms-field-sublabel after\">Nom<\/label><\/div><\/div><\/fieldset><\/div><div id=\"wpforms-238-field_3-container\" class=\"wpforms-field wpforms-field-text\" data-field-id=\"3\"><label class=\"wpforms-field-label\" for=\"wpforms-238-field_3\">Num\u00e9ro (WhatsApp ou Telegram) <span class=\"wpforms-required-label\" aria-hidden=\"true\">*<\/span><\/label><input type=\"text\" id=\"wpforms-238-field_3\" class=\"wpforms-field-medium wpforms-field-required\" name=\"wpforms[fields][3]\" aria-errormessage=\"wpforms-238-field_3-error\" required><\/div><div id=\"wpforms-238-field_4-container\" class=\"wpforms-field wpforms-field-radio\" data-field-id=\"4\"><fieldset><legend class=\"wpforms-field-label\">Type de projet <span class=\"wpforms-required-label\" aria-hidden=\"true\">*<\/span><\/legend><ul id=\"wpforms-238-field_4\" class=\"wpforms-field-required\"><li class=\"choice-1 depth-1\"><input type=\"radio\" id=\"wpforms-238-field_4_1\" name=\"wpforms[fields][4]\" value=\"Podcast\" aria-errormessage=\"wpforms-238-field_4_1-error\" required ><label class=\"wpforms-field-label-inline\" for=\"wpforms-238-field_4_1\">Podcast<\/label><\/li><li class=\"choice-3 depth-1\"><input type=\"radio\" id=\"wpforms-238-field_4_3\" name=\"wpforms[fields][4]\" value=\"Spot publicitaire (audio)\" aria-errormessage=\"wpforms-238-field_4_3-error\" required ><label class=\"wpforms-field-label-inline\" for=\"wpforms-238-field_4_3\">Spot publicitaire (audio)<\/label><\/li><li class=\"choice-2 depth-1\"><input type=\"radio\" id=\"wpforms-238-field_4_2\" name=\"wpforms[fields][4]\" value=\"Audiobook\" aria-errormessage=\"wpforms-238-field_4_2-error\" required ><label class=\"wpforms-field-label-inline\" for=\"wpforms-238-field_4_2\">Audiobook<\/label><\/li><li class=\"choice-4 depth-1\"><input type=\"radio\" id=\"wpforms-238-field_4_4\" name=\"wpforms[fields][4]\" value=\"Autres\" aria-errormessage=\"wpforms-238-field_4_4-error\" required ><label class=\"wpforms-field-label-inline\" for=\"wpforms-238-field_4_4\">Autres<\/label><\/li><\/ul><\/fieldset><\/div><div id=\"wpforms-238-field_5-container\" class=\"wpforms-field wpforms-field-textarea\" data-field-id=\"5\"><label class=\"wpforms-field-label\" for=\"wpforms-238-field_5\">D\u00e9tails du projet <span class=\"wpforms-required-label\" aria-hidden=\"true\">*<\/span><\/label><textarea id=\"wpforms-238-field_5\" class=\"wpforms-field-medium wpforms-field-required\" name=\"wpforms[fields][5]\" aria-errormessage=\"wpforms-238-field_5-error\" required><\/textarea><\/div><div id=\"wpforms-238-field_9-container\" class=\"wpforms-field wpforms-field-text\" data-field-id=\"9\"><label class=\"wpforms-field-label\" for=\"wpforms-238-field_9\">Date de livraison souhait\u00e9e  <span class=\"wpforms-required-label\" aria-hidden=\"true\">*<\/span><\/label><input type=\"text\" id=\"wpforms-238-field_9\" class=\"wpforms-field-medium wpforms-field-required\" name=\"wpforms[fields][9]\" aria-errormessage=\"wpforms-238-field_9-error\" required><\/div><\/div><!-- .wpforms-field-container --><div class=\"wpforms-submit-container\" ><input type=\"hidden\" name=\"wpforms[id]\" value=\"238\"><input type=\"hidden\" name=\"page_title\" value=\"\"><input type=\"hidden\" name=\"page_url\" value=\"https:\/\/ramaom.pro\/index.php\/wp-json\/wp\/v2\/pages\/263\"><input type=\"hidden\" name=\"url_referer\" value=\"\"><button type=\"submit\" name=\"wpforms[submit]\" id=\"wpforms-submit-238\" class=\"wpforms-submit\" data-alt-text=\"En cours...\" data-submit-text=\"Soumettre\" aria-live=\"assertive\" value=\"wpforms-submit\">Soumettre<\/button><img loading=\"lazy\" decoding=\"async\" src=\"https:\/\/ramaom.pro\/wp-content\/plugins\/wpforms-lite\/assets\/images\/submit-spin.svg\" class=\"wpforms-submit-spinner\" style=\"display: none;\" width=\"26\" height=\"26\" alt=\"Chargement en cours\"><\/div><\/form><\/div>  <!-- .wpforms-container -->","protected":false},"excerpt":{"rendered":"<p>Spot publicitaire : de l&rsquo;id\u00e9e \u00e0 la radio et \u00e0 l&rsquo;\u00e9cran Cr\u00e9er un spot publicitaire, [&hellip;]<\/p>\n","protected":false},"author":1,"featured_media":461,"parent":207,"menu_order":2,"comment_status":"closed","ping_status":"closed","template":"","meta":{"footnotes":""},"class_list":["post-263","page","type-page","status-publish","has-post-thumbnail","hentry"],"yoast_head":"<!-- This site is optimized with the Yoast SEO plugin v27.1.1 - https:\/\/yoast.com\/product\/yoast-seo-wordpress\/ -->\n<title>R\u00e9alisation de spot publicitaire<\/title>\n<meta name=\"description\" content=\"Cr\u00e9er un spot publicitaire, pour moi, c&#039;est bien plus qu&#039;un simple exercice de cr\u00e9ation : c&#039;est un d\u00e9fi cr\u00e9atif.\" \/>\n<meta name=\"robots\" content=\"index, follow, max-snippet:-1, max-image-preview:large, max-video-preview:-1\" \/>\n<link rel=\"canonical\" href=\"https:\/\/ramaom.pro\/index.php\/mes-services\/realisation-de-spot-publicitaire\/\" \/>\n<meta property=\"og:locale\" content=\"fr_FR\" \/>\n<meta property=\"og:type\" content=\"article\" \/>\n<meta property=\"og:title\" content=\"R\u00e9alisation de spot publicitaire\" \/>\n<meta property=\"og:description\" content=\"Cr\u00e9er un spot publicitaire, pour moi, c&#039;est bien plus qu&#039;un simple exercice de cr\u00e9ation : c&#039;est un d\u00e9fi cr\u00e9atif.\" \/>\n<meta property=\"og:url\" content=\"https:\/\/ramaom.pro\/index.php\/mes-services\/realisation-de-spot-publicitaire\/\" \/>\n<meta property=\"og:site_name\" content=\"Ramaom\" \/>\n<meta property=\"article:modified_time\" content=\"2024-07-26T23:27:05+00:00\" \/>\n<meta property=\"og:image\" content=\"https:\/\/ramaom.pro\/wp-content\/uploads\/2024\/01\/pexels-nicholas-githiri-1345630-scaled.jpg\" \/>\n\t<meta property=\"og:image:width\" content=\"2560\" \/>\n\t<meta property=\"og:image:height\" content=\"1707\" \/>\n\t<meta property=\"og:image:type\" content=\"image\/jpeg\" \/>\n<meta name=\"twitter:card\" content=\"summary_large_image\" \/>\n<meta name=\"twitter:site\" content=\"@Phitodouss\" \/>\n<meta name=\"twitter:label1\" content=\"Dur\u00e9e de lecture estim\u00e9e\" \/>\n\t<meta name=\"twitter:data1\" content=\"3 minutes\" \/>\n<script type=\"application\/ld+json\" class=\"yoast-schema-graph\">{\"@context\":\"https:\/\/schema.org\",\"@graph\":[{\"@type\":\"WebPage\",\"@id\":\"https:\/\/ramaom.pro\/index.php\/mes-services\/realisation-de-spot-publicitaire\/\",\"url\":\"https:\/\/ramaom.pro\/index.php\/mes-services\/realisation-de-spot-publicitaire\/\",\"name\":\"R\u00e9alisation de spot publicitaire\",\"isPartOf\":{\"@id\":\"https:\/\/ramaom.pro\/#website\"},\"primaryImageOfPage\":{\"@id\":\"https:\/\/ramaom.pro\/index.php\/mes-services\/realisation-de-spot-publicitaire\/#primaryimage\"},\"image\":{\"@id\":\"https:\/\/ramaom.pro\/index.php\/mes-services\/realisation-de-spot-publicitaire\/#primaryimage\"},\"thumbnailUrl\":\"https:\/\/ramaom.pro\/wp-content\/uploads\/2024\/01\/pexels-nicholas-githiri-1345630-scaled.jpg\",\"datePublished\":\"2023-09-21T16:19:35+00:00\",\"dateModified\":\"2024-07-26T23:27:05+00:00\",\"description\":\"Cr\u00e9er un spot publicitaire, pour moi, c'est bien plus qu'un simple exercice de cr\u00e9ation : c'est un d\u00e9fi cr\u00e9atif.\",\"breadcrumb\":{\"@id\":\"https:\/\/ramaom.pro\/index.php\/mes-services\/realisation-de-spot-publicitaire\/#breadcrumb\"},\"inLanguage\":\"fr-FR\",\"potentialAction\":[{\"@type\":\"ReadAction\",\"target\":[\"https:\/\/ramaom.pro\/index.php\/mes-services\/realisation-de-spot-publicitaire\/\"]}]},{\"@type\":\"ImageObject\",\"inLanguage\":\"fr-FR\",\"@id\":\"https:\/\/ramaom.pro\/index.php\/mes-services\/realisation-de-spot-publicitaire\/#primaryimage\",\"url\":\"https:\/\/ramaom.pro\/wp-content\/uploads\/2024\/01\/pexels-nicholas-githiri-1345630-scaled.jpg\",\"contentUrl\":\"https:\/\/ramaom.pro\/wp-content\/uploads\/2024\/01\/pexels-nicholas-githiri-1345630-scaled.jpg\",\"width\":2560,\"height\":1707},{\"@type\":\"BreadcrumbList\",\"@id\":\"https:\/\/ramaom.pro\/index.php\/mes-services\/realisation-de-spot-publicitaire\/#breadcrumb\",\"itemListElement\":[{\"@type\":\"ListItem\",\"position\":1,\"name\":\"Accueil\",\"item\":\"https:\/\/ramaom.pro\/\"},{\"@type\":\"ListItem\",\"position\":2,\"name\":\"Mes services\",\"item\":\"https:\/\/ramaom.pro\/index.php\/mes-services\/\"},{\"@type\":\"ListItem\",\"position\":3,\"name\":\"R\u00e9alisation de spot publicitaire\"}]},{\"@type\":\"WebSite\",\"@id\":\"https:\/\/ramaom.pro\/#website\",\"url\":\"https:\/\/ramaom.pro\/\",\"name\":\"Ramaom\",\"description\":\"R\u00e9alisateur Sonore\",\"publisher\":{\"@id\":\"https:\/\/ramaom.pro\/#\/schema\/person\/b2acf00453cedffd96335832dc72d187\"},\"potentialAction\":[{\"@type\":\"SearchAction\",\"target\":{\"@type\":\"EntryPoint\",\"urlTemplate\":\"https:\/\/ramaom.pro\/?s={search_term_string}\"},\"query-input\":{\"@type\":\"PropertyValueSpecification\",\"valueRequired\":true,\"valueName\":\"search_term_string\"}}],\"inLanguage\":\"fr-FR\"},{\"@type\":[\"Person\",\"Organization\"],\"@id\":\"https:\/\/ramaom.pro\/#\/schema\/person\/b2acf00453cedffd96335832dc72d187\",\"name\":\"Ramaom Oussou\",\"image\":{\"@type\":\"ImageObject\",\"inLanguage\":\"fr-FR\",\"@id\":\"https:\/\/ramaom.pro\/#\/schema\/person\/image\/\",\"url\":\"https:\/\/ramaom.pro\/wp-content\/uploads\/2023\/09\/cropped-Logro-Neutre-ramaom.pro_.png\",\"contentUrl\":\"https:\/\/ramaom.pro\/wp-content\/uploads\/2023\/09\/cropped-Logro-Neutre-ramaom.pro_.png\",\"width\":1080,\"height\":1080,\"caption\":\"Ramaom Oussou\"},\"logo\":{\"@id\":\"https:\/\/ramaom.pro\/#\/schema\/person\/image\/\"},\"sameAs\":[\"http:\/\/ramaom.pro\"]}]}<\/script>\n<!-- \/ Yoast SEO plugin. -->","yoast_head_json":{"title":"R\u00e9alisation de spot publicitaire","description":"Cr\u00e9er un spot publicitaire, pour moi, c'est bien plus qu'un simple exercice de cr\u00e9ation : c'est un d\u00e9fi cr\u00e9atif.","robots":{"index":"index","follow":"follow","max-snippet":"max-snippet:-1","max-image-preview":"max-image-preview:large","max-video-preview":"max-video-preview:-1"},"canonical":"https:\/\/ramaom.pro\/index.php\/mes-services\/realisation-de-spot-publicitaire\/","og_locale":"fr_FR","og_type":"article","og_title":"R\u00e9alisation de spot publicitaire","og_description":"Cr\u00e9er un spot publicitaire, pour moi, c'est bien plus qu'un simple exercice de cr\u00e9ation : c'est un d\u00e9fi cr\u00e9atif.","og_url":"https:\/\/ramaom.pro\/index.php\/mes-services\/realisation-de-spot-publicitaire\/","og_site_name":"Ramaom","article_modified_time":"2024-07-26T23:27:05+00:00","og_image":[{"width":2560,"height":1707,"url":"https:\/\/ramaom.pro\/wp-content\/uploads\/2024\/01\/pexels-nicholas-githiri-1345630-scaled.jpg","type":"image\/jpeg"}],"twitter_card":"summary_large_image","twitter_site":"@Phitodouss","twitter_misc":{"Dur\u00e9e de lecture estim\u00e9e":"3 minutes"},"schema":{"@context":"https:\/\/schema.org","@graph":[{"@type":"WebPage","@id":"https:\/\/ramaom.pro\/index.php\/mes-services\/realisation-de-spot-publicitaire\/","url":"https:\/\/ramaom.pro\/index.php\/mes-services\/realisation-de-spot-publicitaire\/","name":"R\u00e9alisation de spot publicitaire","isPartOf":{"@id":"https:\/\/ramaom.pro\/#website"},"primaryImageOfPage":{"@id":"https:\/\/ramaom.pro\/index.php\/mes-services\/realisation-de-spot-publicitaire\/#primaryimage"},"image":{"@id":"https:\/\/ramaom.pro\/index.php\/mes-services\/realisation-de-spot-publicitaire\/#primaryimage"},"thumbnailUrl":"https:\/\/ramaom.pro\/wp-content\/uploads\/2024\/01\/pexels-nicholas-githiri-1345630-scaled.jpg","datePublished":"2023-09-21T16:19:35+00:00","dateModified":"2024-07-26T23:27:05+00:00","description":"Cr\u00e9er un spot publicitaire, pour moi, c'est bien plus qu'un simple exercice de cr\u00e9ation : c'est un d\u00e9fi cr\u00e9atif.","breadcrumb":{"@id":"https:\/\/ramaom.pro\/index.php\/mes-services\/realisation-de-spot-publicitaire\/#breadcrumb"},"inLanguage":"fr-FR","potentialAction":[{"@type":"ReadAction","target":["https:\/\/ramaom.pro\/index.php\/mes-services\/realisation-de-spot-publicitaire\/"]}]},{"@type":"ImageObject","inLanguage":"fr-FR","@id":"https:\/\/ramaom.pro\/index.php\/mes-services\/realisation-de-spot-publicitaire\/#primaryimage","url":"https:\/\/ramaom.pro\/wp-content\/uploads\/2024\/01\/pexels-nicholas-githiri-1345630-scaled.jpg","contentUrl":"https:\/\/ramaom.pro\/wp-content\/uploads\/2024\/01\/pexels-nicholas-githiri-1345630-scaled.jpg","width":2560,"height":1707},{"@type":"BreadcrumbList","@id":"https:\/\/ramaom.pro\/index.php\/mes-services\/realisation-de-spot-publicitaire\/#breadcrumb","itemListElement":[{"@type":"ListItem","position":1,"name":"Accueil","item":"https:\/\/ramaom.pro\/"},{"@type":"ListItem","position":2,"name":"Mes services","item":"https:\/\/ramaom.pro\/index.php\/mes-services\/"},{"@type":"ListItem","position":3,"name":"R\u00e9alisation de spot publicitaire"}]},{"@type":"WebSite","@id":"https:\/\/ramaom.pro\/#website","url":"https:\/\/ramaom.pro\/","name":"Ramaom","description":"R\u00e9alisateur Sonore","publisher":{"@id":"https:\/\/ramaom.pro\/#\/schema\/person\/b2acf00453cedffd96335832dc72d187"},"potentialAction":[{"@type":"SearchAction","target":{"@type":"EntryPoint","urlTemplate":"https:\/\/ramaom.pro\/?s={search_term_string}"},"query-input":{"@type":"PropertyValueSpecification","valueRequired":true,"valueName":"search_term_string"}}],"inLanguage":"fr-FR"},{"@type":["Person","Organization"],"@id":"https:\/\/ramaom.pro\/#\/schema\/person\/b2acf00453cedffd96335832dc72d187","name":"Ramaom Oussou","image":{"@type":"ImageObject","inLanguage":"fr-FR","@id":"https:\/\/ramaom.pro\/#\/schema\/person\/image\/","url":"https:\/\/ramaom.pro\/wp-content\/uploads\/2023\/09\/cropped-Logro-Neutre-ramaom.pro_.png","contentUrl":"https:\/\/ramaom.pro\/wp-content\/uploads\/2023\/09\/cropped-Logro-Neutre-ramaom.pro_.png","width":1080,"height":1080,"caption":"Ramaom Oussou"},"logo":{"@id":"https:\/\/ramaom.pro\/#\/schema\/person\/image\/"},"sameAs":["http:\/\/ramaom.pro"]}]}},"_links":{"self":[{"href":"https:\/\/ramaom.pro\/index.php\/wp-json\/wp\/v2\/pages\/263","targetHints":{"allow":["GET"]}}],"collection":[{"href":"https:\/\/ramaom.pro\/index.php\/wp-json\/wp\/v2\/pages"}],"about":[{"href":"https:\/\/ramaom.pro\/index.php\/wp-json\/wp\/v2\/types\/page"}],"author":[{"embeddable":true,"href":"https:\/\/ramaom.pro\/index.php\/wp-json\/wp\/v2\/users\/1"}],"replies":[{"embeddable":true,"href":"https:\/\/ramaom.pro\/index.php\/wp-json\/wp\/v2\/comments?post=263"}],"version-history":[{"count":8,"href":"https:\/\/ramaom.pro\/index.php\/wp-json\/wp\/v2\/pages\/263\/revisions"}],"predecessor-version":[{"id":832,"href":"https:\/\/ramaom.pro\/index.php\/wp-json\/wp\/v2\/pages\/263\/revisions\/832"}],"up":[{"embeddable":true,"href":"https:\/\/ramaom.pro\/index.php\/wp-json\/wp\/v2\/pages\/207"}],"wp:featuredmedia":[{"embeddable":true,"href":"https:\/\/ramaom.pro\/index.php\/wp-json\/wp\/v2\/media\/461"}],"wp:attachment":[{"href":"https:\/\/ramaom.pro\/index.php\/wp-json\/wp\/v2\/media?parent=263"}],"curies":[{"name":"wp","href":"https:\/\/api.w.org\/{rel}","templated":true}]}}