{"id":266,"date":"2023-09-21T17:20:25","date_gmt":"2023-09-21T16:20:25","guid":{"rendered":"https:\/\/ramaom.pro\/?page_id=266"},"modified":"2024-07-27T00:41:08","modified_gmt":"2024-07-26T23:41:08","slug":"audiobook","status":"publish","type":"page","link":"https:\/\/ramaom.pro\/index.php\/mes-services\/audiobook\/","title":{"rendered":"Audiobook"},"content":{"rendered":"\n<h2 class=\"wp-block-heading\">Audiobook : de l&rsquo;imprim\u00e9 \u00e0 l&rsquo;imaginaire&nbsp;<\/h2>\n\n\n\n<p>Un audiobook, c&rsquo;est plus qu&rsquo;un simple livre lu \u00e0 voix haute. C&rsquo;est une exp\u00e9rience immersive qui cr\u00e9e un lien intime entre l&rsquo;auditeur et l&rsquo;histoire. Mon r\u00f4le est de transformer chaque mot en \u00e9motion et de transporter l&rsquo;auditeur au c\u0153ur de l&rsquo;histoire.<\/p>\n\n\n\n<figure class=\"wp-block-image size-large\"><img loading=\"lazy\" decoding=\"async\" width=\"1024\" height=\"512\" src=\"https:\/\/ramaom.pro\/wp-content\/uploads\/2024\/07\/Audiobook_1-1024x512.webp\" alt=\"\" class=\"wp-image-841\" srcset=\"https:\/\/ramaom.pro\/wp-content\/uploads\/2024\/07\/Audiobook_1-1024x512.webp 1024w, https:\/\/ramaom.pro\/wp-content\/uploads\/2024\/07\/Audiobook_1-300x150.webp 300w, https:\/\/ramaom.pro\/wp-content\/uploads\/2024\/07\/Audiobook_1-768x384.webp 768w, https:\/\/ramaom.pro\/wp-content\/uploads\/2024\/07\/Audiobook_1-1536x768.webp 1536w, https:\/\/ramaom.pro\/wp-content\/uploads\/2024\/07\/Audiobook_1-2048x1024.webp 2048w\" sizes=\"auto, (max-width: 1024px) 100vw, 1024px\" \/><\/figure>\n\n\n\n<h3 class=\"wp-block-heading\"><strong>La recherche m\u00e9ticuleuse de la voix parfaite<\/strong><\/h3>\n\n\n\n<p>Le choix de la voix est au c\u0153ur de la r\u00e9ussite d&rsquo;un audiobook. Ce n\u2019est pas juste une question de tonalit\u00e9 agr\u00e9able, mais une qu\u00eate m\u00e9ticuleuse pour trouver la voix qui incarnera l\u2019essence m\u00eame de votre histoire. <strong>Pour chaque projet, je s\u00e9lectionne le narrateur dont le timbre, l&rsquo;intonation et l&rsquo;interpr\u00e9tation donneront vie \u00e0 chaque mot<\/strong> et cr\u00e9eront une connexion \u00e9motionnelle profonde avec l&rsquo;auditeur.<\/p>\n\n\n\n<p><\/p>\n\n\n\n<h3 class=\"wp-block-heading\"><strong>Captation et magie en studio<\/strong><\/h3>\n\n\n\n<p>Le studio est mon atelier, o\u00f9 je fa\u00e7onne votre r\u00e9cit avec le plus grand soin. L\u00e0-bas, je supervise chaque s\u00e9ance d\u2019enregistrement avec une attention extr\u00eame, et <strong>je veille \u00e0 ce que chaque \u00e9motion, chaque inflexion de voix, soit fid\u00e8lement captur\u00e9e<\/strong>. Mon objectif est de cr\u00e9er une narration qui ne se contente pas de suivre le texte, mais qui l\u2019enrichit, le magnifie, le rend vivant.<\/p>\n\n\n\n<p><\/p>\n\n\n\n<h3 class=\"wp-block-heading\"><strong>L\u2019\u00e9dition sonore<\/strong><\/h3>\n\n\n\n<p>L\u2019\u00e9dition est l\u2019\u00e9tape o\u00f9 le son se transforme. C\u2019est un travail de pr\u00e9cision minutieuse : <strong>je nettoie et ajuste chaque piste. J\u2019\u00e9limine les imperfections pour cr\u00e9er un flux audio impeccable<\/strong>. Chaque pause, chaque souffle, chaque intonation est calibr\u00e9e pour maintenir l\u2019attention de l\u2019auditeur et pr\u00e9server l&rsquo;authenticit\u00e9 de votre histoire.<\/p>\n\n\n\n<p><\/p>\n\n\n\n<h3 class=\"wp-block-heading\"><strong>Valorisation et strat\u00e9gie de distribution<\/strong><\/h3>\n\n\n\n<p><strong>Un audiobook doit s\u00e9duire d\u00e8s la premi\u00e8re note.<\/strong> Je cr\u00e9e une identit\u00e9 sonore unique pour chaque projet. Ma strat\u00e9gie de distribution est tout aussi r\u00e9fl\u00e9chie : je s\u00e9lectionne les plateformes les plus adapt\u00e9es \u00e0 votre audience, en me concentrant sur les lieux o\u00f9 votre \u0153uvre sera le plus appr\u00e9ci\u00e9e et \u00e9cout\u00e9e.<\/p>\n\n\n\n<p><\/p>\n\n\n\n<h3 class=\"wp-block-heading\"><strong>Engagement envers votre histoire<\/strong><\/h3>\n\n\n\n<p>Au-del\u00e0 de la technique, je vous propose une v\u00e9ritable co-cr\u00e9ation. <strong>Je m\u2019engage \u00e0 m&rsquo;immerger dans votre univers, \u00e0 comprendre votre vision et \u00e0 la transmettre avec la m\u00eame passion que vous l\u2019avez \u00e9crite.<\/strong> Il s&rsquo;agit d&rsquo;une r\u00e9interpr\u00e9tation respectueuse et cr\u00e9ative de votre \u0153uvre, une invitation pour vos auditeurs \u00e0 d\u00e9couvrir votre monde sous un nouvel angle, de mani\u00e8re plaisante et innovante.<\/p>\n\n\n\n<p>Avec moi, votre livre ne se contente pas de changer de format ; il acquiert une nouvelle vie, une nouvelle voix, touchant votre audience de mani\u00e8re profond\u00e9ment personnelle et m\u00e9morable.<\/p>\n\n\n\n<p>Je vous <a href=\"https:\/\/ramaom.pro\/index.php\/demander-un-devis\/\">fais un devis<\/a> ?<\/p>\n\n\n\n<p><\/p>\n\n\n<style id=\"wpforms-css-vars-238-block-219889d3-24fe-4358-8941-9eb477ce3884\">\n\t\t\t\t#wpforms-238.wpforms-block-219889d3-24fe-4358-8941-9eb477ce3884 {\n\t\t\t\t--wpforms-field-border-color: #cc0000;\n--wpforms-field-border-color-spare: #cc0000;\n\t\t\t}\n\t\t\t<\/style><div class=\"wpforms-container wpforms-container-full wpforms-block wpforms-block-219889d3-24fe-4358-8941-9eb477ce3884 wpforms-render-modern\" id=\"wpforms-238\"><form id=\"wpforms-form-238\" class=\"wpforms-validate wpforms-form wpforms-ajax-form\" data-formid=\"238\" method=\"post\" enctype=\"multipart\/form-data\" action=\"\/index.php\/wp-json\/wp\/v2\/pages\/266\" data-token=\"142d82d8c4eaf91e8ac7d862e665b6b7\" data-token-time=\"1776754925\"><noscript class=\"wpforms-error-noscript\">Veuillez activer JavaScript dans votre navigateur pour remplir ce formulaire.<\/noscript><div id=\"wpforms-error-noscript\" style=\"display: none;\">Veuillez activer JavaScript dans votre navigateur pour remplir ce formulaire.<\/div><div class=\"wpforms-field-container\"><div id=\"wpforms-238-field_1-container\" class=\"wpforms-field wpforms-field-name\" data-field-id=\"1\"><fieldset><legend class=\"wpforms-field-label\">Nom <span class=\"wpforms-required-label\" aria-hidden=\"true\">*<\/span><\/legend><div class=\"wpforms-field-row wpforms-field-medium\"><div class=\"wpforms-field-row-block wpforms-first wpforms-one-half\"><input type=\"text\" id=\"wpforms-238-field_1\" class=\"wpforms-field-name-first wpforms-field-required\" name=\"wpforms[fields][1][first]\" aria-errormessage=\"wpforms-238-field_1-error\" required><label for=\"wpforms-238-field_1\" class=\"wpforms-field-sublabel after\">Pr\u00e9nom<\/label><\/div><div class=\"wpforms-field-row-block wpforms-one-half\"><input type=\"text\" id=\"wpforms-238-field_1-last\" class=\"wpforms-field-name-last wpforms-field-required\" name=\"wpforms[fields][1][last]\" aria-errormessage=\"wpforms-238-field_1-last-error\" required><label for=\"wpforms-238-field_1-last\" class=\"wpforms-field-sublabel after\">Nom<\/label><\/div><\/div><\/fieldset><\/div><div id=\"wpforms-238-field_3-container\" class=\"wpforms-field wpforms-field-text\" data-field-id=\"3\"><label class=\"wpforms-field-label\" for=\"wpforms-238-field_3\">Num\u00e9ro (WhatsApp ou Telegram) <span class=\"wpforms-required-label\" aria-hidden=\"true\">*<\/span><\/label><input type=\"text\" id=\"wpforms-238-field_3\" class=\"wpforms-field-medium wpforms-field-required\" name=\"wpforms[fields][3]\" aria-errormessage=\"wpforms-238-field_3-error\" required><\/div><div id=\"wpforms-238-field_4-container\" class=\"wpforms-field wpforms-field-radio\" data-field-id=\"4\"><fieldset><legend class=\"wpforms-field-label\">Type de projet <span class=\"wpforms-required-label\" aria-hidden=\"true\">*<\/span><\/legend><ul id=\"wpforms-238-field_4\" class=\"wpforms-field-required\"><li class=\"choice-1 depth-1\"><input type=\"radio\" id=\"wpforms-238-field_4_1\" name=\"wpforms[fields][4]\" value=\"Podcast\" aria-errormessage=\"wpforms-238-field_4_1-error\" required ><label class=\"wpforms-field-label-inline\" for=\"wpforms-238-field_4_1\">Podcast<\/label><\/li><li class=\"choice-3 depth-1\"><input type=\"radio\" id=\"wpforms-238-field_4_3\" name=\"wpforms[fields][4]\" value=\"Spot publicitaire (audio)\" aria-errormessage=\"wpforms-238-field_4_3-error\" required ><label class=\"wpforms-field-label-inline\" for=\"wpforms-238-field_4_3\">Spot publicitaire (audio)<\/label><\/li><li class=\"choice-2 depth-1\"><input type=\"radio\" id=\"wpforms-238-field_4_2\" name=\"wpforms[fields][4]\" value=\"Audiobook\" aria-errormessage=\"wpforms-238-field_4_2-error\" required ><label class=\"wpforms-field-label-inline\" for=\"wpforms-238-field_4_2\">Audiobook<\/label><\/li><li class=\"choice-4 depth-1\"><input type=\"radio\" id=\"wpforms-238-field_4_4\" name=\"wpforms[fields][4]\" value=\"Autres\" aria-errormessage=\"wpforms-238-field_4_4-error\" required ><label class=\"wpforms-field-label-inline\" for=\"wpforms-238-field_4_4\">Autres<\/label><\/li><\/ul><\/fieldset><\/div><div id=\"wpforms-238-field_5-container\" class=\"wpforms-field wpforms-field-textarea\" data-field-id=\"5\"><label class=\"wpforms-field-label\" for=\"wpforms-238-field_5\">D\u00e9tails du projet <span class=\"wpforms-required-label\" aria-hidden=\"true\">*<\/span><\/label><textarea id=\"wpforms-238-field_5\" class=\"wpforms-field-medium wpforms-field-required\" name=\"wpforms[fields][5]\" aria-errormessage=\"wpforms-238-field_5-error\" required><\/textarea><\/div><div id=\"wpforms-238-field_9-container\" class=\"wpforms-field wpforms-field-text\" data-field-id=\"9\"><label class=\"wpforms-field-label\" for=\"wpforms-238-field_9\">Date de livraison souhait\u00e9e  <span class=\"wpforms-required-label\" aria-hidden=\"true\">*<\/span><\/label><input type=\"text\" id=\"wpforms-238-field_9\" class=\"wpforms-field-medium wpforms-field-required\" name=\"wpforms[fields][9]\" aria-errormessage=\"wpforms-238-field_9-error\" required><\/div><\/div><!-- .wpforms-field-container --><div class=\"wpforms-submit-container\" ><input type=\"hidden\" name=\"wpforms[id]\" value=\"238\"><input type=\"hidden\" name=\"page_title\" value=\"\"><input type=\"hidden\" name=\"page_url\" value=\"https:\/\/ramaom.pro\/index.php\/wp-json\/wp\/v2\/pages\/266\"><input type=\"hidden\" name=\"url_referer\" value=\"\"><button type=\"submit\" name=\"wpforms[submit]\" id=\"wpforms-submit-238\" class=\"wpforms-submit\" data-alt-text=\"En cours...\" data-submit-text=\"Soumettre\" aria-live=\"assertive\" value=\"wpforms-submit\">Soumettre<\/button><img loading=\"lazy\" decoding=\"async\" src=\"https:\/\/ramaom.pro\/wp-content\/plugins\/wpforms-lite\/assets\/images\/submit-spin.svg\" class=\"wpforms-submit-spinner\" style=\"display: none;\" width=\"26\" height=\"26\" alt=\"Chargement en cours\"><\/div><\/form><\/div>  <!-- .wpforms-container -->","protected":false},"excerpt":{"rendered":"<p>Audiobook : de l&rsquo;imprim\u00e9 \u00e0 l&rsquo;imaginaire&nbsp; Un audiobook, c&rsquo;est plus qu&rsquo;un simple livre lu \u00e0 [&hellip;]<\/p>\n","protected":false},"author":1,"featured_media":464,"parent":207,"menu_order":3,"comment_status":"closed","ping_status":"closed","template":"","meta":{"footnotes":""},"class_list":["post-266","page","type-page","status-publish","has-post-thumbnail","hentry"],"yoast_head":"<!-- This site is optimized with the Yoast SEO plugin v27.1.1 - https:\/\/yoast.com\/product\/yoast-seo-wordpress\/ -->\n<title>Audiobook : de l&#039;imprim\u00e9 \u00e0 l&#039;imaginaire\u00a0<\/title>\n<meta name=\"description\" content=\"Le c\u0153ur d&#039;un audiobook r\u00e9ussi r\u00e9side dans le choix de la voix. Ce n&#039;est pas juste une question de tonalit\u00e9 agr\u00e9able...\" \/>\n<meta name=\"robots\" content=\"index, follow, max-snippet:-1, max-image-preview:large, max-video-preview:-1\" \/>\n<link rel=\"canonical\" href=\"https:\/\/ramaom.pro\/index.php\/mes-services\/audiobook\/\" \/>\n<meta property=\"og:locale\" content=\"fr_FR\" \/>\n<meta property=\"og:type\" content=\"article\" \/>\n<meta property=\"og:title\" content=\"Audiobook : de l&#039;imprim\u00e9 \u00e0 l&#039;imaginaire\u00a0\" \/>\n<meta property=\"og:description\" content=\"Le c\u0153ur d&#039;un audiobook r\u00e9ussi r\u00e9side dans le choix de la voix. Ce n&#039;est pas juste une question de tonalit\u00e9 agr\u00e9able...\" \/>\n<meta property=\"og:url\" content=\"https:\/\/ramaom.pro\/index.php\/mes-services\/audiobook\/\" \/>\n<meta property=\"og:site_name\" content=\"Ramaom\" \/>\n<meta property=\"article:modified_time\" content=\"2024-07-26T23:41:08+00:00\" \/>\n<meta property=\"og:image\" content=\"https:\/\/ramaom.pro\/wp-content\/uploads\/2024\/01\/distingue-ciddiqi-2ALQUTD5MKc-unsplash-scaled.jpg\" \/>\n\t<meta property=\"og:image:width\" content=\"2560\" \/>\n\t<meta property=\"og:image:height\" content=\"1440\" \/>\n\t<meta property=\"og:image:type\" content=\"image\/jpeg\" \/>\n<meta name=\"twitter:card\" content=\"summary_large_image\" \/>\n<meta name=\"twitter:site\" content=\"@Phitodouss\" \/>\n<meta name=\"twitter:label1\" content=\"Dur\u00e9e de lecture estim\u00e9e\" \/>\n\t<meta name=\"twitter:data1\" content=\"3 minutes\" \/>\n<script type=\"application\/ld+json\" class=\"yoast-schema-graph\">{\"@context\":\"https:\/\/schema.org\",\"@graph\":[{\"@type\":\"WebPage\",\"@id\":\"https:\/\/ramaom.pro\/index.php\/mes-services\/audiobook\/\",\"url\":\"https:\/\/ramaom.pro\/index.php\/mes-services\/audiobook\/\",\"name\":\"Audiobook : de l'imprim\u00e9 \u00e0 l'imaginaire\u00a0\",\"isPartOf\":{\"@id\":\"https:\/\/ramaom.pro\/#website\"},\"primaryImageOfPage\":{\"@id\":\"https:\/\/ramaom.pro\/index.php\/mes-services\/audiobook\/#primaryimage\"},\"image\":{\"@id\":\"https:\/\/ramaom.pro\/index.php\/mes-services\/audiobook\/#primaryimage\"},\"thumbnailUrl\":\"https:\/\/ramaom.pro\/wp-content\/uploads\/2024\/01\/distingue-ciddiqi-2ALQUTD5MKc-unsplash-scaled.jpg\",\"datePublished\":\"2023-09-21T16:20:25+00:00\",\"dateModified\":\"2024-07-26T23:41:08+00:00\",\"description\":\"Le c\u0153ur d'un audiobook r\u00e9ussi r\u00e9side dans le choix de la voix. Ce n'est pas juste une question de tonalit\u00e9 agr\u00e9able...\",\"breadcrumb\":{\"@id\":\"https:\/\/ramaom.pro\/index.php\/mes-services\/audiobook\/#breadcrumb\"},\"inLanguage\":\"fr-FR\",\"potentialAction\":[{\"@type\":\"ReadAction\",\"target\":[\"https:\/\/ramaom.pro\/index.php\/mes-services\/audiobook\/\"]}]},{\"@type\":\"ImageObject\",\"inLanguage\":\"fr-FR\",\"@id\":\"https:\/\/ramaom.pro\/index.php\/mes-services\/audiobook\/#primaryimage\",\"url\":\"https:\/\/ramaom.pro\/wp-content\/uploads\/2024\/01\/distingue-ciddiqi-2ALQUTD5MKc-unsplash-scaled.jpg\",\"contentUrl\":\"https:\/\/ramaom.pro\/wp-content\/uploads\/2024\/01\/distingue-ciddiqi-2ALQUTD5MKc-unsplash-scaled.jpg\",\"width\":2560,\"height\":1440},{\"@type\":\"BreadcrumbList\",\"@id\":\"https:\/\/ramaom.pro\/index.php\/mes-services\/audiobook\/#breadcrumb\",\"itemListElement\":[{\"@type\":\"ListItem\",\"position\":1,\"name\":\"Accueil\",\"item\":\"https:\/\/ramaom.pro\/\"},{\"@type\":\"ListItem\",\"position\":2,\"name\":\"Mes services\",\"item\":\"https:\/\/ramaom.pro\/index.php\/mes-services\/\"},{\"@type\":\"ListItem\",\"position\":3,\"name\":\"Audiobook\"}]},{\"@type\":\"WebSite\",\"@id\":\"https:\/\/ramaom.pro\/#website\",\"url\":\"https:\/\/ramaom.pro\/\",\"name\":\"Ramaom\",\"description\":\"R\u00e9alisateur Sonore\",\"publisher\":{\"@id\":\"https:\/\/ramaom.pro\/#\/schema\/person\/b2acf00453cedffd96335832dc72d187\"},\"potentialAction\":[{\"@type\":\"SearchAction\",\"target\":{\"@type\":\"EntryPoint\",\"urlTemplate\":\"https:\/\/ramaom.pro\/?s={search_term_string}\"},\"query-input\":{\"@type\":\"PropertyValueSpecification\",\"valueRequired\":true,\"valueName\":\"search_term_string\"}}],\"inLanguage\":\"fr-FR\"},{\"@type\":[\"Person\",\"Organization\"],\"@id\":\"https:\/\/ramaom.pro\/#\/schema\/person\/b2acf00453cedffd96335832dc72d187\",\"name\":\"Ramaom Oussou\",\"image\":{\"@type\":\"ImageObject\",\"inLanguage\":\"fr-FR\",\"@id\":\"https:\/\/ramaom.pro\/#\/schema\/person\/image\/\",\"url\":\"https:\/\/ramaom.pro\/wp-content\/uploads\/2023\/09\/cropped-Logro-Neutre-ramaom.pro_.png\",\"contentUrl\":\"https:\/\/ramaom.pro\/wp-content\/uploads\/2023\/09\/cropped-Logro-Neutre-ramaom.pro_.png\",\"width\":1080,\"height\":1080,\"caption\":\"Ramaom Oussou\"},\"logo\":{\"@id\":\"https:\/\/ramaom.pro\/#\/schema\/person\/image\/\"},\"sameAs\":[\"http:\/\/ramaom.pro\"]}]}<\/script>\n<!-- \/ Yoast SEO plugin. -->","yoast_head_json":{"title":"Audiobook : de l'imprim\u00e9 \u00e0 l'imaginaire\u00a0","description":"Le c\u0153ur d'un audiobook r\u00e9ussi r\u00e9side dans le choix de la voix. Ce n'est pas juste une question de tonalit\u00e9 agr\u00e9able...","robots":{"index":"index","follow":"follow","max-snippet":"max-snippet:-1","max-image-preview":"max-image-preview:large","max-video-preview":"max-video-preview:-1"},"canonical":"https:\/\/ramaom.pro\/index.php\/mes-services\/audiobook\/","og_locale":"fr_FR","og_type":"article","og_title":"Audiobook : de l'imprim\u00e9 \u00e0 l'imaginaire\u00a0","og_description":"Le c\u0153ur d'un audiobook r\u00e9ussi r\u00e9side dans le choix de la voix. Ce n'est pas juste une question de tonalit\u00e9 agr\u00e9able...","og_url":"https:\/\/ramaom.pro\/index.php\/mes-services\/audiobook\/","og_site_name":"Ramaom","article_modified_time":"2024-07-26T23:41:08+00:00","og_image":[{"width":2560,"height":1440,"url":"https:\/\/ramaom.pro\/wp-content\/uploads\/2024\/01\/distingue-ciddiqi-2ALQUTD5MKc-unsplash-scaled.jpg","type":"image\/jpeg"}],"twitter_card":"summary_large_image","twitter_site":"@Phitodouss","twitter_misc":{"Dur\u00e9e de lecture estim\u00e9e":"3 minutes"},"schema":{"@context":"https:\/\/schema.org","@graph":[{"@type":"WebPage","@id":"https:\/\/ramaom.pro\/index.php\/mes-services\/audiobook\/","url":"https:\/\/ramaom.pro\/index.php\/mes-services\/audiobook\/","name":"Audiobook : de l'imprim\u00e9 \u00e0 l'imaginaire\u00a0","isPartOf":{"@id":"https:\/\/ramaom.pro\/#website"},"primaryImageOfPage":{"@id":"https:\/\/ramaom.pro\/index.php\/mes-services\/audiobook\/#primaryimage"},"image":{"@id":"https:\/\/ramaom.pro\/index.php\/mes-services\/audiobook\/#primaryimage"},"thumbnailUrl":"https:\/\/ramaom.pro\/wp-content\/uploads\/2024\/01\/distingue-ciddiqi-2ALQUTD5MKc-unsplash-scaled.jpg","datePublished":"2023-09-21T16:20:25+00:00","dateModified":"2024-07-26T23:41:08+00:00","description":"Le c\u0153ur d'un audiobook r\u00e9ussi r\u00e9side dans le choix de la voix. Ce n'est pas juste une question de tonalit\u00e9 agr\u00e9able...","breadcrumb":{"@id":"https:\/\/ramaom.pro\/index.php\/mes-services\/audiobook\/#breadcrumb"},"inLanguage":"fr-FR","potentialAction":[{"@type":"ReadAction","target":["https:\/\/ramaom.pro\/index.php\/mes-services\/audiobook\/"]}]},{"@type":"ImageObject","inLanguage":"fr-FR","@id":"https:\/\/ramaom.pro\/index.php\/mes-services\/audiobook\/#primaryimage","url":"https:\/\/ramaom.pro\/wp-content\/uploads\/2024\/01\/distingue-ciddiqi-2ALQUTD5MKc-unsplash-scaled.jpg","contentUrl":"https:\/\/ramaom.pro\/wp-content\/uploads\/2024\/01\/distingue-ciddiqi-2ALQUTD5MKc-unsplash-scaled.jpg","width":2560,"height":1440},{"@type":"BreadcrumbList","@id":"https:\/\/ramaom.pro\/index.php\/mes-services\/audiobook\/#breadcrumb","itemListElement":[{"@type":"ListItem","position":1,"name":"Accueil","item":"https:\/\/ramaom.pro\/"},{"@type":"ListItem","position":2,"name":"Mes services","item":"https:\/\/ramaom.pro\/index.php\/mes-services\/"},{"@type":"ListItem","position":3,"name":"Audiobook"}]},{"@type":"WebSite","@id":"https:\/\/ramaom.pro\/#website","url":"https:\/\/ramaom.pro\/","name":"Ramaom","description":"R\u00e9alisateur Sonore","publisher":{"@id":"https:\/\/ramaom.pro\/#\/schema\/person\/b2acf00453cedffd96335832dc72d187"},"potentialAction":[{"@type":"SearchAction","target":{"@type":"EntryPoint","urlTemplate":"https:\/\/ramaom.pro\/?s={search_term_string}"},"query-input":{"@type":"PropertyValueSpecification","valueRequired":true,"valueName":"search_term_string"}}],"inLanguage":"fr-FR"},{"@type":["Person","Organization"],"@id":"https:\/\/ramaom.pro\/#\/schema\/person\/b2acf00453cedffd96335832dc72d187","name":"Ramaom Oussou","image":{"@type":"ImageObject","inLanguage":"fr-FR","@id":"https:\/\/ramaom.pro\/#\/schema\/person\/image\/","url":"https:\/\/ramaom.pro\/wp-content\/uploads\/2023\/09\/cropped-Logro-Neutre-ramaom.pro_.png","contentUrl":"https:\/\/ramaom.pro\/wp-content\/uploads\/2023\/09\/cropped-Logro-Neutre-ramaom.pro_.png","width":1080,"height":1080,"caption":"Ramaom Oussou"},"logo":{"@id":"https:\/\/ramaom.pro\/#\/schema\/person\/image\/"},"sameAs":["http:\/\/ramaom.pro"]}]}},"_links":{"self":[{"href":"https:\/\/ramaom.pro\/index.php\/wp-json\/wp\/v2\/pages\/266","targetHints":{"allow":["GET"]}}],"collection":[{"href":"https:\/\/ramaom.pro\/index.php\/wp-json\/wp\/v2\/pages"}],"about":[{"href":"https:\/\/ramaom.pro\/index.php\/wp-json\/wp\/v2\/types\/page"}],"author":[{"embeddable":true,"href":"https:\/\/ramaom.pro\/index.php\/wp-json\/wp\/v2\/users\/1"}],"replies":[{"embeddable":true,"href":"https:\/\/ramaom.pro\/index.php\/wp-json\/wp\/v2\/comments?post=266"}],"version-history":[{"count":8,"href":"https:\/\/ramaom.pro\/index.php\/wp-json\/wp\/v2\/pages\/266\/revisions"}],"predecessor-version":[{"id":843,"href":"https:\/\/ramaom.pro\/index.php\/wp-json\/wp\/v2\/pages\/266\/revisions\/843"}],"up":[{"embeddable":true,"href":"https:\/\/ramaom.pro\/index.php\/wp-json\/wp\/v2\/pages\/207"}],"wp:featuredmedia":[{"embeddable":true,"href":"https:\/\/ramaom.pro\/index.php\/wp-json\/wp\/v2\/media\/464"}],"wp:attachment":[{"href":"https:\/\/ramaom.pro\/index.php\/wp-json\/wp\/v2\/media?parent=266"}],"curies":[{"name":"wp","href":"https:\/\/api.w.org\/{rel}","templated":true}]}}