{"id":275,"date":"2023-09-21T17:21:47","date_gmt":"2023-09-21T16:21:47","guid":{"rendered":"https:\/\/ramaom.pro\/?page_id=275"},"modified":"2024-01-10T06:03:56","modified_gmt":"2024-01-10T05:03:56","slug":"mixage-et-mastering","status":"publish","type":"page","link":"https:\/\/ramaom.pro\/index.php\/mes-services\/mixage-et-mastering\/","title":{"rendered":"Mixage et mastering"},"content":{"rendered":"\n<h2 class=\"wp-block-heading\">Mixage et post-production : un art subtil<\/h2>\n\n\n\n<p>Le mixage, c&rsquo;est comme diriger un orchestre o\u00f9 chaque son est un instrument. Dans ce processus, je m&rsquo;assure que chaque \u00e9l\u00e9ment (la voix, la musique, les effets sonores) trouve son \u00e9quilibre parfait. Chaque mot, chaque note, chaque son doit s&rsquo;int\u00e9grer harmonieusement, sans jamais dominer ni s&rsquo;effacer trop, et cr\u00e9er ainsi une symphonie sonore o\u00f9 tout est \u00e0 sa place.<\/p>\n\n\n\n<p><\/p>\n\n\n\n<h3 class=\"wp-block-heading\">La magie de la post-production<\/h3>\n\n\n\n<p>Apr\u00e8s le mixage vient la post-production, une \u00e9tape o\u00f9 la magie op\u00e8re. Ici, j&rsquo;apporte des retouches minutieuses : effets sp\u00e9ciaux, transitions fluides, calibration des nuances. Chaque d\u00e9tail est examin\u00e9 sous un microscope auditif, chaque imperfection est polie. Le mastering est la touche finale, qui assure que votre projet brille de la m\u00eame intensit\u00e9, quel que soit le lieu d&rsquo;\u00e9coute, de la salle de cin\u00e9ma aux \u00e9couteurs d&rsquo;un smartphone.<\/p>\n\n\n\n<p><\/p>\n\n\n\n<h3 class=\"wp-block-heading\">Mastering : l\u2019\u00e9clat final<\/h3>\n\n\n\n<p>Le mastering est le moment o\u00f9 je peaufine votre projet pour qu&rsquo;il resplendisse partout. C&rsquo;est un travail minutieux qui assure que le son est uniforme, clair et impactant, quel que soit l&rsquo;environnement d&rsquo;\u00e9coute. C&rsquo;est l\u00e0 que je garantie que votre projet audio atteint une qualit\u00e9 sonore sup\u00e9rieure, adapt\u00e9e \u00e0 une \u00e9coute professionnelle ou personnelle.<\/p>\n\n\n\n<p><\/p>\n\n\n\n<h3 class=\"wp-block-heading\">La quintessence du son<\/h3>\n\n\n\n<p>L&rsquo;objectif final de ces \u00e9tapes est de cr\u00e9er une \u0153uvre qui va au-del\u00e0 de la simple \u00e9coute. Chaque d\u00e9tail est soigneusement \u00e9labor\u00e9 pour captiver, \u00e9mouvoir ou divertir. C&rsquo;est un voyage sonore o\u00f9 chaque nuance est con\u00e7ue pour laisser une impression durable.<\/p>\n\n\n\n<p><\/p>\n\n\n\n<h3 class=\"wp-block-heading\">Un engagement pour l&rsquo;excellence<\/h3>\n\n\n\n<p>Quelle que soit la nature de votre projet, ma promesse reste la m\u00eame : vous livrer un chef-d&rsquo;\u0153uvre sonore, un joyau qui r\u00e9sonne dans les esprits bien apr\u00e8s la derni\u00e8re note.<\/p>\n","protected":false},"excerpt":{"rendered":"<p>Mixage et post-production : un art subtil Le mixage, c&rsquo;est comme diriger un orchestre o\u00f9 [&hellip;]<\/p>\n","protected":false},"author":1,"featured_media":478,"parent":207,"menu_order":6,"comment_status":"closed","ping_status":"closed","template":"","meta":{"footnotes":""},"class_list":["post-275","page","type-page","status-publish","has-post-thumbnail","hentry"],"yoast_head":"<!-- This site is optimized with the Yoast SEO plugin v27.1.1 - https:\/\/yoast.com\/product\/yoast-seo-wordpress\/ -->\n<title>Mixage et post-production : un art subtil<\/title>\n<meta name=\"description\" content=\"Dans ce processus, je m&#039;assure que chaque \u00e9l\u00e9ment (la voix, la musique, les effets sonores) trouve son \u00e9quilibre parfait.\" \/>\n<meta name=\"robots\" content=\"index, follow, max-snippet:-1, max-image-preview:large, max-video-preview:-1\" \/>\n<link rel=\"canonical\" href=\"https:\/\/ramaom.pro\/index.php\/mes-services\/mixage-et-mastering\/\" \/>\n<meta property=\"og:locale\" content=\"fr_FR\" \/>\n<meta property=\"og:type\" content=\"article\" \/>\n<meta property=\"og:title\" content=\"Mixage et post-production : un art subtil\" \/>\n<meta property=\"og:description\" content=\"Dans ce processus, je m&#039;assure que chaque \u00e9l\u00e9ment (la voix, la musique, les effets sonores) trouve son \u00e9quilibre parfait.\" \/>\n<meta property=\"og:url\" content=\"https:\/\/ramaom.pro\/index.php\/mes-services\/mixage-et-mastering\/\" \/>\n<meta property=\"og:site_name\" content=\"Ramaom\" \/>\n<meta property=\"article:modified_time\" content=\"2024-01-10T05:03:56+00:00\" \/>\n<meta property=\"og:image\" content=\"https:\/\/ramaom.pro\/wp-content\/uploads\/2024\/01\/james-kovin-F2h_WbKnX4o-unsplash-scaled.jpg\" \/>\n\t<meta property=\"og:image:width\" content=\"2560\" \/>\n\t<meta property=\"og:image:height\" content=\"1600\" \/>\n\t<meta property=\"og:image:type\" content=\"image\/jpeg\" \/>\n<meta name=\"twitter:card\" content=\"summary_large_image\" \/>\n<meta name=\"twitter:site\" content=\"@Phitodouss\" \/>\n<meta name=\"twitter:label1\" content=\"Dur\u00e9e de lecture estim\u00e9e\" \/>\n\t<meta name=\"twitter:data1\" content=\"2 minutes\" \/>\n<script type=\"application\/ld+json\" class=\"yoast-schema-graph\">{\"@context\":\"https:\/\/schema.org\",\"@graph\":[{\"@type\":\"WebPage\",\"@id\":\"https:\/\/ramaom.pro\/index.php\/mes-services\/mixage-et-mastering\/\",\"url\":\"https:\/\/ramaom.pro\/index.php\/mes-services\/mixage-et-mastering\/\",\"name\":\"Mixage et post-production : un art subtil\",\"isPartOf\":{\"@id\":\"https:\/\/ramaom.pro\/#website\"},\"primaryImageOfPage\":{\"@id\":\"https:\/\/ramaom.pro\/index.php\/mes-services\/mixage-et-mastering\/#primaryimage\"},\"image\":{\"@id\":\"https:\/\/ramaom.pro\/index.php\/mes-services\/mixage-et-mastering\/#primaryimage\"},\"thumbnailUrl\":\"https:\/\/ramaom.pro\/wp-content\/uploads\/2024\/01\/james-kovin-F2h_WbKnX4o-unsplash-scaled.jpg\",\"datePublished\":\"2023-09-21T16:21:47+00:00\",\"dateModified\":\"2024-01-10T05:03:56+00:00\",\"description\":\"Dans ce processus, je m'assure que chaque \u00e9l\u00e9ment (la voix, la musique, les effets sonores) trouve son \u00e9quilibre parfait.\",\"breadcrumb\":{\"@id\":\"https:\/\/ramaom.pro\/index.php\/mes-services\/mixage-et-mastering\/#breadcrumb\"},\"inLanguage\":\"fr-FR\",\"potentialAction\":[{\"@type\":\"ReadAction\",\"target\":[\"https:\/\/ramaom.pro\/index.php\/mes-services\/mixage-et-mastering\/\"]}]},{\"@type\":\"ImageObject\",\"inLanguage\":\"fr-FR\",\"@id\":\"https:\/\/ramaom.pro\/index.php\/mes-services\/mixage-et-mastering\/#primaryimage\",\"url\":\"https:\/\/ramaom.pro\/wp-content\/uploads\/2024\/01\/james-kovin-F2h_WbKnX4o-unsplash-scaled.jpg\",\"contentUrl\":\"https:\/\/ramaom.pro\/wp-content\/uploads\/2024\/01\/james-kovin-F2h_WbKnX4o-unsplash-scaled.jpg\",\"width\":2560,\"height\":1600},{\"@type\":\"BreadcrumbList\",\"@id\":\"https:\/\/ramaom.pro\/index.php\/mes-services\/mixage-et-mastering\/#breadcrumb\",\"itemListElement\":[{\"@type\":\"ListItem\",\"position\":1,\"name\":\"Accueil\",\"item\":\"https:\/\/ramaom.pro\/\"},{\"@type\":\"ListItem\",\"position\":2,\"name\":\"Mes services\",\"item\":\"https:\/\/ramaom.pro\/index.php\/mes-services\/\"},{\"@type\":\"ListItem\",\"position\":3,\"name\":\"Mixage et mastering\"}]},{\"@type\":\"WebSite\",\"@id\":\"https:\/\/ramaom.pro\/#website\",\"url\":\"https:\/\/ramaom.pro\/\",\"name\":\"Ramaom\",\"description\":\"R\u00e9alisateur Sonore\",\"publisher\":{\"@id\":\"https:\/\/ramaom.pro\/#\/schema\/person\/b2acf00453cedffd96335832dc72d187\"},\"potentialAction\":[{\"@type\":\"SearchAction\",\"target\":{\"@type\":\"EntryPoint\",\"urlTemplate\":\"https:\/\/ramaom.pro\/?s={search_term_string}\"},\"query-input\":{\"@type\":\"PropertyValueSpecification\",\"valueRequired\":true,\"valueName\":\"search_term_string\"}}],\"inLanguage\":\"fr-FR\"},{\"@type\":[\"Person\",\"Organization\"],\"@id\":\"https:\/\/ramaom.pro\/#\/schema\/person\/b2acf00453cedffd96335832dc72d187\",\"name\":\"Ramaom Oussou\",\"image\":{\"@type\":\"ImageObject\",\"inLanguage\":\"fr-FR\",\"@id\":\"https:\/\/ramaom.pro\/#\/schema\/person\/image\/\",\"url\":\"https:\/\/ramaom.pro\/wp-content\/uploads\/2023\/09\/cropped-Logro-Neutre-ramaom.pro_.png\",\"contentUrl\":\"https:\/\/ramaom.pro\/wp-content\/uploads\/2023\/09\/cropped-Logro-Neutre-ramaom.pro_.png\",\"width\":1080,\"height\":1080,\"caption\":\"Ramaom Oussou\"},\"logo\":{\"@id\":\"https:\/\/ramaom.pro\/#\/schema\/person\/image\/\"},\"sameAs\":[\"http:\/\/ramaom.pro\"]}]}<\/script>\n<!-- \/ Yoast SEO plugin. -->","yoast_head_json":{"title":"Mixage et post-production : un art subtil","description":"Dans ce processus, je m'assure que chaque \u00e9l\u00e9ment (la voix, la musique, les effets sonores) trouve son \u00e9quilibre parfait.","robots":{"index":"index","follow":"follow","max-snippet":"max-snippet:-1","max-image-preview":"max-image-preview:large","max-video-preview":"max-video-preview:-1"},"canonical":"https:\/\/ramaom.pro\/index.php\/mes-services\/mixage-et-mastering\/","og_locale":"fr_FR","og_type":"article","og_title":"Mixage et post-production : un art subtil","og_description":"Dans ce processus, je m'assure que chaque \u00e9l\u00e9ment (la voix, la musique, les effets sonores) trouve son \u00e9quilibre parfait.","og_url":"https:\/\/ramaom.pro\/index.php\/mes-services\/mixage-et-mastering\/","og_site_name":"Ramaom","article_modified_time":"2024-01-10T05:03:56+00:00","og_image":[{"width":2560,"height":1600,"url":"https:\/\/ramaom.pro\/wp-content\/uploads\/2024\/01\/james-kovin-F2h_WbKnX4o-unsplash-scaled.jpg","type":"image\/jpeg"}],"twitter_card":"summary_large_image","twitter_site":"@Phitodouss","twitter_misc":{"Dur\u00e9e de lecture estim\u00e9e":"2 minutes"},"schema":{"@context":"https:\/\/schema.org","@graph":[{"@type":"WebPage","@id":"https:\/\/ramaom.pro\/index.php\/mes-services\/mixage-et-mastering\/","url":"https:\/\/ramaom.pro\/index.php\/mes-services\/mixage-et-mastering\/","name":"Mixage et post-production : un art subtil","isPartOf":{"@id":"https:\/\/ramaom.pro\/#website"},"primaryImageOfPage":{"@id":"https:\/\/ramaom.pro\/index.php\/mes-services\/mixage-et-mastering\/#primaryimage"},"image":{"@id":"https:\/\/ramaom.pro\/index.php\/mes-services\/mixage-et-mastering\/#primaryimage"},"thumbnailUrl":"https:\/\/ramaom.pro\/wp-content\/uploads\/2024\/01\/james-kovin-F2h_WbKnX4o-unsplash-scaled.jpg","datePublished":"2023-09-21T16:21:47+00:00","dateModified":"2024-01-10T05:03:56+00:00","description":"Dans ce processus, je m'assure que chaque \u00e9l\u00e9ment (la voix, la musique, les effets sonores) trouve son \u00e9quilibre parfait.","breadcrumb":{"@id":"https:\/\/ramaom.pro\/index.php\/mes-services\/mixage-et-mastering\/#breadcrumb"},"inLanguage":"fr-FR","potentialAction":[{"@type":"ReadAction","target":["https:\/\/ramaom.pro\/index.php\/mes-services\/mixage-et-mastering\/"]}]},{"@type":"ImageObject","inLanguage":"fr-FR","@id":"https:\/\/ramaom.pro\/index.php\/mes-services\/mixage-et-mastering\/#primaryimage","url":"https:\/\/ramaom.pro\/wp-content\/uploads\/2024\/01\/james-kovin-F2h_WbKnX4o-unsplash-scaled.jpg","contentUrl":"https:\/\/ramaom.pro\/wp-content\/uploads\/2024\/01\/james-kovin-F2h_WbKnX4o-unsplash-scaled.jpg","width":2560,"height":1600},{"@type":"BreadcrumbList","@id":"https:\/\/ramaom.pro\/index.php\/mes-services\/mixage-et-mastering\/#breadcrumb","itemListElement":[{"@type":"ListItem","position":1,"name":"Accueil","item":"https:\/\/ramaom.pro\/"},{"@type":"ListItem","position":2,"name":"Mes services","item":"https:\/\/ramaom.pro\/index.php\/mes-services\/"},{"@type":"ListItem","position":3,"name":"Mixage et mastering"}]},{"@type":"WebSite","@id":"https:\/\/ramaom.pro\/#website","url":"https:\/\/ramaom.pro\/","name":"Ramaom","description":"R\u00e9alisateur Sonore","publisher":{"@id":"https:\/\/ramaom.pro\/#\/schema\/person\/b2acf00453cedffd96335832dc72d187"},"potentialAction":[{"@type":"SearchAction","target":{"@type":"EntryPoint","urlTemplate":"https:\/\/ramaom.pro\/?s={search_term_string}"},"query-input":{"@type":"PropertyValueSpecification","valueRequired":true,"valueName":"search_term_string"}}],"inLanguage":"fr-FR"},{"@type":["Person","Organization"],"@id":"https:\/\/ramaom.pro\/#\/schema\/person\/b2acf00453cedffd96335832dc72d187","name":"Ramaom Oussou","image":{"@type":"ImageObject","inLanguage":"fr-FR","@id":"https:\/\/ramaom.pro\/#\/schema\/person\/image\/","url":"https:\/\/ramaom.pro\/wp-content\/uploads\/2023\/09\/cropped-Logro-Neutre-ramaom.pro_.png","contentUrl":"https:\/\/ramaom.pro\/wp-content\/uploads\/2023\/09\/cropped-Logro-Neutre-ramaom.pro_.png","width":1080,"height":1080,"caption":"Ramaom Oussou"},"logo":{"@id":"https:\/\/ramaom.pro\/#\/schema\/person\/image\/"},"sameAs":["http:\/\/ramaom.pro"]}]}},"_links":{"self":[{"href":"https:\/\/ramaom.pro\/index.php\/wp-json\/wp\/v2\/pages\/275","targetHints":{"allow":["GET"]}}],"collection":[{"href":"https:\/\/ramaom.pro\/index.php\/wp-json\/wp\/v2\/pages"}],"about":[{"href":"https:\/\/ramaom.pro\/index.php\/wp-json\/wp\/v2\/types\/page"}],"author":[{"embeddable":true,"href":"https:\/\/ramaom.pro\/index.php\/wp-json\/wp\/v2\/users\/1"}],"replies":[{"embeddable":true,"href":"https:\/\/ramaom.pro\/index.php\/wp-json\/wp\/v2\/comments?post=275"}],"version-history":[{"count":2,"href":"https:\/\/ramaom.pro\/index.php\/wp-json\/wp\/v2\/pages\/275\/revisions"}],"predecessor-version":[{"id":479,"href":"https:\/\/ramaom.pro\/index.php\/wp-json\/wp\/v2\/pages\/275\/revisions\/479"}],"up":[{"embeddable":true,"href":"https:\/\/ramaom.pro\/index.php\/wp-json\/wp\/v2\/pages\/207"}],"wp:featuredmedia":[{"embeddable":true,"href":"https:\/\/ramaom.pro\/index.php\/wp-json\/wp\/v2\/media\/478"}],"wp:attachment":[{"href":"https:\/\/ramaom.pro\/index.php\/wp-json\/wp\/v2\/media?parent=275"}],"curies":[{"name":"wp","href":"https:\/\/api.w.org\/{rel}","templated":true}]}}