{"id":278,"date":"2023-09-21T17:22:26","date_gmt":"2023-09-21T16:22:26","guid":{"rendered":"https:\/\/ramaom.pro\/?page_id=278"},"modified":"2024-08-23T11:10:08","modified_gmt":"2024-08-23T10:10:08","slug":"diffusion-promotion","status":"publish","type":"page","link":"https:\/\/ramaom.pro\/index.php\/mes-services\/diffusion-promotion\/","title":{"rendered":"Diffusion &#038; Promotion"},"content":{"rendered":"\n<h2 class=\"wp-block-heading\">Diffusion et promotion : amplifions votre message<\/h2>\n\n\n\n<p>Dans le monde satur\u00e9 des m\u00e9dias d&rsquo;aujourd&rsquo;hui, cr\u00e9er un contenu audio exceptionnel ne suffit plus. Il faut une strat\u00e9gie de diffusion et de promotion efficace pour que votre voix atteigne le c\u0153ur de votre audience. C&rsquo;est l\u00e0 que j&rsquo;interviens. Je vous guide \u00e0 travers le labyrinthe num\u00e9rique, et je m&rsquo;assure que votre projet soit pr\u00e9sent l\u00e0 o\u00f9 votre public vous attend. Que ce soit en streaming, en t\u00e9l\u00e9chargement ou en live, je m&rsquo;assure que votre contenu est accessible et mis en avant sur les plateformes cl\u00e9s.<\/p>\n\n\n\n<p><\/p>\n\n\n\n<h3 class=\"wp-block-heading\">Strat\u00e9gies de promotion sur mesure<\/h3>\n\n\n\n<p>Dans un univers o\u00f9 la concurrence est intense, il est crucial de valoriser chaque instant de votre contenu. Je con\u00e7ois des strat\u00e9gies de promotion personnalis\u00e9es pour votre projet. Cr\u00e9ation de contenus visuels et sonores, tels que des teasers, utilisation strat\u00e9gique des r\u00e9seaux sociaux, collaborations et partenariats cibl\u00e9s, chaque action est pens\u00e9e pour faire briller votre contenu.<\/p>\n\n\n\n<p><\/p>\n\n\n\n<h3 class=\"wp-block-heading\">L&rsquo;art de l&rsquo;\u00e9coute et de l&rsquo;adaptation<\/h3>\n\n\n\n<p>Un projet audio n&rsquo;est jamais fig\u00e9. Je reste \u00e0 l&rsquo;\u00e9coute des retours de votre public, j&rsquo;analyse les tendances d&rsquo;\u00e9coute et ajuste la strat\u00e9gie promotionnelle en cons\u00e9quence. Cette approche dynamique permet de capitaliser sur les forces de votre contenu et d&rsquo;assurer son succ\u00e8s continu.<\/p>\n\n\n\n<p><\/p>\n\n\n\n<h3 class=\"wp-block-heading\">Au-del\u00e0 de la simple diffusion<\/h3>\n\n\n\n<p>La diffusion et la promotion sont les moteurs qui propulsent votre cr\u00e9ation audio. Je ne me contente pas de mettre votre projet en ligne ; je le fais conna\u00eetre. Avec une strat\u00e9gie qui allie cr\u00e9ativit\u00e9 et analyse, je m&rsquo;engage \u00e0 faire r\u00e9sonner votre voix, \u00e0 toucher votre public cible et \u00e0 ancrer durablement votre projet dans l&rsquo;esprit des auditeurs.<\/p>\n","protected":false},"excerpt":{"rendered":"<p>Diffusion et promotion : amplifions votre message Dans le monde satur\u00e9 des m\u00e9dias d&rsquo;aujourd&rsquo;hui, cr\u00e9er [&hellip;]<\/p>\n","protected":false},"author":1,"featured_media":481,"parent":207,"menu_order":7,"comment_status":"closed","ping_status":"closed","template":"","meta":{"footnotes":""},"class_list":["post-278","page","type-page","status-publish","has-post-thumbnail","hentry"],"yoast_head":"<!-- This site is optimized with the Yoast SEO plugin v27.1.1 - https:\/\/yoast.com\/product\/yoast-seo-wordpress\/ -->\n<title>Diffusion et promotion : amplifions votre message<\/title>\n<meta name=\"description\" content=\"Que ce soit en streaming ou en t\u00e9l\u00e9chargement, je m&#039;assure que votre contenu est accessible et mis en avant sur les plateformes cl\u00e9s.\" \/>\n<meta name=\"robots\" content=\"index, follow, max-snippet:-1, max-image-preview:large, max-video-preview:-1\" \/>\n<link rel=\"canonical\" href=\"https:\/\/ramaom.pro\/index.php\/mes-services\/diffusion-promotion\/\" \/>\n<meta property=\"og:locale\" content=\"fr_FR\" \/>\n<meta property=\"og:type\" content=\"article\" \/>\n<meta property=\"og:title\" content=\"Diffusion et promotion : amplifions votre message\" \/>\n<meta property=\"og:description\" content=\"Que ce soit en streaming ou en t\u00e9l\u00e9chargement, je m&#039;assure que votre contenu est accessible et mis en avant sur les plateformes cl\u00e9s.\" \/>\n<meta property=\"og:url\" content=\"https:\/\/ramaom.pro\/index.php\/mes-services\/diffusion-promotion\/\" \/>\n<meta property=\"og:site_name\" content=\"Ramaom\" \/>\n<meta property=\"article:modified_time\" content=\"2024-08-23T10:10:08+00:00\" \/>\n<meta property=\"og:image\" content=\"https:\/\/ramaom.pro\/wp-content\/uploads\/2024\/01\/pexels-cottonbro-studio-5082566-scaled.jpg\" \/>\n\t<meta property=\"og:image:width\" content=\"2560\" \/>\n\t<meta property=\"og:image:height\" content=\"1707\" \/>\n\t<meta property=\"og:image:type\" content=\"image\/jpeg\" \/>\n<meta name=\"twitter:card\" content=\"summary_large_image\" \/>\n<meta name=\"twitter:site\" content=\"@Phitodouss\" \/>\n<meta name=\"twitter:label1\" content=\"Dur\u00e9e de lecture estim\u00e9e\" \/>\n\t<meta name=\"twitter:data1\" content=\"2 minutes\" \/>\n<script type=\"application\/ld+json\" class=\"yoast-schema-graph\">{\"@context\":\"https:\/\/schema.org\",\"@graph\":[{\"@type\":\"WebPage\",\"@id\":\"https:\/\/ramaom.pro\/index.php\/mes-services\/diffusion-promotion\/\",\"url\":\"https:\/\/ramaom.pro\/index.php\/mes-services\/diffusion-promotion\/\",\"name\":\"Diffusion et promotion : amplifions votre message\",\"isPartOf\":{\"@id\":\"https:\/\/ramaom.pro\/#website\"},\"primaryImageOfPage\":{\"@id\":\"https:\/\/ramaom.pro\/index.php\/mes-services\/diffusion-promotion\/#primaryimage\"},\"image\":{\"@id\":\"https:\/\/ramaom.pro\/index.php\/mes-services\/diffusion-promotion\/#primaryimage\"},\"thumbnailUrl\":\"https:\/\/ramaom.pro\/wp-content\/uploads\/2024\/01\/pexels-cottonbro-studio-5082566-scaled.jpg\",\"datePublished\":\"2023-09-21T16:22:26+00:00\",\"dateModified\":\"2024-08-23T10:10:08+00:00\",\"description\":\"Que ce soit en streaming ou en t\u00e9l\u00e9chargement, je m'assure que votre contenu est accessible et mis en avant sur les plateformes cl\u00e9s.\",\"breadcrumb\":{\"@id\":\"https:\/\/ramaom.pro\/index.php\/mes-services\/diffusion-promotion\/#breadcrumb\"},\"inLanguage\":\"fr-FR\",\"potentialAction\":[{\"@type\":\"ReadAction\",\"target\":[\"https:\/\/ramaom.pro\/index.php\/mes-services\/diffusion-promotion\/\"]}]},{\"@type\":\"ImageObject\",\"inLanguage\":\"fr-FR\",\"@id\":\"https:\/\/ramaom.pro\/index.php\/mes-services\/diffusion-promotion\/#primaryimage\",\"url\":\"https:\/\/ramaom.pro\/wp-content\/uploads\/2024\/01\/pexels-cottonbro-studio-5082566-scaled.jpg\",\"contentUrl\":\"https:\/\/ramaom.pro\/wp-content\/uploads\/2024\/01\/pexels-cottonbro-studio-5082566-scaled.jpg\",\"width\":2560,\"height\":1707},{\"@type\":\"BreadcrumbList\",\"@id\":\"https:\/\/ramaom.pro\/index.php\/mes-services\/diffusion-promotion\/#breadcrumb\",\"itemListElement\":[{\"@type\":\"ListItem\",\"position\":1,\"name\":\"Accueil\",\"item\":\"https:\/\/ramaom.pro\/\"},{\"@type\":\"ListItem\",\"position\":2,\"name\":\"Mes services\",\"item\":\"https:\/\/ramaom.pro\/index.php\/mes-services\/\"},{\"@type\":\"ListItem\",\"position\":3,\"name\":\"Diffusion &#038; Promotion\"}]},{\"@type\":\"WebSite\",\"@id\":\"https:\/\/ramaom.pro\/#website\",\"url\":\"https:\/\/ramaom.pro\/\",\"name\":\"Ramaom\",\"description\":\"R\u00e9alisateur Sonore\",\"publisher\":{\"@id\":\"https:\/\/ramaom.pro\/#\/schema\/person\/b2acf00453cedffd96335832dc72d187\"},\"potentialAction\":[{\"@type\":\"SearchAction\",\"target\":{\"@type\":\"EntryPoint\",\"urlTemplate\":\"https:\/\/ramaom.pro\/?s={search_term_string}\"},\"query-input\":{\"@type\":\"PropertyValueSpecification\",\"valueRequired\":true,\"valueName\":\"search_term_string\"}}],\"inLanguage\":\"fr-FR\"},{\"@type\":[\"Person\",\"Organization\"],\"@id\":\"https:\/\/ramaom.pro\/#\/schema\/person\/b2acf00453cedffd96335832dc72d187\",\"name\":\"Ramaom Oussou\",\"image\":{\"@type\":\"ImageObject\",\"inLanguage\":\"fr-FR\",\"@id\":\"https:\/\/ramaom.pro\/#\/schema\/person\/image\/\",\"url\":\"https:\/\/ramaom.pro\/wp-content\/uploads\/2023\/09\/cropped-Logro-Neutre-ramaom.pro_.png\",\"contentUrl\":\"https:\/\/ramaom.pro\/wp-content\/uploads\/2023\/09\/cropped-Logro-Neutre-ramaom.pro_.png\",\"width\":1080,\"height\":1080,\"caption\":\"Ramaom Oussou\"},\"logo\":{\"@id\":\"https:\/\/ramaom.pro\/#\/schema\/person\/image\/\"},\"sameAs\":[\"http:\/\/ramaom.pro\"]}]}<\/script>\n<!-- \/ Yoast SEO plugin. -->","yoast_head_json":{"title":"Diffusion et promotion : amplifions votre message","description":"Que ce soit en streaming ou en t\u00e9l\u00e9chargement, je m'assure que votre contenu est accessible et mis en avant sur les plateformes cl\u00e9s.","robots":{"index":"index","follow":"follow","max-snippet":"max-snippet:-1","max-image-preview":"max-image-preview:large","max-video-preview":"max-video-preview:-1"},"canonical":"https:\/\/ramaom.pro\/index.php\/mes-services\/diffusion-promotion\/","og_locale":"fr_FR","og_type":"article","og_title":"Diffusion et promotion : amplifions votre message","og_description":"Que ce soit en streaming ou en t\u00e9l\u00e9chargement, je m'assure que votre contenu est accessible et mis en avant sur les plateformes cl\u00e9s.","og_url":"https:\/\/ramaom.pro\/index.php\/mes-services\/diffusion-promotion\/","og_site_name":"Ramaom","article_modified_time":"2024-08-23T10:10:08+00:00","og_image":[{"width":2560,"height":1707,"url":"https:\/\/ramaom.pro\/wp-content\/uploads\/2024\/01\/pexels-cottonbro-studio-5082566-scaled.jpg","type":"image\/jpeg"}],"twitter_card":"summary_large_image","twitter_site":"@Phitodouss","twitter_misc":{"Dur\u00e9e de lecture estim\u00e9e":"2 minutes"},"schema":{"@context":"https:\/\/schema.org","@graph":[{"@type":"WebPage","@id":"https:\/\/ramaom.pro\/index.php\/mes-services\/diffusion-promotion\/","url":"https:\/\/ramaom.pro\/index.php\/mes-services\/diffusion-promotion\/","name":"Diffusion et promotion : amplifions votre message","isPartOf":{"@id":"https:\/\/ramaom.pro\/#website"},"primaryImageOfPage":{"@id":"https:\/\/ramaom.pro\/index.php\/mes-services\/diffusion-promotion\/#primaryimage"},"image":{"@id":"https:\/\/ramaom.pro\/index.php\/mes-services\/diffusion-promotion\/#primaryimage"},"thumbnailUrl":"https:\/\/ramaom.pro\/wp-content\/uploads\/2024\/01\/pexels-cottonbro-studio-5082566-scaled.jpg","datePublished":"2023-09-21T16:22:26+00:00","dateModified":"2024-08-23T10:10:08+00:00","description":"Que ce soit en streaming ou en t\u00e9l\u00e9chargement, je m'assure que votre contenu est accessible et mis en avant sur les plateformes cl\u00e9s.","breadcrumb":{"@id":"https:\/\/ramaom.pro\/index.php\/mes-services\/diffusion-promotion\/#breadcrumb"},"inLanguage":"fr-FR","potentialAction":[{"@type":"ReadAction","target":["https:\/\/ramaom.pro\/index.php\/mes-services\/diffusion-promotion\/"]}]},{"@type":"ImageObject","inLanguage":"fr-FR","@id":"https:\/\/ramaom.pro\/index.php\/mes-services\/diffusion-promotion\/#primaryimage","url":"https:\/\/ramaom.pro\/wp-content\/uploads\/2024\/01\/pexels-cottonbro-studio-5082566-scaled.jpg","contentUrl":"https:\/\/ramaom.pro\/wp-content\/uploads\/2024\/01\/pexels-cottonbro-studio-5082566-scaled.jpg","width":2560,"height":1707},{"@type":"BreadcrumbList","@id":"https:\/\/ramaom.pro\/index.php\/mes-services\/diffusion-promotion\/#breadcrumb","itemListElement":[{"@type":"ListItem","position":1,"name":"Accueil","item":"https:\/\/ramaom.pro\/"},{"@type":"ListItem","position":2,"name":"Mes services","item":"https:\/\/ramaom.pro\/index.php\/mes-services\/"},{"@type":"ListItem","position":3,"name":"Diffusion &#038; Promotion"}]},{"@type":"WebSite","@id":"https:\/\/ramaom.pro\/#website","url":"https:\/\/ramaom.pro\/","name":"Ramaom","description":"R\u00e9alisateur Sonore","publisher":{"@id":"https:\/\/ramaom.pro\/#\/schema\/person\/b2acf00453cedffd96335832dc72d187"},"potentialAction":[{"@type":"SearchAction","target":{"@type":"EntryPoint","urlTemplate":"https:\/\/ramaom.pro\/?s={search_term_string}"},"query-input":{"@type":"PropertyValueSpecification","valueRequired":true,"valueName":"search_term_string"}}],"inLanguage":"fr-FR"},{"@type":["Person","Organization"],"@id":"https:\/\/ramaom.pro\/#\/schema\/person\/b2acf00453cedffd96335832dc72d187","name":"Ramaom Oussou","image":{"@type":"ImageObject","inLanguage":"fr-FR","@id":"https:\/\/ramaom.pro\/#\/schema\/person\/image\/","url":"https:\/\/ramaom.pro\/wp-content\/uploads\/2023\/09\/cropped-Logro-Neutre-ramaom.pro_.png","contentUrl":"https:\/\/ramaom.pro\/wp-content\/uploads\/2023\/09\/cropped-Logro-Neutre-ramaom.pro_.png","width":1080,"height":1080,"caption":"Ramaom Oussou"},"logo":{"@id":"https:\/\/ramaom.pro\/#\/schema\/person\/image\/"},"sameAs":["http:\/\/ramaom.pro"]}]}},"_links":{"self":[{"href":"https:\/\/ramaom.pro\/index.php\/wp-json\/wp\/v2\/pages\/278","targetHints":{"allow":["GET"]}}],"collection":[{"href":"https:\/\/ramaom.pro\/index.php\/wp-json\/wp\/v2\/pages"}],"about":[{"href":"https:\/\/ramaom.pro\/index.php\/wp-json\/wp\/v2\/types\/page"}],"author":[{"embeddable":true,"href":"https:\/\/ramaom.pro\/index.php\/wp-json\/wp\/v2\/users\/1"}],"replies":[{"embeddable":true,"href":"https:\/\/ramaom.pro\/index.php\/wp-json\/wp\/v2\/comments?post=278"}],"version-history":[{"count":4,"href":"https:\/\/ramaom.pro\/index.php\/wp-json\/wp\/v2\/pages\/278\/revisions"}],"predecessor-version":[{"id":988,"href":"https:\/\/ramaom.pro\/index.php\/wp-json\/wp\/v2\/pages\/278\/revisions\/988"}],"up":[{"embeddable":true,"href":"https:\/\/ramaom.pro\/index.php\/wp-json\/wp\/v2\/pages\/207"}],"wp:featuredmedia":[{"embeddable":true,"href":"https:\/\/ramaom.pro\/index.php\/wp-json\/wp\/v2\/media\/481"}],"wp:attachment":[{"href":"https:\/\/ramaom.pro\/index.php\/wp-json\/wp\/v2\/media?parent=278"}],"curies":[{"name":"wp","href":"https:\/\/api.w.org\/{rel}","templated":true}]}}