{"id":524,"date":"2024-01-10T08:26:12","date_gmt":"2024-01-10T07:26:12","guid":{"rendered":"https:\/\/ramaom.pro\/?page_id=524"},"modified":"2024-01-10T08:26:13","modified_gmt":"2024-01-10T07:26:13","slug":"telechargez-mon-guide-exclusif-gratuitement","status":"publish","type":"page","link":"https:\/\/ramaom.pro\/index.php\/telechargez-mon-guide-exclusif-gratuitement\/","title":{"rendered":"T\u00e9l\u00e9chargez mon guide exclusif gratuitement !"},"content":{"rendered":"\n<p>Cher lecteur,<\/p>\n\n\n\n<p>Je tiens \u00e0 vous informer que le guide a \u00e9t\u00e9 temporairement retir\u00e9 pour \u00eatre actualis\u00e9 et r\u00e9\u00e9dit\u00e9, dans le but de vous offrir une exp\u00e9rience encore plus enrichissante. Je m&rsquo;excuse pour tout inconv\u00e9nient que cela pourrait causer.<\/p>\n\n\n\n<p>Votre exemplaire du guide mis \u00e0 jour vous sera envoy\u00e9 d\u00e8s qu&rsquo;il sera disponible.<\/p>\n\n\n\n<p>Afin de vous assurer de recevoir la nouvelle version, je vous invite \u00e0 laisser votre adresse e-mail ou votre num\u00e9ro de t\u00e9l\u00e9phone ci-dessous.&nbsp;<\/p>\n\n\n\n<p>Soyez assur\u00e9(e) que vos coordonn\u00e9es resteront confidentielles et ne seront en aucun cas divulgu\u00e9es \u00e0 des tiers.<\/p>\n\n\n<div class=\"wpforms-container wpforms-container-full wpforms-block wpforms-block-ef4914fa-dbc6-4197-9845-77b8bba95ef0 wpforms-render-modern\" id=\"wpforms-521\"><form id=\"wpforms-form-521\" class=\"wpforms-validate wpforms-form wpforms-ajax-form\" data-formid=\"521\" method=\"post\" enctype=\"multipart\/form-data\" action=\"\/index.php\/wp-json\/wp\/v2\/pages\/524\" data-token=\"b1be85a064a980d47ff197753e9085e2\" data-token-time=\"1776755284\"><noscript class=\"wpforms-error-noscript\">Veuillez activer JavaScript dans votre navigateur pour remplir ce formulaire.<\/noscript><div id=\"wpforms-error-noscript\" style=\"display: none;\">Veuillez activer JavaScript dans votre navigateur pour remplir ce formulaire.<\/div><div class=\"wpforms-field-container\"><div id=\"wpforms-521-field_1-container\" class=\"wpforms-field wpforms-field-name\" data-field-id=\"1\"><fieldset><legend class=\"wpforms-field-label\">Nom <span class=\"wpforms-required-label\" aria-hidden=\"true\">*<\/span><\/legend><div class=\"wpforms-field-row wpforms-field-medium\"><div class=\"wpforms-field-row-block wpforms-first wpforms-one-half\"><input type=\"text\" id=\"wpforms-521-field_1\" class=\"wpforms-field-name-first wpforms-field-required\" name=\"wpforms[fields][1][first]\" aria-errormessage=\"wpforms-521-field_1-error\" required><label for=\"wpforms-521-field_1\" class=\"wpforms-field-sublabel after\">Pr\u00e9nom<\/label><\/div><div class=\"wpforms-field-row-block wpforms-one-half\"><input type=\"text\" id=\"wpforms-521-field_1-last\" class=\"wpforms-field-name-last wpforms-field-required\" name=\"wpforms[fields][1][last]\" aria-errormessage=\"wpforms-521-field_1-last-error\" required><label for=\"wpforms-521-field_1-last\" class=\"wpforms-field-sublabel after\">Nom<\/label><\/div><\/div><\/fieldset><\/div><div id=\"wpforms-521-field_3-container\" class=\"wpforms-field wpforms-field-text\" data-field-id=\"3\"><label class=\"wpforms-field-label\" for=\"wpforms-521-field_3\">Profession <span class=\"wpforms-required-label\" aria-hidden=\"true\">*<\/span><\/label><input type=\"text\" id=\"wpforms-521-field_3\" class=\"wpforms-field-medium wpforms-field-required\" name=\"wpforms[fields][3]\" aria-errormessage=\"wpforms-521-field_3-error\" required><\/div><div id=\"wpforms-521-field_2-container\" class=\"wpforms-field wpforms-field-email\" data-field-id=\"2\"><label class=\"wpforms-field-label\" for=\"wpforms-521-field_2\">E-mail <span class=\"wpforms-required-label\" aria-hidden=\"true\">*<\/span><\/label><input type=\"email\" id=\"wpforms-521-field_2\" class=\"wpforms-field-medium wpforms-field-required\" name=\"wpforms[fields][2]\" spellcheck=\"false\" aria-errormessage=\"wpforms-521-field_2-error\" required><\/div><div id=\"wpforms-521-field_6-container\" class=\"wpforms-field wpforms-field-text\" data-field-id=\"6\"><label class=\"wpforms-field-label\" for=\"wpforms-521-field_6\">Veuillez laisser votre num\u00e9ro si vous pr\u00e9f\u00e9rez le recevoir via WhatsApp ou Telegram (Optionel)<\/label><input type=\"text\" id=\"wpforms-521-field_6\" class=\"wpforms-field-medium\" name=\"wpforms[fields][6]\" aria-errormessage=\"wpforms-521-field_6-error\" ><\/div><div id=\"wpforms-521-field_8-container\" class=\"wpforms-field wpforms-field-radio\" data-field-id=\"8\"><fieldset><legend class=\"wpforms-field-label\">Votre pr\u00e9f\u00e9rence<\/legend><ul id=\"wpforms-521-field_8\"><li class=\"choice-1 depth-1\"><input type=\"radio\" id=\"wpforms-521-field_8_1\" name=\"wpforms[fields][8]\" value=\"WhatSapp\" aria-errormessage=\"wpforms-521-field_8_1-error\"  ><label class=\"wpforms-field-label-inline\" for=\"wpforms-521-field_8_1\">WhatSapp<\/label><\/li><li class=\"choice-2 depth-1\"><input type=\"radio\" id=\"wpforms-521-field_8_2\" name=\"wpforms[fields][8]\" value=\"Telegram\" aria-errormessage=\"wpforms-521-field_8_2-error\"  ><label class=\"wpforms-field-label-inline\" for=\"wpforms-521-field_8_2\">Telegram<\/label><\/li><\/ul><\/fieldset><\/div><\/div><!-- .wpforms-field-container --><div class=\"wpforms-submit-container\" ><input type=\"hidden\" name=\"wpforms[id]\" value=\"521\"><input type=\"hidden\" name=\"page_title\" value=\"\"><input type=\"hidden\" name=\"page_url\" value=\"https:\/\/ramaom.pro\/index.php\/wp-json\/wp\/v2\/pages\/524\"><input type=\"hidden\" name=\"url_referer\" value=\"\"><button type=\"submit\" name=\"wpforms[submit]\" id=\"wpforms-submit-521\" class=\"wpforms-submit\" data-alt-text=\"Envoi...\" data-submit-text=\"Envoyer\" aria-live=\"assertive\" value=\"wpforms-submit\">Envoyer<\/button><img loading=\"lazy\" decoding=\"async\" src=\"https:\/\/ramaom.pro\/wp-content\/plugins\/wpforms-lite\/assets\/images\/submit-spin.svg\" class=\"wpforms-submit-spinner\" style=\"display: none;\" width=\"26\" height=\"26\" alt=\"Chargement en cours\"><\/div><\/form><\/div>  <!-- .wpforms-container -->\n\n\n<p>Je vous remercie de votre compr\u00e9hension et j&rsquo;ai h\u00e2te de vous fournir le guide actualis\u00e9 prochainement.<\/p>\n\n\n\n<p>Cordialement,<br>Ramaom O.<\/p>\n","protected":false},"excerpt":{"rendered":"<p>Cher lecteur, Je tiens \u00e0 vous informer que le guide a \u00e9t\u00e9 temporairement retir\u00e9 pour [&hellip;]<\/p>\n","protected":false},"author":1,"featured_media":0,"parent":0,"menu_order":0,"comment_status":"closed","ping_status":"closed","template":"","meta":{"footnotes":""},"class_list":["post-524","page","type-page","status-publish","hentry"],"yoast_head":"<!-- This site is optimized with the Yoast SEO plugin v27.1.1 - https:\/\/yoast.com\/product\/yoast-seo-wordpress\/ -->\n<title>T\u00e9l\u00e9chargez mon guide exclusif gratuitement ! - Ramaom<\/title>\n<meta name=\"robots\" content=\"index, follow, max-snippet:-1, max-image-preview:large, max-video-preview:-1\" \/>\n<link rel=\"canonical\" href=\"https:\/\/ramaom.pro\/index.php\/telechargez-mon-guide-exclusif-gratuitement\/\" \/>\n<meta property=\"og:locale\" content=\"fr_FR\" \/>\n<meta property=\"og:type\" content=\"article\" \/>\n<meta property=\"og:title\" content=\"T\u00e9l\u00e9chargez mon guide exclusif gratuitement ! - Ramaom\" \/>\n<meta property=\"og:description\" content=\"Cher lecteur, Je tiens \u00e0 vous informer que le guide a \u00e9t\u00e9 temporairement retir\u00e9 pour [&hellip;]\" \/>\n<meta property=\"og:url\" content=\"https:\/\/ramaom.pro\/index.php\/telechargez-mon-guide-exclusif-gratuitement\/\" \/>\n<meta property=\"og:site_name\" content=\"Ramaom\" \/>\n<meta property=\"article:modified_time\" content=\"2024-01-10T07:26:13+00:00\" \/>\n<meta name=\"twitter:card\" content=\"summary_large_image\" \/>\n<meta name=\"twitter:site\" content=\"@Phitodouss\" \/>\n<meta name=\"twitter:label1\" content=\"Dur\u00e9e de lecture estim\u00e9e\" \/>\n\t<meta name=\"twitter:data1\" content=\"1 minute\" \/>\n<script type=\"application\/ld+json\" class=\"yoast-schema-graph\">{\"@context\":\"https:\/\/schema.org\",\"@graph\":[{\"@type\":\"WebPage\",\"@id\":\"https:\/\/ramaom.pro\/index.php\/telechargez-mon-guide-exclusif-gratuitement\/\",\"url\":\"https:\/\/ramaom.pro\/index.php\/telechargez-mon-guide-exclusif-gratuitement\/\",\"name\":\"T\u00e9l\u00e9chargez mon guide exclusif gratuitement ! - Ramaom\",\"isPartOf\":{\"@id\":\"https:\/\/ramaom.pro\/#website\"},\"datePublished\":\"2024-01-10T07:26:12+00:00\",\"dateModified\":\"2024-01-10T07:26:13+00:00\",\"breadcrumb\":{\"@id\":\"https:\/\/ramaom.pro\/index.php\/telechargez-mon-guide-exclusif-gratuitement\/#breadcrumb\"},\"inLanguage\":\"fr-FR\",\"potentialAction\":[{\"@type\":\"ReadAction\",\"target\":[\"https:\/\/ramaom.pro\/index.php\/telechargez-mon-guide-exclusif-gratuitement\/\"]}]},{\"@type\":\"BreadcrumbList\",\"@id\":\"https:\/\/ramaom.pro\/index.php\/telechargez-mon-guide-exclusif-gratuitement\/#breadcrumb\",\"itemListElement\":[{\"@type\":\"ListItem\",\"position\":1,\"name\":\"Accueil\",\"item\":\"https:\/\/ramaom.pro\/\"},{\"@type\":\"ListItem\",\"position\":2,\"name\":\"T\u00e9l\u00e9chargez mon guide exclusif gratuitement !\"}]},{\"@type\":\"WebSite\",\"@id\":\"https:\/\/ramaom.pro\/#website\",\"url\":\"https:\/\/ramaom.pro\/\",\"name\":\"Ramaom\",\"description\":\"R\u00e9alisateur Sonore\",\"publisher\":{\"@id\":\"https:\/\/ramaom.pro\/#\/schema\/person\/b2acf00453cedffd96335832dc72d187\"},\"potentialAction\":[{\"@type\":\"SearchAction\",\"target\":{\"@type\":\"EntryPoint\",\"urlTemplate\":\"https:\/\/ramaom.pro\/?s={search_term_string}\"},\"query-input\":{\"@type\":\"PropertyValueSpecification\",\"valueRequired\":true,\"valueName\":\"search_term_string\"}}],\"inLanguage\":\"fr-FR\"},{\"@type\":[\"Person\",\"Organization\"],\"@id\":\"https:\/\/ramaom.pro\/#\/schema\/person\/b2acf00453cedffd96335832dc72d187\",\"name\":\"Ramaom Oussou\",\"image\":{\"@type\":\"ImageObject\",\"inLanguage\":\"fr-FR\",\"@id\":\"https:\/\/ramaom.pro\/#\/schema\/person\/image\/\",\"url\":\"https:\/\/ramaom.pro\/wp-content\/uploads\/2023\/09\/cropped-Logro-Neutre-ramaom.pro_.png\",\"contentUrl\":\"https:\/\/ramaom.pro\/wp-content\/uploads\/2023\/09\/cropped-Logro-Neutre-ramaom.pro_.png\",\"width\":1080,\"height\":1080,\"caption\":\"Ramaom Oussou\"},\"logo\":{\"@id\":\"https:\/\/ramaom.pro\/#\/schema\/person\/image\/\"},\"sameAs\":[\"http:\/\/ramaom.pro\"]}]}<\/script>\n<!-- \/ Yoast SEO plugin. -->","yoast_head_json":{"title":"T\u00e9l\u00e9chargez mon guide exclusif gratuitement ! - Ramaom","robots":{"index":"index","follow":"follow","max-snippet":"max-snippet:-1","max-image-preview":"max-image-preview:large","max-video-preview":"max-video-preview:-1"},"canonical":"https:\/\/ramaom.pro\/index.php\/telechargez-mon-guide-exclusif-gratuitement\/","og_locale":"fr_FR","og_type":"article","og_title":"T\u00e9l\u00e9chargez mon guide exclusif gratuitement ! - Ramaom","og_description":"Cher lecteur, Je tiens \u00e0 vous informer que le guide a \u00e9t\u00e9 temporairement retir\u00e9 pour [&hellip;]","og_url":"https:\/\/ramaom.pro\/index.php\/telechargez-mon-guide-exclusif-gratuitement\/","og_site_name":"Ramaom","article_modified_time":"2024-01-10T07:26:13+00:00","twitter_card":"summary_large_image","twitter_site":"@Phitodouss","twitter_misc":{"Dur\u00e9e de lecture estim\u00e9e":"1 minute"},"schema":{"@context":"https:\/\/schema.org","@graph":[{"@type":"WebPage","@id":"https:\/\/ramaom.pro\/index.php\/telechargez-mon-guide-exclusif-gratuitement\/","url":"https:\/\/ramaom.pro\/index.php\/telechargez-mon-guide-exclusif-gratuitement\/","name":"T\u00e9l\u00e9chargez mon guide exclusif gratuitement ! - Ramaom","isPartOf":{"@id":"https:\/\/ramaom.pro\/#website"},"datePublished":"2024-01-10T07:26:12+00:00","dateModified":"2024-01-10T07:26:13+00:00","breadcrumb":{"@id":"https:\/\/ramaom.pro\/index.php\/telechargez-mon-guide-exclusif-gratuitement\/#breadcrumb"},"inLanguage":"fr-FR","potentialAction":[{"@type":"ReadAction","target":["https:\/\/ramaom.pro\/index.php\/telechargez-mon-guide-exclusif-gratuitement\/"]}]},{"@type":"BreadcrumbList","@id":"https:\/\/ramaom.pro\/index.php\/telechargez-mon-guide-exclusif-gratuitement\/#breadcrumb","itemListElement":[{"@type":"ListItem","position":1,"name":"Accueil","item":"https:\/\/ramaom.pro\/"},{"@type":"ListItem","position":2,"name":"T\u00e9l\u00e9chargez mon guide exclusif gratuitement !"}]},{"@type":"WebSite","@id":"https:\/\/ramaom.pro\/#website","url":"https:\/\/ramaom.pro\/","name":"Ramaom","description":"R\u00e9alisateur Sonore","publisher":{"@id":"https:\/\/ramaom.pro\/#\/schema\/person\/b2acf00453cedffd96335832dc72d187"},"potentialAction":[{"@type":"SearchAction","target":{"@type":"EntryPoint","urlTemplate":"https:\/\/ramaom.pro\/?s={search_term_string}"},"query-input":{"@type":"PropertyValueSpecification","valueRequired":true,"valueName":"search_term_string"}}],"inLanguage":"fr-FR"},{"@type":["Person","Organization"],"@id":"https:\/\/ramaom.pro\/#\/schema\/person\/b2acf00453cedffd96335832dc72d187","name":"Ramaom Oussou","image":{"@type":"ImageObject","inLanguage":"fr-FR","@id":"https:\/\/ramaom.pro\/#\/schema\/person\/image\/","url":"https:\/\/ramaom.pro\/wp-content\/uploads\/2023\/09\/cropped-Logro-Neutre-ramaom.pro_.png","contentUrl":"https:\/\/ramaom.pro\/wp-content\/uploads\/2023\/09\/cropped-Logro-Neutre-ramaom.pro_.png","width":1080,"height":1080,"caption":"Ramaom Oussou"},"logo":{"@id":"https:\/\/ramaom.pro\/#\/schema\/person\/image\/"},"sameAs":["http:\/\/ramaom.pro"]}]}},"_links":{"self":[{"href":"https:\/\/ramaom.pro\/index.php\/wp-json\/wp\/v2\/pages\/524","targetHints":{"allow":["GET"]}}],"collection":[{"href":"https:\/\/ramaom.pro\/index.php\/wp-json\/wp\/v2\/pages"}],"about":[{"href":"https:\/\/ramaom.pro\/index.php\/wp-json\/wp\/v2\/types\/page"}],"author":[{"embeddable":true,"href":"https:\/\/ramaom.pro\/index.php\/wp-json\/wp\/v2\/users\/1"}],"replies":[{"embeddable":true,"href":"https:\/\/ramaom.pro\/index.php\/wp-json\/wp\/v2\/comments?post=524"}],"version-history":[{"count":2,"href":"https:\/\/ramaom.pro\/index.php\/wp-json\/wp\/v2\/pages\/524\/revisions"}],"predecessor-version":[{"id":527,"href":"https:\/\/ramaom.pro\/index.php\/wp-json\/wp\/v2\/pages\/524\/revisions\/527"}],"wp:attachment":[{"href":"https:\/\/ramaom.pro\/index.php\/wp-json\/wp\/v2\/media?parent=524"}],"curies":[{"name":"wp","href":"https:\/\/api.w.org\/{rel}","templated":true}]}}