{"id":806,"date":"2024-07-25T16:59:39","date_gmt":"2024-07-25T15:59:39","guid":{"rendered":"https:\/\/ramaom.pro\/?page_id=806"},"modified":"2024-08-24T22:43:43","modified_gmt":"2024-08-24T21:43:43","slug":"festival-oxofest-cotonou-benin","status":"publish","type":"page","link":"https:\/\/ramaom.pro\/index.php\/festival-oxofest-cotonou-benin\/","title":{"rendered":"Festival Oxofest, Cotonou, B\u00e9nin"},"content":{"rendered":"\n<h2 class=\"wp-block-heading\">Un festival francophone consacr\u00e9 \u00e0 la cr\u00e9ation sonore en Afrique<\/h2>\n\n\n\n<p>Du 14 au 16 juillet 2023, Cotonou a vibr\u00e9 au rythme du festival Oxofest, un \u00e9v\u00e9nement majeur d\u00e9di\u00e9 \u00e0 la cr\u00e9ation sonore sous toutes ses formes. Fond\u00e9 par Sinatou Saka et Kefil Saka, en partenariat avec l&rsquo;Institut fran\u00e7ais du B\u00e9nin, l&rsquo;ambassade de France au B\u00e9nin et <a href=\"https:\/\/semecity.bj\/\">S\u00e8m\u00e8 City<\/a>, Oxofest s&rsquo;est impos\u00e9 comme le rendez-vous incontournable des passionn\u00e9s du son. Il a r\u00e9uni plusieurs professionnels et amateurs autour d&rsquo;une programmation riche et diversifi\u00e9e qui a mis en lumi\u00e8re la richesse et la diversit\u00e9 de la cr\u00e9ation sonore africaine.<\/p>\n\n\n\n<figure class=\"wp-block-image size-large\"><img loading=\"lazy\" decoding=\"async\" width=\"1024\" height=\"683\" src=\"https:\/\/ramaom.pro\/wp-content\/uploads\/2024\/07\/IMG_3707-1-1024x683.jpg\" alt=\"\" class=\"wp-image-811\" srcset=\"https:\/\/ramaom.pro\/wp-content\/uploads\/2024\/07\/IMG_3707-1-1024x683.jpg 1024w, https:\/\/ramaom.pro\/wp-content\/uploads\/2024\/07\/IMG_3707-1-300x200.jpg 300w, https:\/\/ramaom.pro\/wp-content\/uploads\/2024\/07\/IMG_3707-1-768x512.jpg 768w, https:\/\/ramaom.pro\/wp-content\/uploads\/2024\/07\/IMG_3707-1-1536x1024.jpg 1536w, https:\/\/ramaom.pro\/wp-content\/uploads\/2024\/07\/IMG_3707-1.jpg 2048w\" sizes=\"auto, (max-width: 1024px) 100vw, 1024px\" \/><\/figure>\n\n\n\n<h2 class=\"wp-block-heading\">Des moments forts et des rencontres inspirantes<\/h2>\n\n\n\n<p>Apr\u00e8s une session en ligne consacr\u00e9e au podcast en 2022, <a href=\"https:\/\/oxopodfest.africa\/\">Oxofest<\/a> en 2023 a d\u00e9ploy\u00e9 son ambition de rassembler et de c\u00e9l\u00e9brer la diversit\u00e9 de la cr\u00e9ation sonore africaine. Artistes, DJs, beatmakers, podcasteurs, journalistes radio et amateurs se sont r\u00e9unis pour :<\/p>\n\n\n\n<ul class=\"wp-block-list\">\n<li>partager leurs exp\u00e9riences ;<\/li>\n\n\n\n<li>explorer de nouvelles sonorit\u00e9s ; <\/li>\n\n\n\n<li>et s&rsquo;inspirer mutuellement.<\/li>\n<\/ul>\n\n\n\n<p>Le festival a propos\u00e9 un programme dense, alternant entre s\u00e9ances d&rsquo;\u00e9coute, masterclass, d\u00e9bats et rencontres professionnelles. Parmi les intervenants de marque figuraient :<\/p>\n\n\n\n<ul class=\"wp-block-list\">\n<li><strong>Paola Audrey Ndengue<\/strong>, experte en industries cr\u00e9atives ;<\/li>\n\n\n\n<li>le musicien b\u00e9ninois, auteur-compositeur <strong>Kemtaan<\/strong> ;<\/li>\n\n\n\n<li>le producteur et r\u00e9alisateur <strong>Tidiane Thiang<\/strong> ;<\/li>\n\n\n\n<li>la p\u00e9dagogue <strong>Claire Hazoum\u00e8<\/strong> ;<\/li>\n\n\n\n<li>le journaliste reporter <strong>Georges Attino Coulibaly<\/strong> ;<\/li>\n\n\n\n<li>la bloggeuse, autrice et podcasteuse <strong>Zoubida Fall<\/strong>, <\/li>\n\n\n\n<li>le griot <strong>Barasuno<\/strong>, etc.<\/li>\n<\/ul>\n\n\n\n<p>Un des moments forts du festival fut la diffusion d&rsquo;un documentaire sonore qui retrace la vie et l&rsquo;\u0153uvre de la l\u00e9gende de la musique b\u00e9ninoise, <strong>Sagbohan Danialou<\/strong>. Diffus\u00e9 \u00e0 l&rsquo;Institut fran\u00e7ais du B\u00e9nin, ce documentaire a plong\u00e9 le public dans l&rsquo;univers riche et complexe de cet artiste hors du commun.<\/p>\n\n\n\n<figure class=\"wp-block-embed is-type-rich is-provider-spotify wp-block-embed-spotify wp-embed-aspect-21-9 wp-has-aspect-ratio\"><div class=\"wp-block-embed__wrapper\">\n<iframe title=\"Spotify Embed: Sagbohan Danialou, Le Hagb\u00e8 National\" style=\"border-radius: 12px\" width=\"100%\" height=\"152\" frameborder=\"0\" allowfullscreen allow=\"autoplay; clipboard-write; encrypted-media; fullscreen; picture-in-picture\" loading=\"lazy\" src=\"https:\/\/open.spotify.com\/embed\/episode\/1uErsxfJTXKJrVIaLY3cdu?si=dbdf0f878d024e63&#038;utm_source=oembed\"><\/iframe>\n<\/div><\/figure>\n\n\n\n<h2 class=\"wp-block-heading\">Mon implication en tant que producteur<\/h2>\n\n\n\n<p>En tant que producteur, j&rsquo;ai eu l&rsquo;honneur de contribuer \u00e0 la r\u00e9ussite de cette \u00e9dition d&rsquo;Oxofest. Mes responsabilit\u00e9s ont \u00e9t\u00e9 multiples et vari\u00e9es. L&rsquo;objectif principal \u00e9tait de veiller au bon d\u00e9roulement de l&rsquo;\u00e9v\u00e9nement et de garantir une exp\u00e9rience positive tant pour les intervenants que pour le public.<\/p>\n\n\n\n<p>Pour faire court :<\/p>\n\n\n\n<ul class=\"wp-block-list\">\n<li>j&rsquo;ai assur\u00e9 la gestion des horaires dans les salles sous ma responsabilit\u00e9 ;<\/li>\n\n\n\n<li>j&rsquo;ai veill\u00e9 \u00e0 la coordination des installations techniques.<\/li>\n<\/ul>\n\n\n\n<p>J&rsquo;ai \u00e9galement \u00e9t\u00e9 le point de contact principal pour les pr\u00e9sentateurs de certains ateliers, ce qui m&rsquo;a permis de les orienter et de faciliter la communication avec le public. En parall\u00e8le, j&rsquo;ai enregistr\u00e9 les ateliers dans les salles dont j&rsquo;\u00e9tais responsable et j&rsquo;ai r\u00e9cup\u00e9r\u00e9 et \u00e9dit\u00e9 les rushes des enregistrements r\u00e9alis\u00e9s dans d&rsquo;autres salles. De plus, j&rsquo;ai captur\u00e9 certains moments forts du festival, ce qui a servi \u00e0 la r\u00e9alisation d&rsquo;un montage audio. Ce montage a ensuite \u00e9t\u00e9 mis en ligne sur les plateformes de podcast et archiv\u00e9 pour pr\u00e9server cette exp\u00e9rience inoubliable.<\/p>\n\n\n\n<figure class=\"wp-block-image size-large\"><img loading=\"lazy\" decoding=\"async\" width=\"1024\" height=\"741\" src=\"https:\/\/ramaom.pro\/wp-content\/uploads\/2024\/07\/IMG_3513-1024x741.jpg\" alt=\"\" class=\"wp-image-812\" srcset=\"https:\/\/ramaom.pro\/wp-content\/uploads\/2024\/07\/IMG_3513-1024x741.jpg 1024w, https:\/\/ramaom.pro\/wp-content\/uploads\/2024\/07\/IMG_3513-300x217.jpg 300w, https:\/\/ramaom.pro\/wp-content\/uploads\/2024\/07\/IMG_3513-768x556.jpg 768w, https:\/\/ramaom.pro\/wp-content\/uploads\/2024\/07\/IMG_3513-1536x1111.jpg 1536w, https:\/\/ramaom.pro\/wp-content\/uploads\/2024\/07\/IMG_3513-2048x1482.jpg 2048w\" sizes=\"auto, (max-width: 1024px) 100vw, 1024px\" \/><\/figure>\n\n\n\n<h2 class=\"wp-block-heading\">Un engagement et une exp\u00e9rience enrichissante<\/h2>\n\n\n\n<p>Il est important de noter que les enregistrements des ateliers ont \u00e9t\u00e9 effectu\u00e9s avec des t\u00e9l\u00e9phones portables. Ils ont ensuite \u00e9t\u00e9 l\u00e9g\u00e8rement \u00e9dit\u00e9s pour pr\u00e9server l&rsquo;authenticit\u00e9 des fichiers. Cela implique que la qualit\u00e9 sonore n&rsquo;est pas optimale. Cependant, des dispositions ont \u00e9t\u00e9 prises pour que les prochaines \u00e9ditions du festival soient enregistr\u00e9es avec du mat\u00e9riel professionnel afin de garantir une meilleure \u00e9coute.<\/p>\n\n\n\n<p>Mon engagement dans ce projet a \u00e9t\u00e9 motiv\u00e9 par ma passion pour la musique et la cr\u00e9ation sonore. J&rsquo;ai \u00e9t\u00e9 particuli\u00e8rement touch\u00e9 par la richesse et la diversit\u00e9 des talents repr\u00e9sent\u00e9s \u00e0 Oxofest et par l&rsquo;enthousiasme contagieux du public. Cette exp\u00e9rience m&rsquo;a permis :<\/p>\n\n\n\n<ul class=\"wp-block-list\">\n<li>de nouer des contacts <\/li>\n\n\n\n<li>d&rsquo;\u00e9largir mes connaissances dans le domaine de la cr\u00e9ation sonore ;<\/li>\n\n\n\n<li>et de contribuer \u00e0 la promotion de cet art.<\/li>\n<\/ul>\n\n\n\n<p>Oxofest 2023 restera pour moi une exp\u00e9rience marquante, une c\u00e9l\u00e9bration de la cr\u00e9ativit\u00e9 et du talent artistique africain.<\/p>\n\n\n\n<p><strong>Je vous invite \u00e0 revivre le festival \u00e0 travers le podcast :<\/strong><\/p>\n\n\n\n<figure class=\"wp-block-embed is-type-rich is-provider-spotify wp-block-embed-spotify wp-embed-aspect-21-9 wp-has-aspect-ratio\"><div class=\"wp-block-embed__wrapper\">\n<iframe title=\"Spotify Embed: Oxo Fest\" style=\"border-radius: 12px\" width=\"100%\" height=\"152\" frameborder=\"0\" allowfullscreen allow=\"autoplay; clipboard-write; encrypted-media; fullscreen; picture-in-picture\" loading=\"lazy\" src=\"https:\/\/open.spotify.com\/embed\/show\/0IoyZEBvbpjw9cO2VlnUpE?si=8100cf8f6b70421b&#038;utm_source=oembed\"><\/iframe>\n<\/div><\/figure>\n","protected":false},"excerpt":{"rendered":"<p>Un festival francophone consacr\u00e9 \u00e0 la cr\u00e9ation sonore en Afrique Du 14 au 16 juillet [&hellip;]<\/p>\n","protected":false},"author":1,"featured_media":811,"parent":0,"menu_order":0,"comment_status":"closed","ping_status":"closed","template":"","meta":{"footnotes":""},"class_list":["post-806","page","type-page","status-publish","has-post-thumbnail","hentry"],"yoast_head":"<!-- This site is optimized with the Yoast SEO plugin v27.1.1 - https:\/\/yoast.com\/product\/yoast-seo-wordpress\/ -->\n<title>Oxofest : v\u00e9ritable vitrine de la cr\u00e9ation sonore africaine<\/title>\n<meta name=\"description\" content=\"Oxofest est le festival incontournable pour d\u00e9couvrir et c\u00e9l\u00e9brer la diversit\u00e9 de la cr\u00e9ation sonore africaine.\" \/>\n<meta name=\"robots\" content=\"index, follow, max-snippet:-1, max-image-preview:large, max-video-preview:-1\" \/>\n<link rel=\"canonical\" href=\"https:\/\/ramaom.pro\/index.php\/festival-oxofest-cotonou-benin\/\" \/>\n<meta property=\"og:locale\" content=\"fr_FR\" \/>\n<meta property=\"og:type\" content=\"article\" \/>\n<meta property=\"og:title\" content=\"Oxofest : v\u00e9ritable vitrine de la cr\u00e9ation sonore africaine\" \/>\n<meta property=\"og:description\" content=\"Oxofest est le festival incontournable pour d\u00e9couvrir et c\u00e9l\u00e9brer la diversit\u00e9 de la cr\u00e9ation sonore africaine.\" \/>\n<meta property=\"og:url\" content=\"https:\/\/ramaom.pro\/index.php\/festival-oxofest-cotonou-benin\/\" \/>\n<meta property=\"og:site_name\" content=\"Ramaom\" \/>\n<meta property=\"article:modified_time\" content=\"2024-08-24T21:43:43+00:00\" \/>\n<meta property=\"og:image\" content=\"https:\/\/ramaom.pro\/wp-content\/uploads\/2024\/07\/IMG_3707-1.jpg\" \/>\n\t<meta property=\"og:image:width\" content=\"2048\" \/>\n\t<meta property=\"og:image:height\" content=\"1365\" \/>\n\t<meta property=\"og:image:type\" content=\"image\/jpeg\" \/>\n<meta name=\"twitter:card\" content=\"summary_large_image\" \/>\n<meta name=\"twitter:site\" content=\"@Phitodouss\" \/>\n<meta name=\"twitter:label1\" content=\"Dur\u00e9e de lecture estim\u00e9e\" \/>\n\t<meta name=\"twitter:data1\" content=\"4 minutes\" \/>\n<script type=\"application\/ld+json\" class=\"yoast-schema-graph\">{\"@context\":\"https:\/\/schema.org\",\"@graph\":[{\"@type\":\"WebPage\",\"@id\":\"https:\/\/ramaom.pro\/index.php\/festival-oxofest-cotonou-benin\/\",\"url\":\"https:\/\/ramaom.pro\/index.php\/festival-oxofest-cotonou-benin\/\",\"name\":\"Oxofest : v\u00e9ritable vitrine de la cr\u00e9ation sonore africaine\",\"isPartOf\":{\"@id\":\"https:\/\/ramaom.pro\/#website\"},\"primaryImageOfPage\":{\"@id\":\"https:\/\/ramaom.pro\/index.php\/festival-oxofest-cotonou-benin\/#primaryimage\"},\"image\":{\"@id\":\"https:\/\/ramaom.pro\/index.php\/festival-oxofest-cotonou-benin\/#primaryimage\"},\"thumbnailUrl\":\"https:\/\/ramaom.pro\/wp-content\/uploads\/2024\/07\/IMG_3707-1.jpg\",\"datePublished\":\"2024-07-25T15:59:39+00:00\",\"dateModified\":\"2024-08-24T21:43:43+00:00\",\"description\":\"Oxofest est le festival incontournable pour d\u00e9couvrir et c\u00e9l\u00e9brer la diversit\u00e9 de la cr\u00e9ation sonore africaine.\",\"breadcrumb\":{\"@id\":\"https:\/\/ramaom.pro\/index.php\/festival-oxofest-cotonou-benin\/#breadcrumb\"},\"inLanguage\":\"fr-FR\",\"potentialAction\":[{\"@type\":\"ReadAction\",\"target\":[\"https:\/\/ramaom.pro\/index.php\/festival-oxofest-cotonou-benin\/\"]}]},{\"@type\":\"ImageObject\",\"inLanguage\":\"fr-FR\",\"@id\":\"https:\/\/ramaom.pro\/index.php\/festival-oxofest-cotonou-benin\/#primaryimage\",\"url\":\"https:\/\/ramaom.pro\/wp-content\/uploads\/2024\/07\/IMG_3707-1.jpg\",\"contentUrl\":\"https:\/\/ramaom.pro\/wp-content\/uploads\/2024\/07\/IMG_3707-1.jpg\",\"width\":2048,\"height\":1365},{\"@type\":\"BreadcrumbList\",\"@id\":\"https:\/\/ramaom.pro\/index.php\/festival-oxofest-cotonou-benin\/#breadcrumb\",\"itemListElement\":[{\"@type\":\"ListItem\",\"position\":1,\"name\":\"Accueil\",\"item\":\"https:\/\/ramaom.pro\/\"},{\"@type\":\"ListItem\",\"position\":2,\"name\":\"Festival Oxofest, Cotonou, B\u00e9nin\"}]},{\"@type\":\"WebSite\",\"@id\":\"https:\/\/ramaom.pro\/#website\",\"url\":\"https:\/\/ramaom.pro\/\",\"name\":\"Ramaom\",\"description\":\"R\u00e9alisateur Sonore\",\"publisher\":{\"@id\":\"https:\/\/ramaom.pro\/#\/schema\/person\/b2acf00453cedffd96335832dc72d187\"},\"potentialAction\":[{\"@type\":\"SearchAction\",\"target\":{\"@type\":\"EntryPoint\",\"urlTemplate\":\"https:\/\/ramaom.pro\/?s={search_term_string}\"},\"query-input\":{\"@type\":\"PropertyValueSpecification\",\"valueRequired\":true,\"valueName\":\"search_term_string\"}}],\"inLanguage\":\"fr-FR\"},{\"@type\":[\"Person\",\"Organization\"],\"@id\":\"https:\/\/ramaom.pro\/#\/schema\/person\/b2acf00453cedffd96335832dc72d187\",\"name\":\"Ramaom Oussou\",\"image\":{\"@type\":\"ImageObject\",\"inLanguage\":\"fr-FR\",\"@id\":\"https:\/\/ramaom.pro\/#\/schema\/person\/image\/\",\"url\":\"https:\/\/ramaom.pro\/wp-content\/uploads\/2023\/09\/cropped-Logro-Neutre-ramaom.pro_.png\",\"contentUrl\":\"https:\/\/ramaom.pro\/wp-content\/uploads\/2023\/09\/cropped-Logro-Neutre-ramaom.pro_.png\",\"width\":1080,\"height\":1080,\"caption\":\"Ramaom Oussou\"},\"logo\":{\"@id\":\"https:\/\/ramaom.pro\/#\/schema\/person\/image\/\"},\"sameAs\":[\"http:\/\/ramaom.pro\"]}]}<\/script>\n<!-- \/ Yoast SEO plugin. -->","yoast_head_json":{"title":"Oxofest : v\u00e9ritable vitrine de la cr\u00e9ation sonore africaine","description":"Oxofest est le festival incontournable pour d\u00e9couvrir et c\u00e9l\u00e9brer la diversit\u00e9 de la cr\u00e9ation sonore africaine.","robots":{"index":"index","follow":"follow","max-snippet":"max-snippet:-1","max-image-preview":"max-image-preview:large","max-video-preview":"max-video-preview:-1"},"canonical":"https:\/\/ramaom.pro\/index.php\/festival-oxofest-cotonou-benin\/","og_locale":"fr_FR","og_type":"article","og_title":"Oxofest : v\u00e9ritable vitrine de la cr\u00e9ation sonore africaine","og_description":"Oxofest est le festival incontournable pour d\u00e9couvrir et c\u00e9l\u00e9brer la diversit\u00e9 de la cr\u00e9ation sonore africaine.","og_url":"https:\/\/ramaom.pro\/index.php\/festival-oxofest-cotonou-benin\/","og_site_name":"Ramaom","article_modified_time":"2024-08-24T21:43:43+00:00","og_image":[{"width":2048,"height":1365,"url":"https:\/\/ramaom.pro\/wp-content\/uploads\/2024\/07\/IMG_3707-1.jpg","type":"image\/jpeg"}],"twitter_card":"summary_large_image","twitter_site":"@Phitodouss","twitter_misc":{"Dur\u00e9e de lecture estim\u00e9e":"4 minutes"},"schema":{"@context":"https:\/\/schema.org","@graph":[{"@type":"WebPage","@id":"https:\/\/ramaom.pro\/index.php\/festival-oxofest-cotonou-benin\/","url":"https:\/\/ramaom.pro\/index.php\/festival-oxofest-cotonou-benin\/","name":"Oxofest : v\u00e9ritable vitrine de la cr\u00e9ation sonore africaine","isPartOf":{"@id":"https:\/\/ramaom.pro\/#website"},"primaryImageOfPage":{"@id":"https:\/\/ramaom.pro\/index.php\/festival-oxofest-cotonou-benin\/#primaryimage"},"image":{"@id":"https:\/\/ramaom.pro\/index.php\/festival-oxofest-cotonou-benin\/#primaryimage"},"thumbnailUrl":"https:\/\/ramaom.pro\/wp-content\/uploads\/2024\/07\/IMG_3707-1.jpg","datePublished":"2024-07-25T15:59:39+00:00","dateModified":"2024-08-24T21:43:43+00:00","description":"Oxofest est le festival incontournable pour d\u00e9couvrir et c\u00e9l\u00e9brer la diversit\u00e9 de la cr\u00e9ation sonore africaine.","breadcrumb":{"@id":"https:\/\/ramaom.pro\/index.php\/festival-oxofest-cotonou-benin\/#breadcrumb"},"inLanguage":"fr-FR","potentialAction":[{"@type":"ReadAction","target":["https:\/\/ramaom.pro\/index.php\/festival-oxofest-cotonou-benin\/"]}]},{"@type":"ImageObject","inLanguage":"fr-FR","@id":"https:\/\/ramaom.pro\/index.php\/festival-oxofest-cotonou-benin\/#primaryimage","url":"https:\/\/ramaom.pro\/wp-content\/uploads\/2024\/07\/IMG_3707-1.jpg","contentUrl":"https:\/\/ramaom.pro\/wp-content\/uploads\/2024\/07\/IMG_3707-1.jpg","width":2048,"height":1365},{"@type":"BreadcrumbList","@id":"https:\/\/ramaom.pro\/index.php\/festival-oxofest-cotonou-benin\/#breadcrumb","itemListElement":[{"@type":"ListItem","position":1,"name":"Accueil","item":"https:\/\/ramaom.pro\/"},{"@type":"ListItem","position":2,"name":"Festival Oxofest, Cotonou, B\u00e9nin"}]},{"@type":"WebSite","@id":"https:\/\/ramaom.pro\/#website","url":"https:\/\/ramaom.pro\/","name":"Ramaom","description":"R\u00e9alisateur Sonore","publisher":{"@id":"https:\/\/ramaom.pro\/#\/schema\/person\/b2acf00453cedffd96335832dc72d187"},"potentialAction":[{"@type":"SearchAction","target":{"@type":"EntryPoint","urlTemplate":"https:\/\/ramaom.pro\/?s={search_term_string}"},"query-input":{"@type":"PropertyValueSpecification","valueRequired":true,"valueName":"search_term_string"}}],"inLanguage":"fr-FR"},{"@type":["Person","Organization"],"@id":"https:\/\/ramaom.pro\/#\/schema\/person\/b2acf00453cedffd96335832dc72d187","name":"Ramaom Oussou","image":{"@type":"ImageObject","inLanguage":"fr-FR","@id":"https:\/\/ramaom.pro\/#\/schema\/person\/image\/","url":"https:\/\/ramaom.pro\/wp-content\/uploads\/2023\/09\/cropped-Logro-Neutre-ramaom.pro_.png","contentUrl":"https:\/\/ramaom.pro\/wp-content\/uploads\/2023\/09\/cropped-Logro-Neutre-ramaom.pro_.png","width":1080,"height":1080,"caption":"Ramaom Oussou"},"logo":{"@id":"https:\/\/ramaom.pro\/#\/schema\/person\/image\/"},"sameAs":["http:\/\/ramaom.pro"]}]}},"_links":{"self":[{"href":"https:\/\/ramaom.pro\/index.php\/wp-json\/wp\/v2\/pages\/806","targetHints":{"allow":["GET"]}}],"collection":[{"href":"https:\/\/ramaom.pro\/index.php\/wp-json\/wp\/v2\/pages"}],"about":[{"href":"https:\/\/ramaom.pro\/index.php\/wp-json\/wp\/v2\/types\/page"}],"author":[{"embeddable":true,"href":"https:\/\/ramaom.pro\/index.php\/wp-json\/wp\/v2\/users\/1"}],"replies":[{"embeddable":true,"href":"https:\/\/ramaom.pro\/index.php\/wp-json\/wp\/v2\/comments?post=806"}],"version-history":[{"count":9,"href":"https:\/\/ramaom.pro\/index.php\/wp-json\/wp\/v2\/pages\/806\/revisions"}],"predecessor-version":[{"id":1002,"href":"https:\/\/ramaom.pro\/index.php\/wp-json\/wp\/v2\/pages\/806\/revisions\/1002"}],"wp:featuredmedia":[{"embeddable":true,"href":"https:\/\/ramaom.pro\/index.php\/wp-json\/wp\/v2\/media\/811"}],"wp:attachment":[{"href":"https:\/\/ramaom.pro\/index.php\/wp-json\/wp\/v2\/media?parent=806"}],"curies":[{"name":"wp","href":"https:\/\/api.w.org\/{rel}","templated":true}]}}