{"id":881,"date":"2024-08-17T18:52:51","date_gmt":"2024-08-17T17:52:51","guid":{"rendered":"https:\/\/ramaom.pro\/?page_id=881"},"modified":"2024-08-17T18:52:52","modified_gmt":"2024-08-17T17:52:52","slug":"demain-parle-trop-fort-2","status":"publish","type":"page","link":"https:\/\/ramaom.pro\/index.php\/demain-parle-trop-fort-2\/","title":{"rendered":"2023"},"content":{"rendered":"\n<h1 class=\"wp-block-heading\">Demain parle trop fort<\/h1>\n\n\n\n<p>Ce projet a \u00e9t\u00e9 r\u00e9alis\u00e9 dans le cadre d&rsquo;un <a href=\"https:\/\/ccrijohnsmith.com\/les-ateliers-sinart\/\">atelier sonore lors du Festival SIN&rsquo;ART<\/a> de OUIDAH au B\u00e9nin en 2023. Il s&rsquo;agit d&rsquo;une cr\u00e9ation professionnelle produite par anima motrix en co-production avec le CCRI John Smith, avec le soutien de l&rsquo;Institut Fran\u00e7ais, de la R\u00e9gion Hauts-de-France \/ IF+HdF, de l&rsquo;association des amis du CCRI et de la Fabrique des Fictions &#8211; Lom\u00e9 au Togo.<\/p>\n\n\n\n<p><strong>Mise en sc\u00e8ne :<\/strong> <a href=\"https:\/\/www.animamotrix.fr\/\">Emma Gustafsson et Laurent Hatat<\/a><\/p>\n\n\n\n<p><strong>Avec les voix de :<\/strong> <\/p>\n\n\n\n<ul class=\"wp-block-list\">\n<li>Vigninou Houngbedji<\/li>\n\n\n\n<li>Judith Ahouansou<\/li>\n\n\n\n<li>Rodolphe Djihokin<\/li>\n\n\n\n<li>Fr\u00e9juste Quenum<\/li>\n\n\n\n<li>Ad\u00e8le Mivegbo<\/li>\n\n\n\n<li>Carole Agbevo<\/li>\n\n\n\n<li>Farida Cledjo<\/li>\n\n\n\n<li>Jacqueline Kpatenon<\/li>\n<\/ul>\n\n\n\n<figure class=\"wp-block-image size-large\"><img loading=\"lazy\" decoding=\"async\" width=\"1024\" height=\"576\" src=\"https:\/\/ramaom.pro\/wp-content\/uploads\/2024\/07\/Demain-parle-trop-fort-1024x576.jpg\" alt=\"\" class=\"wp-image-742\" srcset=\"https:\/\/ramaom.pro\/wp-content\/uploads\/2024\/07\/Demain-parle-trop-fort-1024x576.jpg 1024w, https:\/\/ramaom.pro\/wp-content\/uploads\/2024\/07\/Demain-parle-trop-fort-300x169.jpg 300w, https:\/\/ramaom.pro\/wp-content\/uploads\/2024\/07\/Demain-parle-trop-fort-768x432.jpg 768w, https:\/\/ramaom.pro\/wp-content\/uploads\/2024\/07\/Demain-parle-trop-fort-1536x864.jpg 1536w, https:\/\/ramaom.pro\/wp-content\/uploads\/2024\/07\/Demain-parle-trop-fort.jpg 1920w\" sizes=\"auto, (max-width: 1024px) 100vw, 1024px\" \/><\/figure>\n\n\n\n<h2 class=\"wp-block-heading\">Description du projet<\/h2>\n\n\n\n<p><em><strong>Demain parle trop fort<\/strong><\/em> est une pi\u00e8ce radiophonique immersive o\u00f9 chaque auditeur devient un acteur de l&rsquo;histoire. Cette cr\u00e9ation unique est n\u00e9e d&rsquo;une rencontre artistique entre <a href=\"https:\/\/www.theatre-contemporain.net\/biographies\/Haila-Hessou\/\">Ha\u00efla Hessou<\/a>, l&rsquo;autrice, Emma Gustafsson et Laurent Hatat, les metteurs en sc\u00e8ne, et la jeune troupe <a href=\"https:\/\/www.facebook.com\/people\/Dangb%C3%A9-Th%C3%A9%C3%A2tre\/100085960111254\/\">Dangb\u00e9 Th\u00e9\u00e2tre<\/a>.<\/p>\n\n\n\n<p>L&rsquo;histoire se d\u00e9roule sur une plage, lors de l&rsquo;anniversaire d&rsquo;Afiavi (Judith Ahouansou), une jeune femme qui refuse de souffler sa bougie car elle a peur du lendemain. Un cadeau inattendu arrive sous la forme de Fantin (Rodolphe Djihokin), un homme rep\u00each\u00e9 dans les flots de l&rsquo;oc\u00e9an. Fantin, qui a v\u00e9cu sept vies rat\u00e9es, raconte ses histoires \u00e0 Afiavi, sa s\u0153ur et ses amis. Au fil de ces r\u00e9cits, ils se reconnaissent, se transforment et grandissent ensemble.<\/p>\n\n\n\n<figure class=\"wp-block-image size-full\"><img loading=\"lazy\" decoding=\"async\" width=\"1024\" height=\"768\" src=\"https:\/\/ramaom.pro\/wp-content\/uploads\/2023\/11\/WhatsApp-Image-2023-11-11-at-17.12.03_93d27488.webp\" alt=\"\" class=\"wp-image-377\" srcset=\"https:\/\/ramaom.pro\/wp-content\/uploads\/2023\/11\/WhatsApp-Image-2023-11-11-at-17.12.03_93d27488.webp 1024w, https:\/\/ramaom.pro\/wp-content\/uploads\/2023\/11\/WhatsApp-Image-2023-11-11-at-17.12.03_93d27488-300x225.webp 300w, https:\/\/ramaom.pro\/wp-content\/uploads\/2023\/11\/WhatsApp-Image-2023-11-11-at-17.12.03_93d27488-768x576.webp 768w\" sizes=\"auto, (max-width: 1024px) 100vw, 1024px\" \/><\/figure>\n\n\n\n<h2 class=\"wp-block-heading\">Demain parle trop fort : ma contribution<\/h2>\n\n\n\n<p>J&rsquo;ai jou\u00e9 un r\u00f4le crucial dans la cr\u00e9ation de l&rsquo;univers sonore de <em>Demain parle trop fort<\/em>.<\/p>\n\n\n\n<p><\/p>\n\n\n\n<ul class=\"wp-block-list\">\n<li>Prise de voix en ext\u00e9rieur avec un Zoom H4n<\/li>\n\n\n\n<li>Enregistrement de bruitages<\/li>\n\n\n\n<li>\u00c9dition d&rsquo;une partie des fichiers enregistr\u00e9s<\/li>\n\n\n\n<li>Assistance \u00e0 la prise de son en studio<\/li>\n\n\n\n<li>Pose de voix pour l&rsquo;intro et l&rsquo;outro&nbsp;<\/li>\n<\/ul>\n\n\n\n<p>Sous la direction de <a href=\"http:\/\/compagnielela.fr\/\">Lelio Plotton<\/a>, j&rsquo;ai captur\u00e9 les voix des acteurs en ext\u00e9rieur et en studio. J\u2019ai enregistr\u00e9 divers bruitages pour cr\u00e9er une ambiance immersive et particip\u00e9 \u00e0 l&rsquo;\u00e9dition ainsi qu&rsquo;au montage de l&rsquo;ensemble des \u00e9l\u00e9ments sonores. J&rsquo;ai \u00e9galement pr\u00eat\u00e9 ma voix pour l&rsquo;<a href=\"https:\/\/ramaom.pro\/index.php\/autres-services\/\">intro et l&rsquo;outro<\/a> de la pi\u00e8ce.<\/p>\n\n\n\n<p><em>Ce projet m&rsquo;a permis de perfectionner mes comp\u00e9tences en prise de son, enregistrement, \u00e9dition et montage audio. Il m&rsquo;a aussi offert l&rsquo;occasion de d\u00e9velopper ma cr\u00e9ativit\u00e9 et ma capacit\u00e9 \u00e0 collaborer avec des artistes talentueux de divers horizons.<\/em><\/p>\n\n\n\n<p>Je vous invite \u00e0 vous rendre sur <a href=\"https:\/\/www.animamotrix.fr\/about-2\">Animamotrix<\/a> pour en savoir plus sur le projet <em>Demain parle trop fort<\/em>.<\/p>\n","protected":false},"excerpt":{"rendered":"<p>Demain parle trop fort Ce projet a \u00e9t\u00e9 r\u00e9alis\u00e9 dans le cadre d&rsquo;un atelier sonore [&hellip;]<\/p>\n","protected":false},"author":1,"featured_media":742,"parent":0,"menu_order":0,"comment_status":"closed","ping_status":"closed","template":"","meta":{"footnotes":""},"class_list":["post-881","page","type-page","status-publish","has-post-thumbnail","hentry"],"yoast_head":"<!-- This site is optimized with the Yoast SEO plugin v27.1.1 - https:\/\/yoast.com\/product\/yoast-seo-wordpress\/ -->\n<title>R\u00e9alisation de : Demain parle trop fort<\/title>\n<meta name=\"description\" content=\"Demain parle trop fort est une pi\u00e8ce radiophonique immersive o\u00f9 chaque auditeur devient un acteur de l&#039;histoire.\" \/>\n<meta name=\"robots\" content=\"index, follow, max-snippet:-1, max-image-preview:large, max-video-preview:-1\" \/>\n<link rel=\"canonical\" href=\"https:\/\/ramaom.pro\/index.php\/demain-parle-trop-fort-2\/\" \/>\n<meta property=\"og:locale\" content=\"fr_FR\" \/>\n<meta property=\"og:type\" content=\"article\" \/>\n<meta property=\"og:title\" content=\"R\u00e9alisation de : Demain parle trop fort\" \/>\n<meta property=\"og:description\" content=\"Demain parle trop fort est une pi\u00e8ce radiophonique immersive o\u00f9 chaque auditeur devient un acteur de l&#039;histoire.\" \/>\n<meta property=\"og:url\" content=\"https:\/\/ramaom.pro\/index.php\/demain-parle-trop-fort-2\/\" \/>\n<meta property=\"og:site_name\" content=\"Ramaom\" \/>\n<meta property=\"article:modified_time\" content=\"2024-08-17T17:52:52+00:00\" \/>\n<meta property=\"og:image\" content=\"https:\/\/ramaom.pro\/wp-content\/uploads\/2024\/07\/Demain-parle-trop-fort.jpg\" \/>\n\t<meta property=\"og:image:width\" content=\"1920\" \/>\n\t<meta property=\"og:image:height\" content=\"1080\" \/>\n\t<meta property=\"og:image:type\" content=\"image\/jpeg\" \/>\n<meta name=\"twitter:card\" content=\"summary_large_image\" \/>\n<meta name=\"twitter:site\" content=\"@Phitodouss\" \/>\n<meta name=\"twitter:label1\" content=\"Dur\u00e9e de lecture estim\u00e9e\" \/>\n\t<meta name=\"twitter:data1\" content=\"3 minutes\" \/>\n<script type=\"application\/ld+json\" class=\"yoast-schema-graph\">{\"@context\":\"https:\/\/schema.org\",\"@graph\":[{\"@type\":\"WebPage\",\"@id\":\"https:\/\/ramaom.pro\/index.php\/demain-parle-trop-fort-2\/\",\"url\":\"https:\/\/ramaom.pro\/index.php\/demain-parle-trop-fort-2\/\",\"name\":\"R\u00e9alisation de : Demain parle trop fort\",\"isPartOf\":{\"@id\":\"https:\/\/ramaom.pro\/#website\"},\"primaryImageOfPage\":{\"@id\":\"https:\/\/ramaom.pro\/index.php\/demain-parle-trop-fort-2\/#primaryimage\"},\"image\":{\"@id\":\"https:\/\/ramaom.pro\/index.php\/demain-parle-trop-fort-2\/#primaryimage\"},\"thumbnailUrl\":\"https:\/\/ramaom.pro\/wp-content\/uploads\/2024\/07\/Demain-parle-trop-fort.jpg\",\"datePublished\":\"2024-08-17T17:52:51+00:00\",\"dateModified\":\"2024-08-17T17:52:52+00:00\",\"description\":\"Demain parle trop fort est une pi\u00e8ce radiophonique immersive o\u00f9 chaque auditeur devient un acteur de l'histoire.\",\"breadcrumb\":{\"@id\":\"https:\/\/ramaom.pro\/index.php\/demain-parle-trop-fort-2\/#breadcrumb\"},\"inLanguage\":\"fr-FR\",\"potentialAction\":[{\"@type\":\"ReadAction\",\"target\":[\"https:\/\/ramaom.pro\/index.php\/demain-parle-trop-fort-2\/\"]}]},{\"@type\":\"ImageObject\",\"inLanguage\":\"fr-FR\",\"@id\":\"https:\/\/ramaom.pro\/index.php\/demain-parle-trop-fort-2\/#primaryimage\",\"url\":\"https:\/\/ramaom.pro\/wp-content\/uploads\/2024\/07\/Demain-parle-trop-fort.jpg\",\"contentUrl\":\"https:\/\/ramaom.pro\/wp-content\/uploads\/2024\/07\/Demain-parle-trop-fort.jpg\",\"width\":1920,\"height\":1080},{\"@type\":\"BreadcrumbList\",\"@id\":\"https:\/\/ramaom.pro\/index.php\/demain-parle-trop-fort-2\/#breadcrumb\",\"itemListElement\":[{\"@type\":\"ListItem\",\"position\":1,\"name\":\"Accueil\",\"item\":\"https:\/\/ramaom.pro\/\"},{\"@type\":\"ListItem\",\"position\":2,\"name\":\"2023\"}]},{\"@type\":\"WebSite\",\"@id\":\"https:\/\/ramaom.pro\/#website\",\"url\":\"https:\/\/ramaom.pro\/\",\"name\":\"Ramaom\",\"description\":\"R\u00e9alisateur Sonore\",\"publisher\":{\"@id\":\"https:\/\/ramaom.pro\/#\/schema\/person\/b2acf00453cedffd96335832dc72d187\"},\"potentialAction\":[{\"@type\":\"SearchAction\",\"target\":{\"@type\":\"EntryPoint\",\"urlTemplate\":\"https:\/\/ramaom.pro\/?s={search_term_string}\"},\"query-input\":{\"@type\":\"PropertyValueSpecification\",\"valueRequired\":true,\"valueName\":\"search_term_string\"}}],\"inLanguage\":\"fr-FR\"},{\"@type\":[\"Person\",\"Organization\"],\"@id\":\"https:\/\/ramaom.pro\/#\/schema\/person\/b2acf00453cedffd96335832dc72d187\",\"name\":\"Ramaom Oussou\",\"image\":{\"@type\":\"ImageObject\",\"inLanguage\":\"fr-FR\",\"@id\":\"https:\/\/ramaom.pro\/#\/schema\/person\/image\/\",\"url\":\"https:\/\/ramaom.pro\/wp-content\/uploads\/2023\/09\/cropped-Logro-Neutre-ramaom.pro_.png\",\"contentUrl\":\"https:\/\/ramaom.pro\/wp-content\/uploads\/2023\/09\/cropped-Logro-Neutre-ramaom.pro_.png\",\"width\":1080,\"height\":1080,\"caption\":\"Ramaom Oussou\"},\"logo\":{\"@id\":\"https:\/\/ramaom.pro\/#\/schema\/person\/image\/\"},\"sameAs\":[\"http:\/\/ramaom.pro\"]}]}<\/script>\n<!-- \/ Yoast SEO plugin. -->","yoast_head_json":{"title":"R\u00e9alisation de : Demain parle trop fort","description":"Demain parle trop fort est une pi\u00e8ce radiophonique immersive o\u00f9 chaque auditeur devient un acteur de l'histoire.","robots":{"index":"index","follow":"follow","max-snippet":"max-snippet:-1","max-image-preview":"max-image-preview:large","max-video-preview":"max-video-preview:-1"},"canonical":"https:\/\/ramaom.pro\/index.php\/demain-parle-trop-fort-2\/","og_locale":"fr_FR","og_type":"article","og_title":"R\u00e9alisation de : Demain parle trop fort","og_description":"Demain parle trop fort est une pi\u00e8ce radiophonique immersive o\u00f9 chaque auditeur devient un acteur de l'histoire.","og_url":"https:\/\/ramaom.pro\/index.php\/demain-parle-trop-fort-2\/","og_site_name":"Ramaom","article_modified_time":"2024-08-17T17:52:52+00:00","og_image":[{"width":1920,"height":1080,"url":"https:\/\/ramaom.pro\/wp-content\/uploads\/2024\/07\/Demain-parle-trop-fort.jpg","type":"image\/jpeg"}],"twitter_card":"summary_large_image","twitter_site":"@Phitodouss","twitter_misc":{"Dur\u00e9e de lecture estim\u00e9e":"3 minutes"},"schema":{"@context":"https:\/\/schema.org","@graph":[{"@type":"WebPage","@id":"https:\/\/ramaom.pro\/index.php\/demain-parle-trop-fort-2\/","url":"https:\/\/ramaom.pro\/index.php\/demain-parle-trop-fort-2\/","name":"R\u00e9alisation de : Demain parle trop fort","isPartOf":{"@id":"https:\/\/ramaom.pro\/#website"},"primaryImageOfPage":{"@id":"https:\/\/ramaom.pro\/index.php\/demain-parle-trop-fort-2\/#primaryimage"},"image":{"@id":"https:\/\/ramaom.pro\/index.php\/demain-parle-trop-fort-2\/#primaryimage"},"thumbnailUrl":"https:\/\/ramaom.pro\/wp-content\/uploads\/2024\/07\/Demain-parle-trop-fort.jpg","datePublished":"2024-08-17T17:52:51+00:00","dateModified":"2024-08-17T17:52:52+00:00","description":"Demain parle trop fort est une pi\u00e8ce radiophonique immersive o\u00f9 chaque auditeur devient un acteur de l'histoire.","breadcrumb":{"@id":"https:\/\/ramaom.pro\/index.php\/demain-parle-trop-fort-2\/#breadcrumb"},"inLanguage":"fr-FR","potentialAction":[{"@type":"ReadAction","target":["https:\/\/ramaom.pro\/index.php\/demain-parle-trop-fort-2\/"]}]},{"@type":"ImageObject","inLanguage":"fr-FR","@id":"https:\/\/ramaom.pro\/index.php\/demain-parle-trop-fort-2\/#primaryimage","url":"https:\/\/ramaom.pro\/wp-content\/uploads\/2024\/07\/Demain-parle-trop-fort.jpg","contentUrl":"https:\/\/ramaom.pro\/wp-content\/uploads\/2024\/07\/Demain-parle-trop-fort.jpg","width":1920,"height":1080},{"@type":"BreadcrumbList","@id":"https:\/\/ramaom.pro\/index.php\/demain-parle-trop-fort-2\/#breadcrumb","itemListElement":[{"@type":"ListItem","position":1,"name":"Accueil","item":"https:\/\/ramaom.pro\/"},{"@type":"ListItem","position":2,"name":"2023"}]},{"@type":"WebSite","@id":"https:\/\/ramaom.pro\/#website","url":"https:\/\/ramaom.pro\/","name":"Ramaom","description":"R\u00e9alisateur Sonore","publisher":{"@id":"https:\/\/ramaom.pro\/#\/schema\/person\/b2acf00453cedffd96335832dc72d187"},"potentialAction":[{"@type":"SearchAction","target":{"@type":"EntryPoint","urlTemplate":"https:\/\/ramaom.pro\/?s={search_term_string}"},"query-input":{"@type":"PropertyValueSpecification","valueRequired":true,"valueName":"search_term_string"}}],"inLanguage":"fr-FR"},{"@type":["Person","Organization"],"@id":"https:\/\/ramaom.pro\/#\/schema\/person\/b2acf00453cedffd96335832dc72d187","name":"Ramaom Oussou","image":{"@type":"ImageObject","inLanguage":"fr-FR","@id":"https:\/\/ramaom.pro\/#\/schema\/person\/image\/","url":"https:\/\/ramaom.pro\/wp-content\/uploads\/2023\/09\/cropped-Logro-Neutre-ramaom.pro_.png","contentUrl":"https:\/\/ramaom.pro\/wp-content\/uploads\/2023\/09\/cropped-Logro-Neutre-ramaom.pro_.png","width":1080,"height":1080,"caption":"Ramaom Oussou"},"logo":{"@id":"https:\/\/ramaom.pro\/#\/schema\/person\/image\/"},"sameAs":["http:\/\/ramaom.pro"]}]}},"_links":{"self":[{"href":"https:\/\/ramaom.pro\/index.php\/wp-json\/wp\/v2\/pages\/881","targetHints":{"allow":["GET"]}}],"collection":[{"href":"https:\/\/ramaom.pro\/index.php\/wp-json\/wp\/v2\/pages"}],"about":[{"href":"https:\/\/ramaom.pro\/index.php\/wp-json\/wp\/v2\/types\/page"}],"author":[{"embeddable":true,"href":"https:\/\/ramaom.pro\/index.php\/wp-json\/wp\/v2\/users\/1"}],"replies":[{"embeddable":true,"href":"https:\/\/ramaom.pro\/index.php\/wp-json\/wp\/v2\/comments?post=881"}],"version-history":[{"count":8,"href":"https:\/\/ramaom.pro\/index.php\/wp-json\/wp\/v2\/pages\/881\/revisions"}],"predecessor-version":[{"id":890,"href":"https:\/\/ramaom.pro\/index.php\/wp-json\/wp\/v2\/pages\/881\/revisions\/890"}],"wp:featuredmedia":[{"embeddable":true,"href":"https:\/\/ramaom.pro\/index.php\/wp-json\/wp\/v2\/media\/742"}],"wp:attachment":[{"href":"https:\/\/ramaom.pro\/index.php\/wp-json\/wp\/v2\/media?parent=881"}],"curies":[{"name":"wp","href":"https:\/\/api.w.org\/{rel}","templated":true}]}}