{"id":923,"date":"2024-08-18T18:28:59","date_gmt":"2024-08-18T17:28:59","guid":{"rendered":"https:\/\/ramaom.pro\/?page_id=923"},"modified":"2024-08-18T18:29:00","modified_gmt":"2024-08-18T17:29:00","slug":"clean-espace-service-2","status":"publish","type":"page","link":"https:\/\/ramaom.pro\/index.php\/clean-espace-service-2\/","title":{"rendered":"2020"},"content":{"rendered":"\n<h1 class=\"wp-block-heading\">Spot Clean espace Service<\/h1>\n\n\n\n<p>J&rsquo;ai contribu\u00e9 \u00e0 la cr\u00e9ation de l&rsquo;identit\u00e9 sonore d&rsquo;un spot publicitaire pour Clean Espace Service, une entreprise sp\u00e9cialis\u00e9e dans le nettoyage professionnel. En collaboration avec <strong>KLAXIK MAGIK KOULEUR<\/strong> pour le montage vid\u00e9o, j&rsquo;ai assum\u00e9 la responsabilit\u00e9 de l&rsquo;ensemble de l&rsquo;aspect audio du projet.<\/p>\n\n\n\n<h2 class=\"wp-block-heading\">Mon implication dans ce projet:<\/h2>\n\n\n\n<p>J&rsquo;ai revu le script dans le but d&rsquo;assurer une narration fluide et percutante. Ainsi, le message de <strong><a href=\"https:\/\/www.facebook.com\/cleanespaceservice\/?locale=fr_FR\">Clean Espace Service<\/a><\/strong> a \u00e9t\u00e9 transmis efficacement. J&rsquo;ai choisi la voix de <strong>Jos\u00e9e Esther Kokossou<\/strong>, car sa tonalit\u00e9 correspond parfaitement \u00e0 l&rsquo;image de marque. J&rsquo;ai supervis\u00e9 l&rsquo;enregistrement de la voix off, veillant \u00e0 ce que l&rsquo;interpr\u00e9tation soit \u00e0 la fois authentique et accrocheuse. Parall\u00e8lement, j&rsquo;ai enregistr\u00e9 les \u00e9l\u00e9ments sonores suppl\u00e9mentaires, tels que les bruits ambiants et les effets sonores, pour enrichir le spot. Ensuite, j&rsquo;ai proc\u00e9d\u00e9 \u00e0 un montage minutieux des \u00e9l\u00e9ments sonores, en \u00e9liminant les imperfections afin de garantir une clart\u00e9 et une coh\u00e9rence optimales. Apr\u00e8s quoi, j&rsquo;ai assembl\u00e9 la voix off, les bruits ambiants et les effets sonores pour cr\u00e9er une bande-son immersive. Enfin, KLAXIK MAGIK KOULEUR a int\u00e9gr\u00e9 cette bande-son dans la vid\u00e9o qu&rsquo;il a r\u00e9alis\u00e9e, dans le but d&rsquo;obtenir le produit final \u00e0 livrer au client.<\/p>\n\n\n\n<figure class=\"wp-block-video\"><video height=\"1080\" style=\"aspect-ratio: 1920 \/ 1080;\" width=\"1920\" controls src=\"https:\/\/ramaom.pro\/wp-content\/uploads\/2024\/08\/CLEAN-ESPACE-SERVICES-SPOT-PUBLICITAIRE-2020-BY-KMK.mp4\"><\/video><figcaption class=\"wp-element-caption\"><a href=\"https:\/\/fb.watch\/u1UYiWLELu\/\">https:\/\/fb.watch\/u1UYiWLELu\/<\/a><\/figcaption><\/figure>\n\n\n\n<h2 class=\"wp-block-heading\">R\u00e9sultat :<\/h2>\n\n\n\n<p>La combinaison de la voix distinctive de <em>Jos\u00e9e Esther Kokossou<\/em>, d&rsquo;une bande sonore riche et immersive, et de la collaboration \u00e9troite avec <a href=\"https:\/\/graphiste.com\/Klaxikmagikkouleur\"><em>KLAXIK MAGIK KOULEUR<\/em><\/a> a permis de cr\u00e9er un spot publicitaire professionnel pour Clean Espace Service. Mon engagement \u00e0 chaque \u00e9tape du processus a \u00e9t\u00e9 ax\u00e9 sur la garantie d&rsquo;une exp\u00e9rience audiovisuelle de haute qualit\u00e9 qui capte l&rsquo;attention du public cible et transmet efficacement le message de la marque.<\/p>\n\n\n\n<p><strong>Ce projet illustre mes comp\u00e9tences en mati\u00e8re de :<\/strong><\/p>\n\n\n\n<p><\/p>\n\n\n\n<ul class=\"wp-block-list\">\n<li>Correction de script<\/li>\n\n\n\n<li>S\u00e9lection de voix<\/li>\n\n\n\n<li>Direction d&rsquo;enregistrement<\/li>\n\n\n\n<li>Prise de son<\/li>\n\n\n\n<li>\u00c9dition audio<\/li>\n\n\n\n<li>Montage audio<\/li>\n\n\n\n<li>Collaboration<\/li>\n<\/ul>\n\n\n\n<p><em>Ce projet est un exemple concret de ma capacit\u00e9 \u00e0 cr\u00e9er une exp\u00e9rience sonore attrayante, efficace pour les publicit\u00e9s, et qui contribue au succ\u00e8s global d&rsquo;une campagne marketing.<\/em><\/p>\n","protected":false},"excerpt":{"rendered":"<p>Spot Clean espace Service J&rsquo;ai contribu\u00e9 \u00e0 la cr\u00e9ation de l&rsquo;identit\u00e9 sonore d&rsquo;un spot publicitaire [&hellip;]<\/p>\n","protected":false},"author":1,"featured_media":0,"parent":0,"menu_order":0,"comment_status":"closed","ping_status":"closed","template":"","meta":{"footnotes":""},"class_list":["post-923","page","type-page","status-publish","hentry"],"yoast_head":"<!-- This site is optimized with the Yoast SEO plugin v27.1.1 - https:\/\/yoast.com\/product\/yoast-seo-wordpress\/ -->\n<title>Clean espace Service : spot publicitaire<\/title>\n<meta name=\"description\" content=\"J&#039;ai contribu\u00e9 \u00e0 la cr\u00e9ation d&#039;un spot publicitaire pour Clean Espace Service, une entreprise sp\u00e9cialis\u00e9e dans le nettoyage professionnel.\" \/>\n<meta name=\"robots\" content=\"index, follow, max-snippet:-1, max-image-preview:large, max-video-preview:-1\" \/>\n<link rel=\"canonical\" href=\"https:\/\/ramaom.pro\/index.php\/clean-espace-service-2\/\" \/>\n<meta property=\"og:locale\" content=\"fr_FR\" \/>\n<meta property=\"og:type\" content=\"article\" \/>\n<meta property=\"og:title\" content=\"Clean espace Service : spot publicitaire\" \/>\n<meta property=\"og:description\" content=\"J&#039;ai contribu\u00e9 \u00e0 la cr\u00e9ation d&#039;un spot publicitaire pour Clean Espace Service, une entreprise sp\u00e9cialis\u00e9e dans le nettoyage professionnel.\" \/>\n<meta property=\"og:url\" content=\"https:\/\/ramaom.pro\/index.php\/clean-espace-service-2\/\" \/>\n<meta property=\"og:site_name\" content=\"Ramaom\" \/>\n<meta property=\"article:modified_time\" content=\"2024-08-18T17:29:00+00:00\" \/>\n<meta name=\"twitter:card\" content=\"summary_large_image\" \/>\n<meta name=\"twitter:site\" content=\"@Phitodouss\" \/>\n<meta name=\"twitter:label1\" content=\"Dur\u00e9e de lecture estim\u00e9e\" \/>\n\t<meta name=\"twitter:data1\" content=\"2 minutes\" \/>\n<script type=\"application\/ld+json\" class=\"yoast-schema-graph\">{\"@context\":\"https:\/\/schema.org\",\"@graph\":[{\"@type\":\"WebPage\",\"@id\":\"https:\/\/ramaom.pro\/index.php\/clean-espace-service-2\/\",\"url\":\"https:\/\/ramaom.pro\/index.php\/clean-espace-service-2\/\",\"name\":\"Clean espace Service : spot publicitaire\",\"isPartOf\":{\"@id\":\"https:\/\/ramaom.pro\/#website\"},\"datePublished\":\"2024-08-18T17:28:59+00:00\",\"dateModified\":\"2024-08-18T17:29:00+00:00\",\"description\":\"J'ai contribu\u00e9 \u00e0 la cr\u00e9ation d'un spot publicitaire pour Clean Espace Service, une entreprise sp\u00e9cialis\u00e9e dans le nettoyage professionnel.\",\"breadcrumb\":{\"@id\":\"https:\/\/ramaom.pro\/index.php\/clean-espace-service-2\/#breadcrumb\"},\"inLanguage\":\"fr-FR\",\"potentialAction\":[{\"@type\":\"ReadAction\",\"target\":[\"https:\/\/ramaom.pro\/index.php\/clean-espace-service-2\/\"]}]},{\"@type\":\"BreadcrumbList\",\"@id\":\"https:\/\/ramaom.pro\/index.php\/clean-espace-service-2\/#breadcrumb\",\"itemListElement\":[{\"@type\":\"ListItem\",\"position\":1,\"name\":\"Accueil\",\"item\":\"https:\/\/ramaom.pro\/\"},{\"@type\":\"ListItem\",\"position\":2,\"name\":\"2020\"}]},{\"@type\":\"WebSite\",\"@id\":\"https:\/\/ramaom.pro\/#website\",\"url\":\"https:\/\/ramaom.pro\/\",\"name\":\"Ramaom\",\"description\":\"R\u00e9alisateur Sonore\",\"publisher\":{\"@id\":\"https:\/\/ramaom.pro\/#\/schema\/person\/b2acf00453cedffd96335832dc72d187\"},\"potentialAction\":[{\"@type\":\"SearchAction\",\"target\":{\"@type\":\"EntryPoint\",\"urlTemplate\":\"https:\/\/ramaom.pro\/?s={search_term_string}\"},\"query-input\":{\"@type\":\"PropertyValueSpecification\",\"valueRequired\":true,\"valueName\":\"search_term_string\"}}],\"inLanguage\":\"fr-FR\"},{\"@type\":[\"Person\",\"Organization\"],\"@id\":\"https:\/\/ramaom.pro\/#\/schema\/person\/b2acf00453cedffd96335832dc72d187\",\"name\":\"Ramaom Oussou\",\"image\":{\"@type\":\"ImageObject\",\"inLanguage\":\"fr-FR\",\"@id\":\"https:\/\/ramaom.pro\/#\/schema\/person\/image\/\",\"url\":\"https:\/\/ramaom.pro\/wp-content\/uploads\/2023\/09\/cropped-Logro-Neutre-ramaom.pro_.png\",\"contentUrl\":\"https:\/\/ramaom.pro\/wp-content\/uploads\/2023\/09\/cropped-Logro-Neutre-ramaom.pro_.png\",\"width\":1080,\"height\":1080,\"caption\":\"Ramaom Oussou\"},\"logo\":{\"@id\":\"https:\/\/ramaom.pro\/#\/schema\/person\/image\/\"},\"sameAs\":[\"http:\/\/ramaom.pro\"]}]}<\/script>\n<!-- \/ Yoast SEO plugin. -->","yoast_head_json":{"title":"Clean espace Service : spot publicitaire","description":"J'ai contribu\u00e9 \u00e0 la cr\u00e9ation d'un spot publicitaire pour Clean Espace Service, une entreprise sp\u00e9cialis\u00e9e dans le nettoyage professionnel.","robots":{"index":"index","follow":"follow","max-snippet":"max-snippet:-1","max-image-preview":"max-image-preview:large","max-video-preview":"max-video-preview:-1"},"canonical":"https:\/\/ramaom.pro\/index.php\/clean-espace-service-2\/","og_locale":"fr_FR","og_type":"article","og_title":"Clean espace Service : spot publicitaire","og_description":"J'ai contribu\u00e9 \u00e0 la cr\u00e9ation d'un spot publicitaire pour Clean Espace Service, une entreprise sp\u00e9cialis\u00e9e dans le nettoyage professionnel.","og_url":"https:\/\/ramaom.pro\/index.php\/clean-espace-service-2\/","og_site_name":"Ramaom","article_modified_time":"2024-08-18T17:29:00+00:00","twitter_card":"summary_large_image","twitter_site":"@Phitodouss","twitter_misc":{"Dur\u00e9e de lecture estim\u00e9e":"2 minutes"},"schema":{"@context":"https:\/\/schema.org","@graph":[{"@type":"WebPage","@id":"https:\/\/ramaom.pro\/index.php\/clean-espace-service-2\/","url":"https:\/\/ramaom.pro\/index.php\/clean-espace-service-2\/","name":"Clean espace Service : spot publicitaire","isPartOf":{"@id":"https:\/\/ramaom.pro\/#website"},"datePublished":"2024-08-18T17:28:59+00:00","dateModified":"2024-08-18T17:29:00+00:00","description":"J'ai contribu\u00e9 \u00e0 la cr\u00e9ation d'un spot publicitaire pour Clean Espace Service, une entreprise sp\u00e9cialis\u00e9e dans le nettoyage professionnel.","breadcrumb":{"@id":"https:\/\/ramaom.pro\/index.php\/clean-espace-service-2\/#breadcrumb"},"inLanguage":"fr-FR","potentialAction":[{"@type":"ReadAction","target":["https:\/\/ramaom.pro\/index.php\/clean-espace-service-2\/"]}]},{"@type":"BreadcrumbList","@id":"https:\/\/ramaom.pro\/index.php\/clean-espace-service-2\/#breadcrumb","itemListElement":[{"@type":"ListItem","position":1,"name":"Accueil","item":"https:\/\/ramaom.pro\/"},{"@type":"ListItem","position":2,"name":"2020"}]},{"@type":"WebSite","@id":"https:\/\/ramaom.pro\/#website","url":"https:\/\/ramaom.pro\/","name":"Ramaom","description":"R\u00e9alisateur Sonore","publisher":{"@id":"https:\/\/ramaom.pro\/#\/schema\/person\/b2acf00453cedffd96335832dc72d187"},"potentialAction":[{"@type":"SearchAction","target":{"@type":"EntryPoint","urlTemplate":"https:\/\/ramaom.pro\/?s={search_term_string}"},"query-input":{"@type":"PropertyValueSpecification","valueRequired":true,"valueName":"search_term_string"}}],"inLanguage":"fr-FR"},{"@type":["Person","Organization"],"@id":"https:\/\/ramaom.pro\/#\/schema\/person\/b2acf00453cedffd96335832dc72d187","name":"Ramaom Oussou","image":{"@type":"ImageObject","inLanguage":"fr-FR","@id":"https:\/\/ramaom.pro\/#\/schema\/person\/image\/","url":"https:\/\/ramaom.pro\/wp-content\/uploads\/2023\/09\/cropped-Logro-Neutre-ramaom.pro_.png","contentUrl":"https:\/\/ramaom.pro\/wp-content\/uploads\/2023\/09\/cropped-Logro-Neutre-ramaom.pro_.png","width":1080,"height":1080,"caption":"Ramaom Oussou"},"logo":{"@id":"https:\/\/ramaom.pro\/#\/schema\/person\/image\/"},"sameAs":["http:\/\/ramaom.pro"]}]}},"_links":{"self":[{"href":"https:\/\/ramaom.pro\/index.php\/wp-json\/wp\/v2\/pages\/923","targetHints":{"allow":["GET"]}}],"collection":[{"href":"https:\/\/ramaom.pro\/index.php\/wp-json\/wp\/v2\/pages"}],"about":[{"href":"https:\/\/ramaom.pro\/index.php\/wp-json\/wp\/v2\/types\/page"}],"author":[{"embeddable":true,"href":"https:\/\/ramaom.pro\/index.php\/wp-json\/wp\/v2\/users\/1"}],"replies":[{"embeddable":true,"href":"https:\/\/ramaom.pro\/index.php\/wp-json\/wp\/v2\/comments?post=923"}],"version-history":[{"count":5,"href":"https:\/\/ramaom.pro\/index.php\/wp-json\/wp\/v2\/pages\/923\/revisions"}],"predecessor-version":[{"id":929,"href":"https:\/\/ramaom.pro\/index.php\/wp-json\/wp\/v2\/pages\/923\/revisions\/929"}],"wp:attachment":[{"href":"https:\/\/ramaom.pro\/index.php\/wp-json\/wp\/v2\/media?parent=923"}],"curies":[{"name":"wp","href":"https:\/\/api.w.org\/{rel}","templated":true}]}}