{"id":934,"date":"2024-08-18T19:01:33","date_gmt":"2024-08-18T18:01:33","guid":{"rendered":"https:\/\/ramaom.pro\/?page_id=934"},"modified":"2024-08-18T19:01:34","modified_gmt":"2024-08-18T18:01:34","slug":"tvs-motors","status":"publish","type":"page","link":"https:\/\/ramaom.pro\/index.php\/tvs-motors\/","title":{"rendered":"Spot publicitaire TVS Motors _ 2020"},"content":{"rendered":"\n<p><strong>Mission :<\/strong> Cr\u00e9er un spot publicitaire audio percutant pour TVS Motors afin de maximiser l&rsquo;impact de leur promotion aupr\u00e8s des \u00e9tudiants de l&rsquo;Universit\u00e9 d&rsquo;Abomey-Calavi.<\/p>\n\n\n\n<p><strong>D\u00e9fi :<\/strong> Respecter un d\u00e9lai tr\u00e8s court tout en garantissant une qualit\u00e9 audio exceptionnelle et un message clair et m\u00e9morable.<\/p>\n\n\n\n<h2 class=\"wp-block-heading\">R\u00e9alisation : spot publicitaire pour TVS Motors<\/h2>\n\n\n\n<p>J&rsquo;ai minutieusement s\u00e9lectionn\u00e9 et assembl\u00e9 les meilleurs \u00e9l\u00e9ments des rushes qui m\u2019ont \u00e9t\u00e9 fournis, notamment les s\u00e9quences enregistr\u00e9es par <strong>Alexandrine Logbo<\/strong>, ainsi que certains bruits de moteurs de <a href=\"https:\/\/www.facebook.com\/Tvsmotocotonou\/?locale=fr_FR\">motos de la marque TVS Motors<\/a>. J\u2019ai optimis\u00e9 la qualit\u00e9 sonore pour offrir une exp\u00e9rience d&rsquo;\u00e9coute immersive et ai proc\u00e9d\u00e9 \u00e0 la r\u00e9alisation. J&rsquo;ai \u00e9galement r\u00e9alis\u00e9 le mixage et le mastering final, garantissant une bonne balance sonore et une diffusion optimale sur tous les supports.<\/p>\n\n\n\n<figure class=\"wp-block-audio\"><audio controls src=\"https:\/\/ramaom.pro\/wp-content\/uploads\/2024\/08\/SPOT-TVS-MOTORS-modifie.mp3\"><\/audio><figcaption class=\"wp-element-caption\">R\u00e9alis\u00e9 en 2020<\/figcaption><\/figure>\n\n\n\n<h2 class=\"wp-block-heading\">R\u00e9sultat <\/h2>\n\n\n\n<p>Un <a href=\"https:\/\/ramaom.pro\/index.php\/mes-services\/realisation-de-spot-publicitaire\/\">spot publicitaire audio<\/a> dynamique et m\u00e9morable, diffus\u00e9 avec succ\u00e8s pendant la promotion \u00e0 l&rsquo;Universit\u00e9 d&rsquo;Abomey-Calavi. Gr\u00e2ce \u00e0 une production rapide et de qualit\u00e9, nous avons contribu\u00e9 \u00e0 :<\/p>\n\n\n\n<p><\/p>\n\n\n\n<ul class=\"wp-block-list\">\n<li><strong>Augmenter la notori\u00e9t\u00e9<\/strong> de TVM Motors aupr\u00e8s des \u00e9tudiants.<\/li>\n\n\n\n<li><strong>Cr\u00e9er un lien \u00e9motionnel<\/strong> avec la cible en utilisant une voix off captivante.<\/li>\n\n\n\n<li><strong>Mettre en valeur les offres promotionnelles<\/strong> de mani\u00e8re claire et concise.<\/li>\n<\/ul>\n\n\n\n<p><strong>Comp\u00e9tences cl\u00e9s :<\/strong><\/p>\n\n\n\n<p><\/p>\n\n\n\n<ul class=\"wp-block-list\">\n<li><strong>Ma\u00eetrise de la cha\u00eene de production audio<\/strong> : de l&rsquo;enregistrement \u00e0 la diffusion.<\/li>\n\n\n\n<li><strong>Gestion de projet<\/strong> : capacit\u00e9 \u00e0 travailler sous pression et \u00e0 respecter des d\u00e9lais serr\u00e9s.<\/li>\n\n\n\n<li><strong>Cr\u00e9ativit\u00e9<\/strong> : d\u00e9veloppement de concepts originaux et adapt\u00e9s \u00e0 la cible.<\/li>\n\n\n\n<li><strong>Collaboration<\/strong> : travail en \u00e9quipe avec des talents de la voix pour un r\u00e9sultat optimal.<\/li>\n<\/ul>\n\n\n\n<p><em>Ce projet t\u00e9moigne de ma capacit\u00e9 \u00e0 transformer une contrainte de temps en une opportunit\u00e9 de cr\u00e9er un contenu audio de haute qualit\u00e9, qui r\u00e9pond aux objectifs de communication du client et d\u00e9passe ses attentes.<\/em><\/p>\n","protected":false},"excerpt":{"rendered":"<p>Mission : Cr\u00e9er un spot publicitaire audio percutant pour TVS Motors afin de maximiser l&rsquo;impact [&hellip;]<\/p>\n","protected":false},"author":1,"featured_media":0,"parent":0,"menu_order":0,"comment_status":"closed","ping_status":"closed","template":"","meta":{"footnotes":""},"class_list":["post-934","page","type-page","status-publish","hentry"],"yoast_head":"<!-- This site is optimized with the Yoast SEO plugin v27.1.1 - https:\/\/yoast.com\/product\/yoast-seo-wordpress\/ -->\n<title>TVS Motors : spot publicitaire<\/title>\n<meta name=\"description\" content=\"Un spot publicitaire audio dynamique et m\u00e9morable, diffus\u00e9 avec succ\u00e8s pendant la promotion de TVS Motors \u00e0 l&#039;Universit\u00e9 d&#039;Abomey-Calavi.\" \/>\n<meta name=\"robots\" content=\"index, follow, max-snippet:-1, max-image-preview:large, max-video-preview:-1\" \/>\n<link rel=\"canonical\" href=\"https:\/\/ramaom.pro\/index.php\/tvs-motors\/\" \/>\n<meta property=\"og:locale\" content=\"fr_FR\" \/>\n<meta property=\"og:type\" content=\"article\" \/>\n<meta property=\"og:title\" content=\"TVS Motors : spot publicitaire\" \/>\n<meta property=\"og:description\" content=\"Un spot publicitaire audio dynamique et m\u00e9morable, diffus\u00e9 avec succ\u00e8s pendant la promotion de TVS Motors \u00e0 l&#039;Universit\u00e9 d&#039;Abomey-Calavi.\" \/>\n<meta property=\"og:url\" content=\"https:\/\/ramaom.pro\/index.php\/tvs-motors\/\" \/>\n<meta property=\"og:site_name\" content=\"Ramaom\" \/>\n<meta property=\"article:modified_time\" content=\"2024-08-18T18:01:34+00:00\" \/>\n<meta name=\"twitter:card\" content=\"summary_large_image\" \/>\n<meta name=\"twitter:site\" content=\"@Phitodouss\" \/>\n<meta name=\"twitter:label1\" content=\"Dur\u00e9e de lecture estim\u00e9e\" \/>\n\t<meta name=\"twitter:data1\" content=\"2 minutes\" \/>\n<script type=\"application\/ld+json\" class=\"yoast-schema-graph\">{\"@context\":\"https:\/\/schema.org\",\"@graph\":[{\"@type\":\"WebPage\",\"@id\":\"https:\/\/ramaom.pro\/index.php\/tvs-motors\/\",\"url\":\"https:\/\/ramaom.pro\/index.php\/tvs-motors\/\",\"name\":\"TVS Motors : spot publicitaire\",\"isPartOf\":{\"@id\":\"https:\/\/ramaom.pro\/#website\"},\"datePublished\":\"2024-08-18T18:01:33+00:00\",\"dateModified\":\"2024-08-18T18:01:34+00:00\",\"description\":\"Un spot publicitaire audio dynamique et m\u00e9morable, diffus\u00e9 avec succ\u00e8s pendant la promotion de TVS Motors \u00e0 l'Universit\u00e9 d'Abomey-Calavi.\",\"breadcrumb\":{\"@id\":\"https:\/\/ramaom.pro\/index.php\/tvs-motors\/#breadcrumb\"},\"inLanguage\":\"fr-FR\",\"potentialAction\":[{\"@type\":\"ReadAction\",\"target\":[\"https:\/\/ramaom.pro\/index.php\/tvs-motors\/\"]}]},{\"@type\":\"BreadcrumbList\",\"@id\":\"https:\/\/ramaom.pro\/index.php\/tvs-motors\/#breadcrumb\",\"itemListElement\":[{\"@type\":\"ListItem\",\"position\":1,\"name\":\"Accueil\",\"item\":\"https:\/\/ramaom.pro\/\"},{\"@type\":\"ListItem\",\"position\":2,\"name\":\"Spot publicitaire TVS Motors _ 2020\"}]},{\"@type\":\"WebSite\",\"@id\":\"https:\/\/ramaom.pro\/#website\",\"url\":\"https:\/\/ramaom.pro\/\",\"name\":\"Ramaom\",\"description\":\"R\u00e9alisateur Sonore\",\"publisher\":{\"@id\":\"https:\/\/ramaom.pro\/#\/schema\/person\/b2acf00453cedffd96335832dc72d187\"},\"potentialAction\":[{\"@type\":\"SearchAction\",\"target\":{\"@type\":\"EntryPoint\",\"urlTemplate\":\"https:\/\/ramaom.pro\/?s={search_term_string}\"},\"query-input\":{\"@type\":\"PropertyValueSpecification\",\"valueRequired\":true,\"valueName\":\"search_term_string\"}}],\"inLanguage\":\"fr-FR\"},{\"@type\":[\"Person\",\"Organization\"],\"@id\":\"https:\/\/ramaom.pro\/#\/schema\/person\/b2acf00453cedffd96335832dc72d187\",\"name\":\"Ramaom Oussou\",\"image\":{\"@type\":\"ImageObject\",\"inLanguage\":\"fr-FR\",\"@id\":\"https:\/\/ramaom.pro\/#\/schema\/person\/image\/\",\"url\":\"https:\/\/ramaom.pro\/wp-content\/uploads\/2023\/09\/cropped-Logro-Neutre-ramaom.pro_.png\",\"contentUrl\":\"https:\/\/ramaom.pro\/wp-content\/uploads\/2023\/09\/cropped-Logro-Neutre-ramaom.pro_.png\",\"width\":1080,\"height\":1080,\"caption\":\"Ramaom Oussou\"},\"logo\":{\"@id\":\"https:\/\/ramaom.pro\/#\/schema\/person\/image\/\"},\"sameAs\":[\"http:\/\/ramaom.pro\"]}]}<\/script>\n<!-- \/ Yoast SEO plugin. -->","yoast_head_json":{"title":"TVS Motors : spot publicitaire","description":"Un spot publicitaire audio dynamique et m\u00e9morable, diffus\u00e9 avec succ\u00e8s pendant la promotion de TVS Motors \u00e0 l'Universit\u00e9 d'Abomey-Calavi.","robots":{"index":"index","follow":"follow","max-snippet":"max-snippet:-1","max-image-preview":"max-image-preview:large","max-video-preview":"max-video-preview:-1"},"canonical":"https:\/\/ramaom.pro\/index.php\/tvs-motors\/","og_locale":"fr_FR","og_type":"article","og_title":"TVS Motors : spot publicitaire","og_description":"Un spot publicitaire audio dynamique et m\u00e9morable, diffus\u00e9 avec succ\u00e8s pendant la promotion de TVS Motors \u00e0 l'Universit\u00e9 d'Abomey-Calavi.","og_url":"https:\/\/ramaom.pro\/index.php\/tvs-motors\/","og_site_name":"Ramaom","article_modified_time":"2024-08-18T18:01:34+00:00","twitter_card":"summary_large_image","twitter_site":"@Phitodouss","twitter_misc":{"Dur\u00e9e de lecture estim\u00e9e":"2 minutes"},"schema":{"@context":"https:\/\/schema.org","@graph":[{"@type":"WebPage","@id":"https:\/\/ramaom.pro\/index.php\/tvs-motors\/","url":"https:\/\/ramaom.pro\/index.php\/tvs-motors\/","name":"TVS Motors : spot publicitaire","isPartOf":{"@id":"https:\/\/ramaom.pro\/#website"},"datePublished":"2024-08-18T18:01:33+00:00","dateModified":"2024-08-18T18:01:34+00:00","description":"Un spot publicitaire audio dynamique et m\u00e9morable, diffus\u00e9 avec succ\u00e8s pendant la promotion de TVS Motors \u00e0 l'Universit\u00e9 d'Abomey-Calavi.","breadcrumb":{"@id":"https:\/\/ramaom.pro\/index.php\/tvs-motors\/#breadcrumb"},"inLanguage":"fr-FR","potentialAction":[{"@type":"ReadAction","target":["https:\/\/ramaom.pro\/index.php\/tvs-motors\/"]}]},{"@type":"BreadcrumbList","@id":"https:\/\/ramaom.pro\/index.php\/tvs-motors\/#breadcrumb","itemListElement":[{"@type":"ListItem","position":1,"name":"Accueil","item":"https:\/\/ramaom.pro\/"},{"@type":"ListItem","position":2,"name":"Spot publicitaire TVS Motors _ 2020"}]},{"@type":"WebSite","@id":"https:\/\/ramaom.pro\/#website","url":"https:\/\/ramaom.pro\/","name":"Ramaom","description":"R\u00e9alisateur Sonore","publisher":{"@id":"https:\/\/ramaom.pro\/#\/schema\/person\/b2acf00453cedffd96335832dc72d187"},"potentialAction":[{"@type":"SearchAction","target":{"@type":"EntryPoint","urlTemplate":"https:\/\/ramaom.pro\/?s={search_term_string}"},"query-input":{"@type":"PropertyValueSpecification","valueRequired":true,"valueName":"search_term_string"}}],"inLanguage":"fr-FR"},{"@type":["Person","Organization"],"@id":"https:\/\/ramaom.pro\/#\/schema\/person\/b2acf00453cedffd96335832dc72d187","name":"Ramaom Oussou","image":{"@type":"ImageObject","inLanguage":"fr-FR","@id":"https:\/\/ramaom.pro\/#\/schema\/person\/image\/","url":"https:\/\/ramaom.pro\/wp-content\/uploads\/2023\/09\/cropped-Logro-Neutre-ramaom.pro_.png","contentUrl":"https:\/\/ramaom.pro\/wp-content\/uploads\/2023\/09\/cropped-Logro-Neutre-ramaom.pro_.png","width":1080,"height":1080,"caption":"Ramaom Oussou"},"logo":{"@id":"https:\/\/ramaom.pro\/#\/schema\/person\/image\/"},"sameAs":["http:\/\/ramaom.pro"]}]}},"_links":{"self":[{"href":"https:\/\/ramaom.pro\/index.php\/wp-json\/wp\/v2\/pages\/934","targetHints":{"allow":["GET"]}}],"collection":[{"href":"https:\/\/ramaom.pro\/index.php\/wp-json\/wp\/v2\/pages"}],"about":[{"href":"https:\/\/ramaom.pro\/index.php\/wp-json\/wp\/v2\/types\/page"}],"author":[{"embeddable":true,"href":"https:\/\/ramaom.pro\/index.php\/wp-json\/wp\/v2\/users\/1"}],"replies":[{"embeddable":true,"href":"https:\/\/ramaom.pro\/index.php\/wp-json\/wp\/v2\/comments?post=934"}],"version-history":[{"count":9,"href":"https:\/\/ramaom.pro\/index.php\/wp-json\/wp\/v2\/pages\/934\/revisions"}],"predecessor-version":[{"id":946,"href":"https:\/\/ramaom.pro\/index.php\/wp-json\/wp\/v2\/pages\/934\/revisions\/946"}],"wp:attachment":[{"href":"https:\/\/ramaom.pro\/index.php\/wp-json\/wp\/v2\/media?parent=934"}],"curies":[{"name":"wp","href":"https:\/\/api.w.org\/{rel}","templated":true}]}}