{"id":947,"date":"2024-08-18T19:40:33","date_gmt":"2024-08-18T18:40:33","guid":{"rendered":"https:\/\/ramaom.pro\/?page_id=947"},"modified":"2024-08-18T19:40:33","modified_gmt":"2024-08-18T18:40:33","slug":"hosanna-fm-2","status":"publish","type":"page","link":"https:\/\/ramaom.pro\/index.php\/hosanna-fm-2\/","title":{"rendered":"Hosanna FM"},"content":{"rendered":"\n<h1 class=\"wp-block-heading\">Capsule sonore pour Hosanna FM<\/h1>\n\n\n\n<p>Pour c\u00e9l\u00e9brer les 8 ans d&rsquo;existence de la radio Hosanna Fm, j&rsquo;ai eu l&rsquo;honneur de r\u00e9aliser une capsule sonore diffus\u00e9e \u00e0 plusieurs reprises tout au long de la journ\u00e9e festive. En collaboration avec <a href=\"https:\/\/bj.linkedin.com\/in\/c%C3%A9dric-joawo-bakpe-41448a209\">C\u00e9dric Bakpe<\/a> pour la voix off.<\/p>\n\n\n\n<h2 class=\"wp-block-heading\">Mission\u00a0: une capsule sonore pour les 8 ans de Hasanna FM<\/h2>\n\n\n\n<p>J&rsquo;\u00e9tais charg\u00e9 de cr\u00e9er une identit\u00e9 sonore pour cet anniversaire. Elle devrait refl\u00e9ter les valeurs et l&rsquo;esprit de la radio Hosanna FM. Pour ce faire, j&rsquo;ai s\u00e9lectionn\u00e9 des extraits musicaux embl\u00e9matiques parmi un large catalogue qui m\u2019avait \u00e9t\u00e9 fourni. Je tenais \u00e0 cr\u00e9er une bande-son \u00e0 la fois nostalgique et festive. De plus, j&rsquo;ai orient\u00e9 la voix off pour qu&rsquo;elle transmette les \u00e9motions et les messages cl\u00e9s de l&rsquo;anniversaire. Enfin, j&rsquo;ai ma\u00eetris\u00e9 l&rsquo;ensemble de la production en m&rsquo;occupant de l&rsquo;enregistrement, du montage, du <a href=\"https:\/\/ramaom.pro\/index.php\/mes-services\/mixage-et-mastering\/\">mixage et du mastering<\/a>.<\/p>\n\n\n\n<p><strong>Comp\u00e9tences mises en \u0153uvre :<\/strong><\/p>\n\n\n\n<p><\/p>\n\n\n\n<ul class=\"wp-block-list\">\n<li>S\u00e9lection musicale pointue et adapt\u00e9e \u00e0 l&rsquo;\u00e9v\u00e9nement.<\/li>\n\n\n\n<li>Direction artistique et orientation d&rsquo;un talent vocal.<\/li>\n\n\n\n<li>Techniques d&rsquo;enregistrement et de montage audio professionnelles.<\/li>\n\n\n\n<li>Respect des d\u00e9lais et des exigences du client.<\/li>\n<\/ul>\n\n\n\n<figure class=\"wp-block-audio\"><audio controls src=\"https:\/\/ramaom.pro\/wp-content\/uploads\/2024\/08\/MEDLEY-CELEBRATION-RADIO-HOSANNA.mp3\"><\/audio><figcaption class=\"wp-element-caption\">R\u00e9alis\u00e9 en 2021<\/figcaption><\/figure>\n\n\n\n<h2 class=\"wp-block-heading\">R\u00e9sultat:<\/h2>\n\n\n\n<p>Une capsule sonore immersive et m\u00e9morable qui a marqu\u00e9 l&rsquo;anniversaire de la <a href=\"https:\/\/www.cevaa.org\/actualites\/archives\/2014\/aout\/hosanna-fm-la-voix-de-lesperance\">radio Hosanna Fm<\/a> et laiss\u00e9 une impression durable aupr\u00e8s des auditeurs.<\/p>\n\n\n\n<p><em>Ce projet met en lumi\u00e8re ma capacit\u00e9 \u00e0 cr\u00e9er des capsules sonores de haute qualit\u00e9 pour des \u00e9v\u00e9nements sp\u00e9ciaux, en combinant une s\u00e9lection musicale judicieuse, une direction artistique pr\u00e9cise et des comp\u00e9tences techniques solides.<\/em><\/p>\n","protected":false},"excerpt":{"rendered":"<p>Capsule sonore pour Hosanna FM Pour c\u00e9l\u00e9brer les 8 ans d&rsquo;existence de la radio Hosanna [&hellip;]<\/p>\n","protected":false},"author":1,"featured_media":0,"parent":0,"menu_order":0,"comment_status":"closed","ping_status":"closed","template":"","meta":{"footnotes":""},"class_list":["post-947","page","type-page","status-publish","hentry"],"yoast_head":"<!-- This site is optimized with the Yoast SEO plugin v27.1.1 - https:\/\/yoast.com\/product\/yoast-seo-wordpress\/ -->\n<title>Hosanna FM : capsule sonore 8 ans d&#039;existence<\/title>\n<meta name=\"description\" content=\"Une capsule sonore immersive et m\u00e9morable qui a marqu\u00e9 la c\u00e9l\u00e9bration des 8e anniversaire de la radio Hosanna Fm.\" \/>\n<meta name=\"robots\" content=\"index, follow, max-snippet:-1, max-image-preview:large, max-video-preview:-1\" \/>\n<link rel=\"canonical\" href=\"https:\/\/ramaom.pro\/index.php\/hosanna-fm-2\/\" \/>\n<meta property=\"og:locale\" content=\"fr_FR\" \/>\n<meta property=\"og:type\" content=\"article\" \/>\n<meta property=\"og:title\" content=\"Hosanna FM : capsule sonore 8 ans d&#039;existence\" \/>\n<meta property=\"og:description\" content=\"Une capsule sonore immersive et m\u00e9morable qui a marqu\u00e9 la c\u00e9l\u00e9bration des 8e anniversaire de la radio Hosanna Fm.\" \/>\n<meta property=\"og:url\" content=\"https:\/\/ramaom.pro\/index.php\/hosanna-fm-2\/\" \/>\n<meta property=\"og:site_name\" content=\"Ramaom\" \/>\n<meta name=\"twitter:card\" content=\"summary_large_image\" \/>\n<meta name=\"twitter:site\" content=\"@Phitodouss\" \/>\n<meta name=\"twitter:label1\" content=\"Dur\u00e9e de lecture estim\u00e9e\" \/>\n\t<meta name=\"twitter:data1\" content=\"2 minutes\" \/>\n<script type=\"application\/ld+json\" class=\"yoast-schema-graph\">{\"@context\":\"https:\/\/schema.org\",\"@graph\":[{\"@type\":\"WebPage\",\"@id\":\"https:\/\/ramaom.pro\/index.php\/hosanna-fm-2\/\",\"url\":\"https:\/\/ramaom.pro\/index.php\/hosanna-fm-2\/\",\"name\":\"Hosanna FM : capsule sonore 8 ans d'existence\",\"isPartOf\":{\"@id\":\"https:\/\/ramaom.pro\/#website\"},\"datePublished\":\"2024-08-18T18:40:33+00:00\",\"description\":\"Une capsule sonore immersive et m\u00e9morable qui a marqu\u00e9 la c\u00e9l\u00e9bration des 8e anniversaire de la radio Hosanna Fm.\",\"breadcrumb\":{\"@id\":\"https:\/\/ramaom.pro\/index.php\/hosanna-fm-2\/#breadcrumb\"},\"inLanguage\":\"fr-FR\",\"potentialAction\":[{\"@type\":\"ReadAction\",\"target\":[\"https:\/\/ramaom.pro\/index.php\/hosanna-fm-2\/\"]}]},{\"@type\":\"BreadcrumbList\",\"@id\":\"https:\/\/ramaom.pro\/index.php\/hosanna-fm-2\/#breadcrumb\",\"itemListElement\":[{\"@type\":\"ListItem\",\"position\":1,\"name\":\"Accueil\",\"item\":\"https:\/\/ramaom.pro\/\"},{\"@type\":\"ListItem\",\"position\":2,\"name\":\"Hosanna FM\"}]},{\"@type\":\"WebSite\",\"@id\":\"https:\/\/ramaom.pro\/#website\",\"url\":\"https:\/\/ramaom.pro\/\",\"name\":\"Ramaom\",\"description\":\"R\u00e9alisateur Sonore\",\"publisher\":{\"@id\":\"https:\/\/ramaom.pro\/#\/schema\/person\/b2acf00453cedffd96335832dc72d187\"},\"potentialAction\":[{\"@type\":\"SearchAction\",\"target\":{\"@type\":\"EntryPoint\",\"urlTemplate\":\"https:\/\/ramaom.pro\/?s={search_term_string}\"},\"query-input\":{\"@type\":\"PropertyValueSpecification\",\"valueRequired\":true,\"valueName\":\"search_term_string\"}}],\"inLanguage\":\"fr-FR\"},{\"@type\":[\"Person\",\"Organization\"],\"@id\":\"https:\/\/ramaom.pro\/#\/schema\/person\/b2acf00453cedffd96335832dc72d187\",\"name\":\"Ramaom Oussou\",\"image\":{\"@type\":\"ImageObject\",\"inLanguage\":\"fr-FR\",\"@id\":\"https:\/\/ramaom.pro\/#\/schema\/person\/image\/\",\"url\":\"https:\/\/ramaom.pro\/wp-content\/uploads\/2023\/09\/cropped-Logro-Neutre-ramaom.pro_.png\",\"contentUrl\":\"https:\/\/ramaom.pro\/wp-content\/uploads\/2023\/09\/cropped-Logro-Neutre-ramaom.pro_.png\",\"width\":1080,\"height\":1080,\"caption\":\"Ramaom Oussou\"},\"logo\":{\"@id\":\"https:\/\/ramaom.pro\/#\/schema\/person\/image\/\"},\"sameAs\":[\"http:\/\/ramaom.pro\"]}]}<\/script>\n<!-- \/ Yoast SEO plugin. -->","yoast_head_json":{"title":"Hosanna FM : capsule sonore 8 ans d'existence","description":"Une capsule sonore immersive et m\u00e9morable qui a marqu\u00e9 la c\u00e9l\u00e9bration des 8e anniversaire de la radio Hosanna Fm.","robots":{"index":"index","follow":"follow","max-snippet":"max-snippet:-1","max-image-preview":"max-image-preview:large","max-video-preview":"max-video-preview:-1"},"canonical":"https:\/\/ramaom.pro\/index.php\/hosanna-fm-2\/","og_locale":"fr_FR","og_type":"article","og_title":"Hosanna FM : capsule sonore 8 ans d'existence","og_description":"Une capsule sonore immersive et m\u00e9morable qui a marqu\u00e9 la c\u00e9l\u00e9bration des 8e anniversaire de la radio Hosanna Fm.","og_url":"https:\/\/ramaom.pro\/index.php\/hosanna-fm-2\/","og_site_name":"Ramaom","twitter_card":"summary_large_image","twitter_site":"@Phitodouss","twitter_misc":{"Dur\u00e9e de lecture estim\u00e9e":"2 minutes"},"schema":{"@context":"https:\/\/schema.org","@graph":[{"@type":"WebPage","@id":"https:\/\/ramaom.pro\/index.php\/hosanna-fm-2\/","url":"https:\/\/ramaom.pro\/index.php\/hosanna-fm-2\/","name":"Hosanna FM : capsule sonore 8 ans d'existence","isPartOf":{"@id":"https:\/\/ramaom.pro\/#website"},"datePublished":"2024-08-18T18:40:33+00:00","description":"Une capsule sonore immersive et m\u00e9morable qui a marqu\u00e9 la c\u00e9l\u00e9bration des 8e anniversaire de la radio Hosanna Fm.","breadcrumb":{"@id":"https:\/\/ramaom.pro\/index.php\/hosanna-fm-2\/#breadcrumb"},"inLanguage":"fr-FR","potentialAction":[{"@type":"ReadAction","target":["https:\/\/ramaom.pro\/index.php\/hosanna-fm-2\/"]}]},{"@type":"BreadcrumbList","@id":"https:\/\/ramaom.pro\/index.php\/hosanna-fm-2\/#breadcrumb","itemListElement":[{"@type":"ListItem","position":1,"name":"Accueil","item":"https:\/\/ramaom.pro\/"},{"@type":"ListItem","position":2,"name":"Hosanna FM"}]},{"@type":"WebSite","@id":"https:\/\/ramaom.pro\/#website","url":"https:\/\/ramaom.pro\/","name":"Ramaom","description":"R\u00e9alisateur Sonore","publisher":{"@id":"https:\/\/ramaom.pro\/#\/schema\/person\/b2acf00453cedffd96335832dc72d187"},"potentialAction":[{"@type":"SearchAction","target":{"@type":"EntryPoint","urlTemplate":"https:\/\/ramaom.pro\/?s={search_term_string}"},"query-input":{"@type":"PropertyValueSpecification","valueRequired":true,"valueName":"search_term_string"}}],"inLanguage":"fr-FR"},{"@type":["Person","Organization"],"@id":"https:\/\/ramaom.pro\/#\/schema\/person\/b2acf00453cedffd96335832dc72d187","name":"Ramaom Oussou","image":{"@type":"ImageObject","inLanguage":"fr-FR","@id":"https:\/\/ramaom.pro\/#\/schema\/person\/image\/","url":"https:\/\/ramaom.pro\/wp-content\/uploads\/2023\/09\/cropped-Logro-Neutre-ramaom.pro_.png","contentUrl":"https:\/\/ramaom.pro\/wp-content\/uploads\/2023\/09\/cropped-Logro-Neutre-ramaom.pro_.png","width":1080,"height":1080,"caption":"Ramaom Oussou"},"logo":{"@id":"https:\/\/ramaom.pro\/#\/schema\/person\/image\/"},"sameAs":["http:\/\/ramaom.pro"]}]}},"_links":{"self":[{"href":"https:\/\/ramaom.pro\/index.php\/wp-json\/wp\/v2\/pages\/947","targetHints":{"allow":["GET"]}}],"collection":[{"href":"https:\/\/ramaom.pro\/index.php\/wp-json\/wp\/v2\/pages"}],"about":[{"href":"https:\/\/ramaom.pro\/index.php\/wp-json\/wp\/v2\/types\/page"}],"author":[{"embeddable":true,"href":"https:\/\/ramaom.pro\/index.php\/wp-json\/wp\/v2\/users\/1"}],"replies":[{"embeddable":true,"href":"https:\/\/ramaom.pro\/index.php\/wp-json\/wp\/v2\/comments?post=947"}],"version-history":[{"count":10,"href":"https:\/\/ramaom.pro\/index.php\/wp-json\/wp\/v2\/pages\/947\/revisions"}],"predecessor-version":[{"id":959,"href":"https:\/\/ramaom.pro\/index.php\/wp-json\/wp\/v2\/pages\/947\/revisions\/959"}],"wp:attachment":[{"href":"https:\/\/ramaom.pro\/index.php\/wp-json\/wp\/v2\/media?parent=947"}],"curies":[{"name":"wp","href":"https:\/\/api.w.org\/{rel}","templated":true}]}}